{"id":4767,"date":"2022-01-22T17:45:38","date_gmt":"2022-01-22T17:45:38","guid":{"rendered":"https:\/\/lianamoca.it\/?page_id=4767"},"modified":"2022-01-22T17:49:42","modified_gmt":"2022-01-22T17:49:42","slug":"funeral-laico","status":"publish","type":"page","link":"https:\/\/lianamoca.it\/index.php\/funeral-laico\/","title":{"rendered":"Funeral laico"},"content":{"rendered":"\t\t<div data-elementor-type=\"wp-post\" data-elementor-id=\"4767\" class=\"elementor elementor-4767\">\n\t\t\t\t\t\t<section class=\"elementor-section elementor-top-section elementor-element elementor-element-a0527ca elementor-section-full_width elementor-section-height-default elementor-section-height-default\" data-id=\"a0527ca\" data-element_type=\"section\">\n\t\t\t\t\t\t<div class=\"elementor-container elementor-column-gap-default\">\n\t\t\t\t\t<div class=\"elementor-column elementor-col-100 elementor-top-column elementor-element elementor-element-8defb1e\" data-id=\"8defb1e\" data-element_type=\"column\">\n\t\t\t<div class=\"elementor-widget-wrap elementor-element-populated\">\n\t\t\t\t\t\t<div class=\"elementor-element elementor-element-114a000 elementor-widget elementor-widget-vt-ceremony_section_title\" data-id=\"114a000\" data-element_type=\"widget\" data-widget_type=\"vt-ceremony_section_title.default\">\n\t\t\t\t<div class=\"elementor-widget-container\">\n\t\t\t<div class=\"section-title-wrap  crmny-sectTitleElementor \"><h2 class=\"section-title\">Funeral laico<\/h2><p>Siempre es dif\u00edcil saludar a alguien que se va. Y si esta persona expres\u00f3 su deseo de tener un funeral laico, todo es m\u00e1s complicado. Pero es justo respetar la voluntad de alguien que quer\u00eda ser saludado de esta manera y como celebrante los ayudar\u00e9 a respetar esta voluntad.<\/p><\/div>\t\t<\/div>\n\t\t\t\t<\/div>\n\t\t\t\t<div class=\"elementor-element elementor-element-d428336 elementor-widget elementor-widget-spacer\" data-id=\"d428336\" data-element_type=\"widget\" data-widget_type=\"spacer.default\">\n\t\t\t\t<div class=\"elementor-widget-container\">\n\t\t\t<style>\/*! elementor - v3.22.0 - 17-06-2024 *\/\n.elementor-column .elementor-spacer-inner{height:var(--spacer-size)}.e-con{--container-widget-width:100%}.e-con-inner>.elementor-widget-spacer,.e-con>.elementor-widget-spacer{width:var(--container-widget-width,var(--spacer-size));--align-self:var(--container-widget-align-self,initial);--flex-shrink:0}.e-con-inner>.elementor-widget-spacer>.elementor-widget-container,.e-con>.elementor-widget-spacer>.elementor-widget-container{height:100%;width:100%}.e-con-inner>.elementor-widget-spacer>.elementor-widget-container>.elementor-spacer,.e-con>.elementor-widget-spacer>.elementor-widget-container>.elementor-spacer{height:100%}.e-con-inner>.elementor-widget-spacer>.elementor-widget-container>.elementor-spacer>.elementor-spacer-inner,.e-con>.elementor-widget-spacer>.elementor-widget-container>.elementor-spacer>.elementor-spacer-inner{height:var(--container-widget-height,var(--spacer-size))}.e-con-inner>.elementor-widget-spacer.elementor-widget-empty,.e-con>.elementor-widget-spacer.elementor-widget-empty{position:relative;min-height:22px;min-width:22px}.e-con-inner>.elementor-widget-spacer.elementor-widget-empty .elementor-widget-empty-icon,.e-con>.elementor-widget-spacer.elementor-widget-empty .elementor-widget-empty-icon{position:absolute;top:0;bottom:0;left:0;right:0;margin:auto;padding:0;width:22px;height:22px}<\/style>\t\t<div class=\"elementor-spacer\">\n\t\t\t<div class=\"elementor-spacer-inner\"><\/div>\n\t\t<\/div>\n\t\t\t\t<\/div>\n\t\t\t\t<\/div>\n\t\t\t\t<div class=\"elementor-element elementor-element-b6bfacc elementor-widget elementor-widget-vt-ceremony_history\" data-id=\"b6bfacc\" data-element_type=\"widget\" data-widget_type=\"vt-ceremony_history.default\">\n\t\t\t\t<div class=\"elementor-widget-container\">\n\t\t\t<div class=\"crmny-history\">\r\n\t\t  <div class=\"container\">\r\n\t\t    <div class=\"row align-items-center\">\r\n\t\t      <div class=\"col-lg-4 textright history-left\">\r\n\t\t        <div class=\"history-item\">\r\n\t\t          <h4 class=\"history-title\">Para el difunto<\/h4><p>Si el difunto hab\u00eda expresado claramente el deseo de un funeral laico, es justo respetar su voluntad.<\/p>\r\n\t\t          \r\n\t\t        <\/div>\r\n\t\t      <\/div>\r\n\t\t      <div class=\"col-lg-4\">\r\n\t\t        <div class=\"history-item\">\r\n\t\t          <div class=\"crmny-image\"><img decoding=\"async\" src=\"https:\/\/lianamoca.it\/wp-content\/uploads\/2021\/12\/1021239-scaled-348x348.jpg\" alt=\"Para el difunto\"><\/div>\r\n\t\t        <\/div>\r\n\t\t      <\/div>\r\n\t\t      <div class=\"col-lg-4 history-right\">\r\n\t\t        <div class=\"history-item\">\r\n\t\t          <h4 class=\"history-title\">Para la familia y los amigos<\/h4><p>Se puede crear una ceremonia que puede implicar a todos los presentes, cualquiera que sea su visi\u00f3n filos\u00f3fica de la vida.<\/p>\r\n\t\t          \r\n\t\t        <\/div>\r\n\t\t      <\/div>\r\n\t\t    <\/div>\r\n\t\t  <\/div>\r\n\t\t<\/div>\t\t<\/div>\n\t\t\t\t<\/div>\n\t\t\t\t<div class=\"elementor-element elementor-element-63985ee elementor-widget elementor-widget-vt-ceremony_section_title\" data-id=\"63985ee\" data-element_type=\"widget\" data-widget_type=\"vt-ceremony_section_title.default\">\n\t\t\t\t<div class=\"elementor-widget-container\">\n\t\t\t<div class=\"section-title-wrap  crmny-sectTitleElementor \"><h2 class=\"section-title\">\u00bfQui\u00e9n se pone en contacto conmigo?<\/h2><p>Suele ser la familia del fallecido quien se pone en contacto conmigo y me pide que celebre el funeral.\nA veces es la funeraria la que me busca para que yo ayude en este delicado papel.\n<\/p><\/div>\t\t<\/div>\n\t\t\t\t<\/div>\n\t\t\t\t<div class=\"elementor-element elementor-element-8ef2404 elementor-widget elementor-widget-vt-ceremony_section_title\" data-id=\"8ef2404\" data-element_type=\"widget\" data-widget_type=\"vt-ceremony_section_title.default\">\n\t\t\t\t<div class=\"elementor-widget-container\">\n\t\t\t<div class=\"section-title-wrap  crmny-sectTitleElementor \"><div class=\"crmny-btn-wrap\"><a href=\"https:\/\/wa.me\/+393281227901\" target=\"_blank\" rel=\"nofollow\" class=\"crmny-btn\">Cont\u00e1ctame<\/a><\/div><\/div>\t\t<\/div>\n\t\t\t\t<\/div>\n\t\t\t\t<div class=\"elementor-element elementor-element-a1586aa elementor-widget elementor-widget-vt-ceremony_marriage_day\" data-id=\"a1586aa\" data-element_type=\"widget\" data-widget_type=\"vt-ceremony_marriage_day.default\">\n\t\t\t\t<div class=\"elementor-widget-container\">\n\t\t\t<div class=\"crmny-big-day\"><div class=\"container\">\r\n    <div class=\"marriage-day\">\r\n      <div class=\"marriage-day-title\">\r\n        <div class=\"row\"><\/div>\r\n      <\/div><div class=\"day-item\">\r\n        <div class=\"row\">\r\n          <div class=\"col-lg-6 col-md-6  textright\">\r\n            <div class=\"day-function\">\r\n              <h4 class=\"function-title\">El primer encuentro<\/h4>\r\n              \r\n            <\/div>\r\n          <\/div>\r\n          <div class=\"col-lg-6 col-md-6 \">\r\n            <div class=\"day-info\">\r\n              <div class=\"crmny-icon\"><img decoding=\"async\" src=\"https:\/\/lianamoca.it\/wp-content\/uploads\/2021\/11\/stretta-di-mano.png\" width=\"70\" alt=\"El primer encuentro\"><\/div><p>En Italia, el tiempo entre la muerte y el funeral suele ser muy corto. Esto hace que mi trabajo sea muy dif\u00edcil, ya que necesito reunirme con familiares y amigos para conocer al difunto<\/p>\r\n            <\/div>\r\n          <\/div>\r\n        <\/div>\r\n      <\/div><div class=\"day-item\">\r\n        <div class=\"row\">\r\n          <div class=\"col-lg-6 col-md-6  order-md-2\">\r\n            <div class=\"day-function\">\r\n              <h4 class=\"function-title\">La elecci\u00f3n del lugar<\/h4>\r\n              \r\n            <\/div>\r\n          <\/div>\r\n          <div class=\"col-lg-6 col-md-6  textright order-md-1\">\r\n            <div class=\"day-info\">\r\n              <div class=\"crmny-icon\"><img decoding=\"async\" src=\"https:\/\/lianamoca.it\/wp-content\/uploads\/2021\/12\/giardino.png\" width=\"70\" alt=\"La elecci\u00f3n del lugar\"><\/div><p>Un funeral laico puede tener lugar en cualquier parte, dentro o fuera. Pero es importante que el lugar sea digno y c\u00f3modo para los presentes.<\/p>\r\n            <\/div>\r\n          <\/div>\r\n        <\/div>\r\n      <\/div><div class=\"day-item\">\r\n        <div class=\"row\">\r\n          <div class=\"col-lg-6 col-md-6  textright\">\r\n            <div class=\"day-function\">\r\n              <h4 class=\"function-title\">\u00bfQui\u00e9n jugar\u00e1 un papel?<\/h4>\r\n              \r\n            <\/div>\r\n          <\/div>\r\n          <div class=\"col-lg-6 col-md-6 \">\r\n            <div class=\"day-info\">\r\n              <div class=\"crmny-icon\"><img decoding=\"async\" src=\"https:\/\/lianamoca.it\/wp-content\/uploads\/2021\/11\/persone.png\" width=\"70\" alt=\"\u00bfQui\u00e9n jugar\u00e1 un papel?\"><\/div><p>Adem\u00e1s del celebrante, tambi\u00e9n pueden hablar otras personas: la lectura de un poema o el relato de alguna an\u00e9cdota hacen que la ceremonia sea m\u00e1s \u00edntima.<\/p>\r\n            <\/div>\r\n          <\/div>\r\n        <\/div>\r\n      <\/div><div class=\"day-item\">\r\n        <div class=\"row\">\r\n          <div class=\"col-lg-6 col-md-6  order-md-2\">\r\n            <div class=\"day-function\">\r\n              <h4 class=\"function-title\">La redacci\u00f3n<\/h4>\r\n              \r\n            <\/div>\r\n          <\/div>\r\n          <div class=\"col-lg-6 col-md-6  textright order-md-1\">\r\n            <div class=\"day-info\">\r\n              <div class=\"crmny-icon\"><img decoding=\"async\" src=\"https:\/\/lianamoca.it\/wp-content\/uploads\/2021\/11\/documents.png\" width=\"70\" alt=\"La redacci\u00f3n\"><\/div><p>Cuando tenga todas las indicaciones, podr\u00e9 escribir un texto original y \u00fanico. Cada palabra ser\u00e1 concordada con vosotros, nada se dejar\u00e1 al azar. El texto debe ser respetuoso con los fallecidos y los presentes.<\/p>\r\n            <\/div>\r\n          <\/div>\r\n        <\/div>\r\n      <\/div><div class=\"day-item\">\r\n        <div class=\"row\">\r\n          <div class=\"col-lg-6 col-md-6  textright\">\r\n            <div class=\"day-function\">\r\n              <h4 class=\"function-title\">El momento de la ceremonia<\/h4>\r\n              \r\n            <\/div>\r\n          <\/div>\r\n          <div class=\"col-lg-6 col-md-6 \">\r\n            <div class=\"day-info\">\r\n              <div class=\"crmny-icon\"><img decoding=\"async\" src=\"https:\/\/lianamoca.it\/wp-content\/uploads\/2021\/11\/cuori.png\" width=\"70\" alt=\"El momento de la ceremonia\"><\/div><p>Como celebrante me asegurar\u00e9 de que la ceremonia sea respetuosa con todos los presentes y sea un momento coral para saludar dignamente al difunto.<\/p>\r\n            <\/div>\r\n          <\/div>\r\n        <\/div>\r\n      <\/div><\/div><\/div><\/div>\t\t<\/div>\n\t\t\t\t<\/div>\n\t\t\t\t<div class=\"elementor-element elementor-element-d0a4929 elementor-widget elementor-widget-vt-ceremony_section_title\" data-id=\"d0a4929\" data-element_type=\"widget\" data-widget_type=\"vt-ceremony_section_title.default\">\n\t\t\t\t<div class=\"elementor-widget-container\">\n\t\t\t<div class=\"section-title-wrap  crmny-sectTitleElementor \"><div class=\"crmny-btn-wrap\"><a href=\"https:\/\/lianamoca.it\/index.php\/2022\/01\/20\/rito-funerario\/\" target=\"_blank\" rel=\"nofollow\" class=\"crmny-btn\">M\u00e1s informaci\u00f3n<\/a><\/div><\/div>\t\t<\/div>\n\t\t\t\t<\/div>\n\t\t\t\t\t<\/div>\n\t\t<\/div>\n\t\t\t\t\t<\/div>\n\t\t<\/section>\n\t\t\t\t<\/div>\n\t\t","protected":false},"excerpt":{"rendered":"Funeral laico Siempre es dif\u00edcil saludar a alguien que se va. Y si esta persona expres\u00f3 su deseo de tener un funeral laico, todo es m\u00e1s complicado. Pero es justo respetar la voluntad de alguien que quer\u00eda ser saludado de esta manera y como celebrante los ayudar\u00e9 a respetar esta voluntad. Para el difunto Si&#8230;","protected":false},"author":3,"featured_media":0,"parent":0,"menu_order":0,"comment_status":"closed","ping_status":"closed","template":"","meta":{"om_disable_all_campaigns":false,"_monsterinsights_skip_tracking":false,"_monsterinsights_sitenote_active":false,"_monsterinsights_sitenote_note":"","_monsterinsights_sitenote_category":0,"h5ap_radio_sources":[],"footnotes":""},"class_list":["post-4767","page","type-page","status-publish","hentry"],"aioseo_notices":[],"_links":{"self":[{"href":"https:\/\/lianamoca.it\/index.php\/wp-json\/wp\/v2\/pages\/4767","targetHints":{"allow":["GET"]}}],"collection":[{"href":"https:\/\/lianamoca.it\/index.php\/wp-json\/wp\/v2\/pages"}],"about":[{"href":"https:\/\/lianamoca.it\/index.php\/wp-json\/wp\/v2\/types\/page"}],"author":[{"embeddable":true,"href":"https:\/\/lianamoca.it\/index.php\/wp-json\/wp\/v2\/users\/3"}],"replies":[{"embeddable":true,"href":"https:\/\/lianamoca.it\/index.php\/wp-json\/wp\/v2\/comments?post=4767"}],"version-history":[{"count":4,"href":"https:\/\/lianamoca.it\/index.php\/wp-json\/wp\/v2\/pages\/4767\/revisions"}],"predecessor-version":[{"id":4771,"href":"https:\/\/lianamoca.it\/index.php\/wp-json\/wp\/v2\/pages\/4767\/revisions\/4771"}],"wp:attachment":[{"href":"https:\/\/lianamoca.it\/index.php\/wp-json\/wp\/v2\/media?parent=4767"}],"curies":[{"name":"wp","href":"https:\/\/api.w.org\/{rel}","templated":true}]}}