{"id":4760,"date":"2022-01-22T17:38:21","date_gmt":"2022-01-22T17:38:21","guid":{"rendered":"https:\/\/lianamoca.it\/?page_id=4760"},"modified":"2022-01-22T17:44:11","modified_gmt":"2022-01-22T17:44:11","slug":"quien-soy","status":"publish","type":"page","link":"https:\/\/lianamoca.it\/index.php\/quien-soy\/","title":{"rendered":"Qui\u00e9n soy"},"content":{"rendered":"\t\t<div data-elementor-type=\"wp-post\" data-elementor-id=\"4760\" class=\"elementor elementor-4760\">\n\t\t\t\t\t\t<section class=\"elementor-section elementor-top-section elementor-element elementor-element-a0527ca elementor-section-full_width elementor-section-height-default elementor-section-height-default\" data-id=\"a0527ca\" data-element_type=\"section\">\n\t\t\t\t\t\t<div class=\"elementor-container elementor-column-gap-default\">\n\t\t\t\t\t<div class=\"elementor-column elementor-col-100 elementor-top-column elementor-element elementor-element-8defb1e\" data-id=\"8defb1e\" data-element_type=\"column\">\n\t\t\t<div class=\"elementor-widget-wrap elementor-element-populated\">\n\t\t\t\t\t\t<div class=\"elementor-element elementor-element-c2ded59 elementor-widget elementor-widget-vt-ceremony_history\" data-id=\"c2ded59\" data-element_type=\"widget\" data-widget_type=\"vt-ceremony_history.default\">\n\t\t\t\t<div class=\"elementor-widget-container\">\n\t\t\t<div class=\"crmny-history\">\r\n\t\t  <div class=\"container\">\r\n\t\t    <div class=\"row align-items-center\">\r\n\t\t      <div class=\"col-lg-4 textright history-left\">\r\n\t\t        <div class=\"history-item\">\r\n\t\t          \r\n\t\t          \r\n\t\t        <\/div>\r\n\t\t      <\/div>\r\n\t\t      <div class=\"col-lg-4\">\r\n\t\t        <div class=\"history-item\">\r\n\t\t          <div class=\"crmny-image\"><img decoding=\"async\" src=\"https:\/\/lianamoca.it\/wp-content\/uploads\/2022\/01\/WhatsApp-Image-2021-11-22-at-12.25.42_credits-348x348.jpg\" alt=\"\"><\/div>\r\n\t\t        <\/div>\r\n\t\t      <\/div>\r\n\t\t      <div class=\"col-lg-4 history-right\">\r\n\t\t        <div class=\"history-item\">\r\n\t\t          \r\n\t\t          \r\n\t\t        <\/div>\r\n\t\t      <\/div>\r\n\t\t    <\/div>\r\n\t\t  <\/div>\r\n\t\t<\/div>\t\t<\/div>\n\t\t\t\t<\/div>\n\t\t\t\t<div class=\"elementor-element elementor-element-114a000 elementor-widget elementor-widget-vt-ceremony_section_title\" data-id=\"114a000\" data-element_type=\"widget\" data-widget_type=\"vt-ceremony_section_title.default\">\n\t\t\t\t<div class=\"elementor-widget-container\">\n\t\t\t<div class=\"section-title-wrap  crmny-sectTitleElementor \"><h2 class=\"section-title\">Qui\u00e9n soy <\/h2><p>Soy una persona positiva con un fuerte deseo de conocer a los dem\u00e1s y sus historias. Siempre he tratado de entender las razones de las decisiones de las personas a las que me enfrento y la empat\u00eda me ha ayudado mucho en esto.\nSoy una parlanchina, lo s\u00e9, pero s\u00e9 que puedo escuchar a los dem\u00e1s y hacer las preguntas correctas para que todos puedan hablar de s\u00ed mismos.\nEstas son las caracter\u00edsticas que me han llevado de una manera muy natural a querer hacer este trabajo.\nPara m\u00ed celebrar una ceremonia es un momento importante para la vida de quien me ha llamado a desempe\u00f1ar este papel, pero tambi\u00e9n lo es para m\u00ed.\nTrato de entrar con extremo respeto en la vida de los dem\u00e1s, escuchar con atenci\u00f3n sus historias y me comprometo seriamente a encontrar las palabras adecuadas para utilizar durante la ceremonia. Nada debe dejarse al azar, porque no hay ensayo general. Esto significa prever cada eventualidad, imaginar lo que puede ocurrir o lo que puede ser necesario. Y es por eso que la profesionalidad es uno de los componentes importantes de este trabajo. \nColaboro con los profesionales que trabajan para la ceremonia. Con wedding planners, restaurantes, fot\u00f3grafos o m\u00fasicos cuando se trata de bodas o fiestas en general; con las funerarias cuando se trata de funerales. Estos son momentos importantes que los profesionales pueden hacer especiales y aliviar a los clientes de todos los pensamientos.<\/p><\/div>\t\t<\/div>\n\t\t\t\t<\/div>\n\t\t\t\t<div class=\"elementor-element elementor-element-705b265 elementor-widget elementor-widget-image\" data-id=\"705b265\" data-element_type=\"widget\" data-widget_type=\"image.default\">\n\t\t\t\t<div class=\"elementor-widget-container\">\n\t\t\t<style>\/*! elementor - v3.22.0 - 17-06-2024 *\/\n.elementor-widget-image{text-align:center}.elementor-widget-image a{display:inline-block}.elementor-widget-image a img[src$=\".svg\"]{width:48px}.elementor-widget-image img{vertical-align:middle;display:inline-block}<\/style>\t\t\t\t\t\t\t\t\t\t<img decoding=\"async\" src=\"https:\/\/lianamoca.it\/wp-content\/uploads\/elementor\/thumbs\/secondafotochisono-qf5pugl69izkmv9pthamv1trcab3scenbf13seh2n4.jpeg\" title=\"secondafotochisono\" alt=\"secondafotochisono\" loading=\"lazy\" \/>\t\t\t\t\t\t\t\t\t\t\t\t\t<\/div>\n\t\t\t\t<\/div>\n\t\t\t\t<div class=\"elementor-element elementor-element-cc96150 elementor-widget elementor-widget-vt-ceremony_section_title\" data-id=\"cc96150\" data-element_type=\"widget\" data-widget_type=\"vt-ceremony_section_title.default\">\n\t\t\t\t<div class=\"elementor-widget-container\">\n\t\t\t<div class=\"section-title-wrap  crmny-sectTitleElementor \"><p>\n<br><br>\n<b> MI HISTORIA COMO CELEBRANTE<\/b>\n<br><br>\nEmpec\u00e9 a interesarme en las ceremonias laicas cuando pens\u00e9 en lo que quer\u00eda para m\u00ed.\nNo pertenezco a ninguna religi\u00f3n, pero siempre he cre\u00eddo que los momentos de transici\u00f3n deben compartirse con las personas importantes de la propia vida.\nEsta fue la fuerza impulsora que me llev\u00f3 a participar en el curso de la UAAR con Richard Brown en 2014.\nA partir de ese momento, mi compromiso se ampli\u00f3 y empec\u00e9 a colaborar con la UAAR para el crecimiento del proyecto vinculado a las ceremonias laicas, que luego se transform\u00f3 en  <a href=\"https:\/\/www.cerimonieuniche.it\/\" target=\"_blank\">Cerimonieuniche<\/a>. Apoy\u00e9 a los docentes de este proyecto Richard Brown, Clarissa Botsford y Rosanna Lavagna; Segu\u00ed a los estudiantes con ellos, ayud\u00e1ndolos y apoy\u00e1ndolos en este trabajo a\u00fan poco conocido en Italia.\nA trav\u00e9s de esta discusi\u00f3n constante con mis colegas, sentimos la necesidad de crear una asociaci\u00f3n de celebrantes profesionales. Clarissa, Richard y yo fundamos  <a href=\"https:\/\/www.federcelebranti.com\" target=\"_blank\">Federcelebranti<\/a>, en marzo de 2021, que hoy re\u00fane a decenas de profesionales del sector.\nPero el mayor resultado obtenido fue la publicaci\u00f3n de la Pr\u00e1ctica de Referencia UNI \/ PdR 118: 2021 en septiembre de 2021, que regula el trabajo del celebrante. Este paso muy importante fue pensado sobre todo para las personas que se dirigen a los celebrantes en un momento fundamental de su vida y su derecho a encontrar un profesional certificado. Con Richard y Clarissa tuve el honor de sentarme en la mesa de UNI como experta y esta experiencia ha enriquecido mucho mi formaci\u00f3n personal. Adem\u00e1s, ha sido una gran satisfacci\u00f3n,  porque aunque este trabajo est\u00e1 muy extendido en Europa, hemos sido los primeros en regular esta actividad.\n<br><br>\n<b>\u00bfD\u00d3NDE TRABAJO COMO CELEBRANTE?<\/b>\n<br><br>\nTrabajo principalmente en Abruzzo, Molise, Umbr\u00eda, Marche y la provincia de Foggia. Pero no tengo ning\u00fan problema en trasladarme a otras partes de Italia.\n<br><br>\n<b> \u00bfEN QU\u00c9 IDIOMAS CELEBRO?<\/b>\n<br><br>\nCelebro en italiano, ingl\u00e9s, alem\u00e1n, franc\u00e9s y espa\u00f1ol.\n<br><br>\n<b>\u00bfY SI HAY INVITADOS QUE HABLAN DOS IDIOMAS DIFERENTES?<\/b>\n<br><br>\nNo hay problema: la ceremonia se puede hacer en dos idiomas. Podemos preparar el folleto biling\u00fce de boda, para que todos los invitados puedan seguir la ceremonia. No subestimes este detalle. Es muy importante que todos los invitados se sientan involucrados durante la ceremonia. Si est\u00e1n ah\u00ed es porque representan para ti una parte fundamental de tu vida y querr\u00e1n entender lo que sucede. As\u00ed que buscaremos la manera de que puedan seguir la ceremonia.\n<\/p><\/div>\t\t<\/div>\n\t\t\t\t<\/div>\n\t\t\t\t<div class=\"elementor-element elementor-element-d844930 elementor-widget elementor-widget-vt-ceremony_section_title\" data-id=\"d844930\" data-element_type=\"widget\" data-widget_type=\"vt-ceremony_section_title.default\">\n\t\t\t\t<div class=\"elementor-widget-container\">\n\t\t\t<div class=\"section-title-wrap  crmny-sectTitleElementor \"><div class=\"crmny-btn-wrap\"><a href=\"https:\/\/wa.me\/+393281227901\" target=\"_blank\" rel=\"nofollow\" class=\"crmny-btn\">Cont\u00e1ctame<\/a><\/div><\/div>\t\t<\/div>\n\t\t\t\t<\/div>\n\t\t\t\t\t<\/div>\n\t\t<\/div>\n\t\t\t\t\t<\/div>\n\t\t<\/section>\n\t\t\t\t<section class=\"elementor-section elementor-top-section elementor-element elementor-element-c8a977c elementor-section-stretched elementor-section-full_width elementor-section-height-default elementor-section-height-default\" data-id=\"c8a977c\" data-element_type=\"section\" data-settings=\"{&quot;stretch_section&quot;:&quot;section-stretched&quot;,&quot;background_background&quot;:&quot;classic&quot;}\">\n\t\t\t\t\t\t<div class=\"elementor-container elementor-column-gap-default\">\n\t\t\t\t\t<div class=\"elementor-column elementor-col-100 elementor-top-column elementor-element elementor-element-a0ca61e\" data-id=\"a0ca61e\" data-element_type=\"column\">\n\t\t\t<div class=\"elementor-widget-wrap elementor-element-populated\">\n\t\t\t\t\t\t<div class=\"elementor-element elementor-element-e2bd6f4 elementor-widget elementor-widget-vt-ceremony_section_title\" data-id=\"e2bd6f4\" data-element_type=\"widget\" data-widget_type=\"vt-ceremony_section_title.default\">\n\t\t\t\t<div class=\"elementor-widget-container\">\n\t\t\t<div class=\"section-title-wrap  crmny-sectTitleElementor \"><h2 class=\"section-title\">\u00bfQu\u00e9 hago? \u00bfQu\u00e9 no hago?<\/h2><p><b> \u00bfQu\u00e9 hago como celebrante? Una peque\u00f1a gu\u00eda para ayudaros a entender en qu\u00e9 consiste mi trabajo y qu\u00e9 servicios ofrezco.\n<br>\n<br>\n\n\u00bfQu\u00e9 hago?  <\/b><br>\nEscribo la ceremonia seg\u00fan las especificaciones del cliente. La personalizo, intento incluir todos los detalles y valores importantes de la manera m\u00e1s respetuosa para todos y luego lo celebro. \nOs ayudo a entender qu\u00e9 podeis incluir en la ceremonia y c\u00f3mo hacerla hermosa y compartible.\nOs ayudo a elegir las lecturas o la m\u00fasica que se incluir\u00e1 en la ceremonia.\nOs ayudo a encontrar los lugares donde podeis celebrar la boda de vuestros sue\u00f1os, ya sea civil o simb\u00f3lica. <br><br>\n\n\n\n<b>\n\u00bfQu\u00e9 no hago?  <br>\n\n<\/b>\n\n\nNo soy una planificadora de bodas ni un director de funeraria.\nNo preparo el espacio ni proporciono los materiales para la ceremonia.\nNo organizo el lugar de la ceremonia, no proporciono el material de adorno, ni el material para los ritos.\nSobre todo, no llevo la faja tricolor si se trata de una ceremonia simb\u00f3lica. El uso de la faja est\u00e1 regulado y s\u00f3lo puede utilizarse en caso de matrimonio o uni\u00f3n civil.\n\n<\/p><\/div>\t\t<\/div>\n\t\t\t\t<\/div>\n\t\t\t\t\t<\/div>\n\t\t<\/div>\n\t\t\t\t\t<\/div>\n\t\t<\/section>\n\t\t\t\t<\/div>\n\t\t","protected":false},"excerpt":{"rendered":"Qui\u00e9n soy Soy una persona positiva con un fuerte deseo de conocer a los dem\u00e1s y sus historias. Siempre he tratado de entender las razones de las decisiones de las personas a las que me enfrento y la empat\u00eda me ha ayudado mucho en esto. Soy una parlanchina, lo s\u00e9, pero s\u00e9 que puedo escuchar&#8230;","protected":false},"author":3,"featured_media":0,"parent":0,"menu_order":0,"comment_status":"closed","ping_status":"closed","template":"","meta":{"om_disable_all_campaigns":false,"_monsterinsights_skip_tracking":false,"_monsterinsights_sitenote_active":false,"_monsterinsights_sitenote_note":"","_monsterinsights_sitenote_category":0,"h5ap_radio_sources":[],"footnotes":""},"class_list":["post-4760","page","type-page","status-publish","hentry"],"aioseo_notices":[],"_links":{"self":[{"href":"https:\/\/lianamoca.it\/index.php\/wp-json\/wp\/v2\/pages\/4760","targetHints":{"allow":["GET"]}}],"collection":[{"href":"https:\/\/lianamoca.it\/index.php\/wp-json\/wp\/v2\/pages"}],"about":[{"href":"https:\/\/lianamoca.it\/index.php\/wp-json\/wp\/v2\/types\/page"}],"author":[{"embeddable":true,"href":"https:\/\/lianamoca.it\/index.php\/wp-json\/wp\/v2\/users\/3"}],"replies":[{"embeddable":true,"href":"https:\/\/lianamoca.it\/index.php\/wp-json\/wp\/v2\/comments?post=4760"}],"version-history":[{"count":4,"href":"https:\/\/lianamoca.it\/index.php\/wp-json\/wp\/v2\/pages\/4760\/revisions"}],"predecessor-version":[{"id":4764,"href":"https:\/\/lianamoca.it\/index.php\/wp-json\/wp\/v2\/pages\/4760\/revisions\/4764"}],"wp:attachment":[{"href":"https:\/\/lianamoca.it\/index.php\/wp-json\/wp\/v2\/media?parent=4760"}],"curies":[{"name":"wp","href":"https:\/\/api.w.org\/{rel}","templated":true}]}}