{"id":4739,"date":"2022-01-22T17:19:50","date_gmt":"2022-01-22T17:19:50","guid":{"rendered":"https:\/\/lianamoca.it\/?page_id=4739"},"modified":"2022-01-26T08:06:30","modified_gmt":"2022-01-26T08:06:30","slug":"contacto","status":"publish","type":"page","link":"https:\/\/lianamoca.it\/index.php\/contacto\/","title":{"rendered":"Contacto"},"content":{"rendered":"\t\t<div data-elementor-type=\"wp-post\" data-elementor-id=\"4739\" class=\"elementor elementor-4739\">\n\t\t\t\t\t\t<section class=\"elementor-section elementor-top-section elementor-element elementor-element-c2b8dca elementor-section-full_width elementor-section-height-default elementor-section-height-default\" data-id=\"c2b8dca\" data-element_type=\"section\">\n\t\t\t\t\t\t<div class=\"elementor-container elementor-column-gap-default\">\n\t\t\t\t\t<div class=\"elementor-column elementor-col-33 elementor-top-column elementor-element elementor-element-eb960cd\" data-id=\"eb960cd\" data-element_type=\"column\">\n\t\t\t<div class=\"elementor-widget-wrap elementor-element-populated\">\n\t\t\t\t\t\t<div class=\"elementor-element elementor-element-de7fdac elementor-widget elementor-widget-vt-ceremony_section_title\" data-id=\"de7fdac\" data-element_type=\"widget\" data-widget_type=\"vt-ceremony_section_title.default\">\n\t\t\t\t<div class=\"elementor-widget-container\">\n\t\t\t<div class=\"section-title-wrap section-left-align crmny-sectTitleElementor \"><h2 class=\"section-title\">ESTOY A TU DISPOSICI\u00d3N<\/h2><p>Tu direcci\u00f3n de correo electr\u00f3nico y tu n\u00famero de tel\u00e9fono NO se registrar\u00e1n en nuestras bases de datos, se ceder\u00e1n o se publicar\u00e1n. Todos los datos introducidos son \u00fatiles con el \u00fanico fin de ponerse en contacto contigo para responder a tus preguntas.\n<\/p><\/div>\t\t<\/div>\n\t\t\t\t<\/div>\n\t\t\t\t<div class=\"elementor-element elementor-element-01703e3 elementor-widget elementor-widget-vt-ceremony_address_info\" data-id=\"01703e3\" data-element_type=\"widget\" data-widget_type=\"vt-ceremony_address_info.default\">\n\t\t\t\t<div class=\"elementor-widget-container\">\n\t\t\t<div class=\"contact-address  contact-wrap\"><div class=\"contact-item\">\n      <div class=\"crmny-icon\"><img decoding=\"async\" src=\"https:\/\/lianamoca.it\/wp-content\/uploads\/2021\/10\/icon45@2x.png\" width=\"40\" alt=\"\u00bfD\u00d3NDE ESTOY?\"><\/div>\n      <div class=\"contact-info\">\n        <h4 class=\"contact-title\">\u00bfD\u00d3NDE ESTOY?<\/h4><p>67039 Sulmona (AQ)<\/p><\/div><\/div><\/div>\t\t<\/div>\n\t\t\t\t<\/div>\n\t\t\t\t<div class=\"elementor-element elementor-element-7843685 elementor-widget elementor-widget-vt-ceremony_address_info\" data-id=\"7843685\" data-element_type=\"widget\" data-widget_type=\"vt-ceremony_address_info.default\">\n\t\t\t\t<div class=\"elementor-widget-container\">\n\t\t\t<div class=\"contact-address  contact-wrap\"><div class=\"contact-item\">\n      <div class=\"crmny-icon\"><img decoding=\"async\" src=\"https:\/\/lianamoca.it\/wp-content\/uploads\/2021\/11\/documento.png\" width=\"40\" alt=\"ENV\u00cdAME UN CORREO\"><\/div>\n      <div class=\"contact-info\">\n        <h4 class=\"contact-title\">ENV\u00cdAME UN CORREO<\/h4><p><a href=\"mailto:info@lianamoca.it\" target=\"_blank\" rel=\"nofollow\">info@lianamoca.it<\/a><\/p><\/div><\/div><\/div>\t\t<\/div>\n\t\t\t\t<\/div>\n\t\t\t\t<div class=\"elementor-element elementor-element-ae0f1e5 elementor-widget elementor-widget-vt-ceremony_address_info\" data-id=\"ae0f1e5\" data-element_type=\"widget\" data-widget_type=\"vt-ceremony_address_info.default\">\n\t\t\t\t<div class=\"elementor-widget-container\">\n\t\t\t<div class=\"contact-address  contact-wrap\"><div class=\"contact-item\">\n      <div class=\"crmny-icon\"><img decoding=\"async\" src=\"https:\/\/lianamoca.it\/wp-content\/uploads\/2021\/10\/whatsapp.png\" width=\"40\" alt=\"CONT\u00c1CTAME EN WHATSAPP  \u30c4\"><\/div>\n      <div class=\"contact-info\">\n        <h4 class=\"contact-title\">CONT\u00c1CTAME EN WHATSAPP  \u30c4<\/h4><p><a href=\"https:\/\/wa.me\/+393281227901\" target=\"_blank\" rel=\"nofollow\">(+39) 328 122 7901<\/a><\/p><\/div><\/div><\/div>\t\t<\/div>\n\t\t\t\t<\/div>\n\t\t\t\t\t<\/div>\n\t\t<\/div>\n\t\t\t\t<div class=\"elementor-column elementor-col-66 elementor-top-column elementor-element elementor-element-7bcaec7\" data-id=\"7bcaec7\" data-element_type=\"column\">\n\t\t\t<div class=\"elementor-widget-wrap elementor-element-populated\">\n\t\t\t\t\t\t<div class=\"elementor-element elementor-element-2cb1672 elementor-widget elementor-widget-vt-ceremony_contact_form\" data-id=\"2cb1672\" data-element_type=\"widget\" data-widget_type=\"vt-ceremony_contact_form.default\">\n\t\t\t\t<div class=\"elementor-widget-container\">\n\t\t\t<div class=\"crmny-contact-form crmny-form crmny-formElementor\">\n<div class=\"wpcf7 no-js\" id=\"wpcf7-f199-o1\" lang=\"en-US\" dir=\"ltr\" data-wpcf7-id=\"199\">\n<div class=\"screen-reader-response\"><p role=\"status\" aria-live=\"polite\" aria-atomic=\"true\"><\/p> <ul><\/ul><\/div>\n<form action=\"\/index.php\/wp-json\/wp\/v2\/pages\/4739#wpcf7-f199-o1\" method=\"post\" class=\"wpcf7-form init\" aria-label=\"Contact form\" novalidate=\"novalidate\" data-status=\"init\">\n<fieldset class=\"hidden-fields-container\"><input type=\"hidden\" name=\"_wpcf7\" value=\"199\" \/><input type=\"hidden\" name=\"_wpcf7_version\" value=\"6.1.5\" \/><input type=\"hidden\" name=\"_wpcf7_locale\" value=\"en_US\" \/><input type=\"hidden\" name=\"_wpcf7_unit_tag\" value=\"wpcf7-f199-o1\" \/><input type=\"hidden\" name=\"_wpcf7_container_post\" value=\"0\" \/><input type=\"hidden\" name=\"_wpcf7_posted_data_hash\" value=\"\" \/>\n<\/fieldset>\n<div class=\"contact-form\">\n\t<div class=\"row\">\n\t\t<div class=\"col-md-6 namee\">\n\t\t\t<p><br \/>\n<label>NAME<\/label><br \/>\n<span class=\"wpcf7-form-control-wrap\" data-name=\"purchaser_name\"><input size=\"40\" maxlength=\"400\" class=\"wpcf7-form-control wpcf7-text wpcf7-validates-as-required\" aria-required=\"true\" aria-invalid=\"false\" value=\"\" type=\"text\" name=\"purchaser_name\" \/><\/span>\n\t\t\t<\/p>\n\t\t<\/div>\n\t\t<div class=\"col-md-6\">\n\t\t\t<p><br \/>\n<label>PHONE NO<\/label><br \/>\n<span class=\"wpcf7-form-control-wrap\" data-name=\"number-849\"><input class=\"wpcf7-form-control wpcf7-number wpcf7-validates-as-required wpcf7-validates-as-number\" aria-required=\"true\" aria-invalid=\"false\" value=\"\" type=\"number\" name=\"number-849\" \/><\/span>\n\t\t\t<\/p>\n\t\t<\/div>\n\t\t<div class=\"col-md-12\">\n\t\t\t<p><label>EMAIL<\/label><br \/>\n<span class=\"wpcf7-form-control-wrap\" data-name=\"purchaser_email\"><input size=\"40\" maxlength=\"400\" class=\"wpcf7-form-control wpcf7-email wpcf7-validates-as-required wpcf7-text wpcf7-validates-as-email\" aria-required=\"true\" aria-invalid=\"false\" value=\"\" type=\"email\" name=\"purchaser_email\" \/><\/span>\n\t\t\t<\/p>\n\t\t<\/div>\n\t\t<div class=\"col-md-12\">\n\t\t\t<p><br \/>\n<label>MESSAGE<\/label><br \/>\n<span class=\"wpcf7-form-control-wrap\" data-name=\"textarea-383\"><textarea cols=\"40\" rows=\"10\" maxlength=\"2000\" class=\"wpcf7-form-control wpcf7-textarea\" aria-invalid=\"false\" name=\"textarea-383\"><\/textarea><\/span>\n\t\t\t<\/p>\n\t\t<\/div>\n\t<\/div>\n\t<div class=\"button\">\n\t\t<p><input class=\"wpcf7-form-control wpcf7-submit has-spinner submit-one hover-one\" type=\"submit\" value=\"Send Now\" \/>\n\t\t<\/p>\n\t<\/div>\n<\/div><div class=\"wpcf7-response-output\" aria-hidden=\"true\"><\/div>\n<\/form>\n<\/div>\n<\/div>\t\t<\/div>\n\t\t\t\t<\/div>\n\t\t\t\t\t<\/div>\n\t\t<\/div>\n\t\t\t\t\t<\/div>\n\t\t<\/section>\n\t\t\t\t<\/div>\n\t\t","protected":false},"excerpt":{"rendered":"ESTOY A TU DISPOSICI\u00d3N Tu direcci\u00f3n de correo electr\u00f3nico y tu n\u00famero de tel\u00e9fono NO se registrar\u00e1n en nuestras bases de datos, se ceder\u00e1n o se publicar\u00e1n. Todos los datos introducidos son \u00fatiles con el \u00fanico fin de ponerse en contacto contigo para responder a tus preguntas. \u00bfD\u00d3NDE ESTOY? 67039 Sulmona (AQ) ENV\u00cdAME UN CORREO&#8230;","protected":false},"author":1,"featured_media":0,"parent":0,"menu_order":0,"comment_status":"closed","ping_status":"closed","template":"","meta":{"om_disable_all_campaigns":false,"_monsterinsights_skip_tracking":false,"_monsterinsights_sitenote_active":false,"_monsterinsights_sitenote_note":"","_monsterinsights_sitenote_category":0,"h5ap_radio_sources":[],"footnotes":""},"class_list":["post-4739","page","type-page","status-publish","hentry"],"aioseo_notices":[],"_links":{"self":[{"href":"https:\/\/lianamoca.it\/index.php\/wp-json\/wp\/v2\/pages\/4739","targetHints":{"allow":["GET"]}}],"collection":[{"href":"https:\/\/lianamoca.it\/index.php\/wp-json\/wp\/v2\/pages"}],"about":[{"href":"https:\/\/lianamoca.it\/index.php\/wp-json\/wp\/v2\/types\/page"}],"author":[{"embeddable":true,"href":"https:\/\/lianamoca.it\/index.php\/wp-json\/wp\/v2\/users\/1"}],"replies":[{"embeddable":true,"href":"https:\/\/lianamoca.it\/index.php\/wp-json\/wp\/v2\/comments?post=4739"}],"version-history":[{"count":4,"href":"https:\/\/lianamoca.it\/index.php\/wp-json\/wp\/v2\/pages\/4739\/revisions"}],"predecessor-version":[{"id":4935,"href":"https:\/\/lianamoca.it\/index.php\/wp-json\/wp\/v2\/pages\/4739\/revisions\/4935"}],"wp:attachment":[{"href":"https:\/\/lianamoca.it\/index.php\/wp-json\/wp\/v2\/media?parent=4739"}],"curies":[{"name":"wp","href":"https:\/\/api.w.org\/{rel}","templated":true}]}}