{"id":4704,"date":"2022-01-22T16:41:48","date_gmt":"2022-01-22T16:41:48","guid":{"rendered":"https:\/\/lianamoca.it\/?page_id=4704"},"modified":"2022-01-28T07:54:25","modified_gmt":"2022-01-28T07:54:25","slug":"ubersetzungen","status":"publish","type":"page","link":"https:\/\/lianamoca.it\/index.php\/ubersetzungen\/","title":{"rendered":"\u00dcbersetzungen"},"content":{"rendered":"\t\t<div data-elementor-type=\"wp-post\" data-elementor-id=\"4704\" class=\"elementor elementor-4704\">\n\t\t\t\t\t\t<section class=\"elementor-section elementor-top-section elementor-element elementor-element-a0527ca elementor-section-full_width elementor-section-height-default elementor-section-height-default\" data-id=\"a0527ca\" data-element_type=\"section\">\n\t\t\t\t\t\t<div class=\"elementor-container elementor-column-gap-default\">\n\t\t\t\t\t<div class=\"elementor-column elementor-col-100 elementor-top-column elementor-element elementor-element-8defb1e\" data-id=\"8defb1e\" data-element_type=\"column\">\n\t\t\t<div class=\"elementor-widget-wrap elementor-element-populated\">\n\t\t\t\t\t\t<div class=\"elementor-element elementor-element-114a000 elementor-widget elementor-widget-vt-ceremony_section_title\" data-id=\"114a000\" data-element_type=\"widget\" data-widget_type=\"vt-ceremony_section_title.default\">\n\t\t\t\t<div class=\"elementor-widget-container\">\n\t\t\t<div class=\"section-title-wrap  crmny-sectTitleElementor \"><h2 class=\"section-title\">\u00dcbersetzungen<\/h2><p>Ich habe Fremdsprachen und Fremdliteratur studiert und bin seit \u00fcber 20 Jahren vereidigte \u00dcbersetzerin. Ich arbeite mit Fahrzeugimporteuren, Kfz-Agenturen, Rechtsanw\u00e4lten und Notaren zusammen. <\/p><\/div>\t\t<\/div>\n\t\t\t\t<\/div>\n\t\t\t\t<div class=\"elementor-element elementor-element-14b8125 elementor-widget elementor-widget-vt-ceremony_history\" data-id=\"14b8125\" data-element_type=\"widget\" data-widget_type=\"vt-ceremony_history.default\">\n\t\t\t\t<div class=\"elementor-widget-container\">\n\t\t\t<div class=\"crmny-history\">\r\n\t\t  <div class=\"container\">\r\n\t\t    <div class=\"row align-items-center\">\r\n\t\t      <div class=\"col-lg-4 textright history-left\">\r\n\t\t        <div class=\"history-item\">\r\n\t\t          <h4 class=\"history-title\">Dokumentation von ausl\u00e4ndischen Autos<\/h4><p>Ich \u00fcbersetze alle Unterlagen von europ\u00e4ischen L\u00e4ndern, vor allem von deutschen Autos. Ich erledige meine Arbeit professionell und p\u00fcnktlich.<\/p>\r\n\t\t          \r\n\t\t        <\/div>\r\n\t\t      <\/div>\r\n\t\t      <div class=\"col-lg-4\">\r\n\t\t        <div class=\"history-item\">\r\n\t\t          <div class=\"crmny-image\"><img decoding=\"async\" src=\"https:\/\/lianamoca.it\/wp-content\/uploads\/2022\/01\/Attenzione_PrimaFoto-348x348.jpg\" alt=\"Dokumentation von ausl\u00e4ndischen Autos\"><\/div>\r\n\t\t        <\/div>\r\n\t\t      <\/div>\r\n\t\t      <div class=\"col-lg-4 history-right\">\r\n\t\t        <div class=\"history-item\">\r\n\t\t          <h4 class=\"history-title\">Beglaubigte \u00dcbersetzungen<\/h4><p>Ich biete Privatpersonen, Rechtsanw\u00e4lten und Notaren meine Arbeit als beeidigte \u00dcbersetzerin an. \nIch arbeite am Gericht von Sulmona, wo ich beglaubigte \u00dcbersetzungen anfertige.\n<\/p>\r\n\t\t          \r\n\t\t        <\/div>\r\n\t\t      <\/div>\r\n\t\t    <\/div>\r\n\t\t  <\/div>\r\n\t\t<\/div>\t\t<\/div>\n\t\t\t\t<\/div>\n\t\t\t\t<div class=\"elementor-element elementor-element-bb24628 elementor-widget elementor-widget-vt-ceremony_section_title\" data-id=\"bb24628\" data-element_type=\"widget\" data-widget_type=\"vt-ceremony_section_title.default\">\n\t\t\t\t<div class=\"elementor-widget-container\">\n\t\t\t<div class=\"section-title-wrap  crmny-sectTitleElementor \"><h2 class=\"section-title\">Lieferzeiten und Arbeitsweise<\/h2><\/div>\t\t<\/div>\n\t\t\t\t<\/div>\n\t\t\t\t<div class=\"elementor-element elementor-element-ddd6650 elementor-widget elementor-widget-vt-ceremony_history\" data-id=\"ddd6650\" data-element_type=\"widget\" data-widget_type=\"vt-ceremony_history.default\">\n\t\t\t\t<div class=\"elementor-widget-container\">\n\t\t\t<div class=\"crmny-history\">\r\n\t\t  <div class=\"container\">\r\n\t\t    <div class=\"row align-items-center\">\r\n\t\t      <div class=\"col-lg-4 textright history-left\">\r\n\t\t        <div class=\"history-item\">\r\n\t\t          <h4 class=\"history-title\">Originaldokumente<\/h4><p>Um die Dokumentation zu \u00fcbersetzen ben\u00f6tige ich die Originale oder hochwertige doppelseitige Kopien.<\/p>\r\n\t\t          \r\n\t\t        <\/div>\r\n\t\t      <\/div>\r\n\t\t      <div class=\"col-lg-4\">\r\n\t\t        <div class=\"history-item\">\r\n\t\t          <div class=\"crmny-image\"><img decoding=\"async\" src=\"https:\/\/lianamoca.it\/wp-content\/uploads\/2022\/01\/Attenzione_Secondafoto-348x348.jpg\" alt=\"Originaldokumente\"><\/div>\r\n\t\t        <\/div>\r\n\t\t      <\/div>\r\n\t\t      <div class=\"col-lg-4 history-right\">\r\n\t\t        <div class=\"history-item\">\r\n\t\t          \r\n\t\t          \r\n\t\t        <\/div>\r\n\t\t      <\/div>\r\n\t\t    <\/div>\r\n\t\t  <\/div>\r\n\t\t<\/div>\t\t<\/div>\n\t\t\t\t<\/div>\n\t\t\t\t<div class=\"elementor-element elementor-element-8bcd717 elementor-widget elementor-widget-vt-ceremony_history\" data-id=\"8bcd717\" data-element_type=\"widget\" data-widget_type=\"vt-ceremony_history.default\">\n\t\t\t\t<div class=\"elementor-widget-container\">\n\t\t\t<div class=\"crmny-history\">\r\n\t\t  <div class=\"container\">\r\n\t\t    <div class=\"row align-items-center\">\r\n\t\t      <div class=\"col-lg-4 textright history-left\">\r\n\t\t        <div class=\"history-item\">\r\n\t\t          \r\n\t\t          \r\n\t\t        <\/div>\r\n\t\t      <\/div>\r\n\t\t      <div class=\"col-lg-4\">\r\n\t\t        <div class=\"history-item\">\r\n\t\t          <div class=\"crmny-image\"><img decoding=\"async\" src=\"https:\/\/lianamoca.it\/wp-content\/uploads\/2022\/01\/Attenzione_terzafoto-e1641740639149-348x348.jpg\" alt=\"\"><\/div>\r\n\t\t        <\/div>\r\n\t\t      <\/div>\r\n\t\t      <div class=\"col-lg-4 history-right\">\r\n\t\t        <div class=\"history-item\">\r\n\t\t          <h4 class=\"history-title\">Die Sprachen<\/h4><p><b> Von\/Auf<\/b> <br>\n<i>Deutsch\/Italienisch - Italienisch\/Deutsch\nEnglisch\/Italienisch - Italienisch\/Englisch\nFranz\u00f6sisch\/Italienisch - Italienisch\/Franz\u00f6sisch\nSpanisch\/Italienisch - Italienisch\/Spanisch\n<\/i><\/p>\r\n\t\t          \r\n\t\t        <\/div>\r\n\t\t      <\/div>\r\n\t\t    <\/div>\r\n\t\t  <\/div>\r\n\t\t<\/div>\t\t<\/div>\n\t\t\t\t<\/div>\n\t\t\t\t<div class=\"elementor-element elementor-element-5c0ad43 elementor-widget elementor-widget-vt-ceremony_history\" data-id=\"5c0ad43\" data-element_type=\"widget\" data-widget_type=\"vt-ceremony_history.default\">\n\t\t\t\t<div class=\"elementor-widget-container\">\n\t\t\t<div class=\"crmny-history\">\r\n\t\t  <div class=\"container\">\r\n\t\t    <div class=\"row align-items-center\">\r\n\t\t      <div class=\"col-lg-4 textright history-left\">\r\n\t\t        <div class=\"history-item\">\r\n\t\t          <h4 class=\"history-title\">Die Zeiten<\/h4><p>Bei Dokumenten von ein bis drei Seiten kann ich Ihnen die beglaubigte Kopie innerhalb von drei bis vier Tagen zur\u00fcckgeben. Bei l\u00e4ngeren Dokumenten h\u00e4ngt es von der Schwierigkeit und Dringlichkeit ab.<\/p>\r\n\t\t          \r\n\t\t        <\/div>\r\n\t\t      <\/div>\r\n\t\t      <div class=\"col-lg-4\">\r\n\t\t        <div class=\"history-item\">\r\n\t\t          <div class=\"crmny-image\"><img decoding=\"async\" src=\"https:\/\/lianamoca.it\/wp-content\/uploads\/2022\/01\/Attenzionequartafoto-348x348.jpg\" alt=\"Die Zeiten\"><\/div>\r\n\t\t        <\/div>\r\n\t\t      <\/div>\r\n\t\t      <div class=\"col-lg-4 history-right\">\r\n\t\t        <div class=\"history-item\">\r\n\t\t          \r\n\t\t          \r\n\t\t        <\/div>\r\n\t\t      <\/div>\r\n\t\t    <\/div>\r\n\t\t  <\/div>\r\n\t\t<\/div>\t\t<\/div>\n\t\t\t\t<\/div>\n\t\t\t\t<div class=\"elementor-element elementor-element-14d1f5e elementor-widget elementor-widget-vt-ceremony_history\" data-id=\"14d1f5e\" data-element_type=\"widget\" data-widget_type=\"vt-ceremony_history.default\">\n\t\t\t\t<div class=\"elementor-widget-container\">\n\t\t\t<div class=\"crmny-history\">\r\n\t\t  <div class=\"container\">\r\n\t\t    <div class=\"row align-items-center\">\r\n\t\t      <div class=\"col-lg-4 textright history-left\">\r\n\t\t        <div class=\"history-item\">\r\n\t\t          \r\n\t\t          \r\n\t\t        <\/div>\r\n\t\t      <\/div>\r\n\t\t      <div class=\"col-lg-4\">\r\n\t\t        <div class=\"history-item\">\r\n\t\t          <div class=\"crmny-image\"><img decoding=\"async\" src=\"https:\/\/lianamoca.it\/wp-content\/uploads\/2022\/01\/Attenzionequintafoto-scaled-348x348.jpg\" alt=\"\"><\/div>\r\n\t\t        <\/div>\r\n\t\t      <\/div>\r\n\t\t      <div class=\"col-lg-4 history-right\">\r\n\t\t        <div class=\"history-item\">\r\n\t\t          <h4 class=\"history-title\">Kosten<\/h4><p>F\u00fcr einen Kostenvoranschlag muss ich die gesamte Dokumentation einsehen k\u00f6nnen. \nHinzu kommen die Steuerzeichen, ab einem Minimum von ca. 20 \u20ac pro Einzeldokument.\n<\/p>\r\n\t\t          <div class=\"crmny-btn-wrap\"><a href=\"https:\/\/lianamoca.it\/index.php\/kontakt\/\" target=\"_blank\" rel=\"nofollow\" class=\"crmny-btn crmny-green-border-btn\">Angebot anfordern<\/a><\/div>\r\n\t\t        <\/div>\r\n\t\t      <\/div>\r\n\t\t    <\/div>\r\n\t\t  <\/div>\r\n\t\t<\/div>\t\t<\/div>\n\t\t\t\t<\/div>\n\t\t\t\t<div class=\"elementor-element elementor-element-acbc15e elementor-widget elementor-widget-vt-ceremony_history\" data-id=\"acbc15e\" data-element_type=\"widget\" data-widget_type=\"vt-ceremony_history.default\">\n\t\t\t\t<div class=\"elementor-widget-container\">\n\t\t\t<div class=\"crmny-history\">\r\n\t\t  <div class=\"container\">\r\n\t\t    <div class=\"row align-items-center\">\r\n\t\t      <div class=\"col-lg-4 textright history-left\">\r\n\t\t        <div class=\"history-item\">\r\n\t\t          <h4 class=\"history-title\">Zusammenarbeit mit Muttersprachler<\/h4><p>Ich kann Sie mit Kollegen in Kontakt bringen, die \u00fcbersetzen: <br>\n- Russisch <br>\n- Albanisch <br>\n- Polnisch <br>\n- Rum\u00e4nisch <br>\n- Niederl\u00e4ndisch <br><\/p>\r\n\t\t          \r\n\t\t        <\/div>\r\n\t\t      <\/div>\r\n\t\t      <div class=\"col-lg-4\">\r\n\t\t        <div class=\"history-item\">\r\n\t\t          <div class=\"crmny-image\"><img decoding=\"async\" src=\"https:\/\/lianamoca.it\/wp-content\/uploads\/2022\/01\/Attenzionesestafoto-348x348.jpg\" alt=\"Zusammenarbeit mit Muttersprachler\"><\/div>\r\n\t\t        <\/div>\r\n\t\t      <\/div>\r\n\t\t      <div class=\"col-lg-4 history-right\">\r\n\t\t        <div class=\"history-item\">\r\n\t\t          \r\n\t\t          \r\n\t\t        <\/div>\r\n\t\t      <\/div>\r\n\t\t    <\/div>\r\n\t\t  <\/div>\r\n\t\t<\/div>\t\t<\/div>\n\t\t\t\t<\/div>\n\t\t\t\t<div class=\"elementor-element elementor-element-8ef2404 elementor-widget elementor-widget-vt-ceremony_section_title\" data-id=\"8ef2404\" data-element_type=\"widget\" data-widget_type=\"vt-ceremony_section_title.default\">\n\t\t\t\t<div class=\"elementor-widget-container\">\n\t\t\t<div class=\"section-title-wrap  crmny-sectTitleElementor \"><div class=\"crmny-btn-wrap\"><a href=\"https:\/\/wa.me\/+393281227901\" target=\"_blank\" rel=\"nofollow\" class=\"crmny-btn\">Kontakt<\/a><\/div><\/div>\t\t<\/div>\n\t\t\t\t<\/div>\n\t\t\t\t\t<\/div>\n\t\t<\/div>\n\t\t\t\t\t<\/div>\n\t\t<\/section>\n\t\t\t\t<\/div>\n\t\t","protected":false},"excerpt":{"rendered":"\u00dcbersetzungen Ich habe Fremdsprachen und Fremdliteratur studiert und bin seit \u00fcber 20 Jahren vereidigte \u00dcbersetzerin. Ich arbeite mit Fahrzeugimporteuren, Kfz-Agenturen, Rechtsanw\u00e4lten und Notaren zusammen. Dokumentation von ausl\u00e4ndischen Autos Ich \u00fcbersetze alle Unterlagen von europ\u00e4ischen L\u00e4ndern, vor allem von deutschen Autos. Ich erledige meine Arbeit professionell und p\u00fcnktlich. Beglaubigte \u00dcbersetzungen Ich biete Privatpersonen, Rechtsanw\u00e4lten und Notaren&#8230;","protected":false},"author":3,"featured_media":0,"parent":0,"menu_order":0,"comment_status":"closed","ping_status":"closed","template":"","meta":{"om_disable_all_campaigns":false,"_monsterinsights_skip_tracking":false,"_monsterinsights_sitenote_active":false,"_monsterinsights_sitenote_note":"","_monsterinsights_sitenote_category":0,"h5ap_radio_sources":[],"footnotes":""},"class_list":["post-4704","page","type-page","status-publish","hentry"],"aioseo_notices":[],"_links":{"self":[{"href":"https:\/\/lianamoca.it\/index.php\/wp-json\/wp\/v2\/pages\/4704","targetHints":{"allow":["GET"]}}],"collection":[{"href":"https:\/\/lianamoca.it\/index.php\/wp-json\/wp\/v2\/pages"}],"about":[{"href":"https:\/\/lianamoca.it\/index.php\/wp-json\/wp\/v2\/types\/page"}],"author":[{"embeddable":true,"href":"https:\/\/lianamoca.it\/index.php\/wp-json\/wp\/v2\/users\/3"}],"replies":[{"embeddable":true,"href":"https:\/\/lianamoca.it\/index.php\/wp-json\/wp\/v2\/comments?post=4704"}],"version-history":[{"count":10,"href":"https:\/\/lianamoca.it\/index.php\/wp-json\/wp\/v2\/pages\/4704\/revisions"}],"predecessor-version":[{"id":4975,"href":"https:\/\/lianamoca.it\/index.php\/wp-json\/wp\/v2\/pages\/4704\/revisions\/4975"}],"wp:attachment":[{"href":"https:\/\/lianamoca.it\/index.php\/wp-json\/wp\/v2\/media?parent=4704"}],"curies":[{"name":"wp","href":"https:\/\/api.w.org\/{rel}","templated":true}]}}