{"id":4699,"date":"2022-01-22T16:36:15","date_gmt":"2022-01-22T16:36:15","guid":{"rendered":"https:\/\/lianamoca.it\/?page_id=4699"},"modified":"2022-01-28T15:49:02","modified_gmt":"2022-01-28T15:49:02","slug":"die-sakulare-beerdigung","status":"publish","type":"page","link":"https:\/\/lianamoca.it\/index.php\/die-sakulare-beerdigung\/","title":{"rendered":"Die s\u00e4kulare Beerdigung"},"content":{"rendered":"\t\t<div data-elementor-type=\"wp-post\" data-elementor-id=\"4699\" class=\"elementor elementor-4699\">\n\t\t\t\t\t\t<section class=\"elementor-section elementor-top-section elementor-element elementor-element-a0527ca elementor-section-full_width elementor-section-height-default elementor-section-height-default\" data-id=\"a0527ca\" data-element_type=\"section\">\n\t\t\t\t\t\t<div class=\"elementor-container elementor-column-gap-default\">\n\t\t\t\t\t<div class=\"elementor-column elementor-col-100 elementor-top-column elementor-element elementor-element-8defb1e\" data-id=\"8defb1e\" data-element_type=\"column\">\n\t\t\t<div class=\"elementor-widget-wrap elementor-element-populated\">\n\t\t\t\t\t\t<div class=\"elementor-element elementor-element-114a000 elementor-widget elementor-widget-vt-ceremony_section_title\" data-id=\"114a000\" data-element_type=\"widget\" data-widget_type=\"vt-ceremony_section_title.default\">\n\t\t\t\t<div class=\"elementor-widget-container\">\n\t\t\t<div class=\"section-title-wrap  crmny-sectTitleElementor \"><h2 class=\"section-title\">Die s\u00e4kulare Beerdigung<\/h2><p>Es ist immer schwer, sich von jemandem zu verabschieden. Und wenn diese Person den Wunsch nach einer weltlichen Beerdigung ge\u00e4u\u00dfert h\u00e4tte, ist alles komplizierter. Aber es ist richtig, die W\u00fcnsche der Person zu respektieren, die auf diese Weise begr\u00fc\u00dft werden wollte, und als Zelebrantin werde ich Ihnen helfen, diese W\u00fcnsche zu respektieren.<\/p><\/div>\t\t<\/div>\n\t\t\t\t<\/div>\n\t\t\t\t<div class=\"elementor-element elementor-element-d428336 elementor-widget elementor-widget-spacer\" data-id=\"d428336\" data-element_type=\"widget\" data-widget_type=\"spacer.default\">\n\t\t\t\t<div class=\"elementor-widget-container\">\n\t\t\t<style>\/*! elementor - v3.22.0 - 17-06-2024 *\/\n.elementor-column .elementor-spacer-inner{height:var(--spacer-size)}.e-con{--container-widget-width:100%}.e-con-inner>.elementor-widget-spacer,.e-con>.elementor-widget-spacer{width:var(--container-widget-width,var(--spacer-size));--align-self:var(--container-widget-align-self,initial);--flex-shrink:0}.e-con-inner>.elementor-widget-spacer>.elementor-widget-container,.e-con>.elementor-widget-spacer>.elementor-widget-container{height:100%;width:100%}.e-con-inner>.elementor-widget-spacer>.elementor-widget-container>.elementor-spacer,.e-con>.elementor-widget-spacer>.elementor-widget-container>.elementor-spacer{height:100%}.e-con-inner>.elementor-widget-spacer>.elementor-widget-container>.elementor-spacer>.elementor-spacer-inner,.e-con>.elementor-widget-spacer>.elementor-widget-container>.elementor-spacer>.elementor-spacer-inner{height:var(--container-widget-height,var(--spacer-size))}.e-con-inner>.elementor-widget-spacer.elementor-widget-empty,.e-con>.elementor-widget-spacer.elementor-widget-empty{position:relative;min-height:22px;min-width:22px}.e-con-inner>.elementor-widget-spacer.elementor-widget-empty .elementor-widget-empty-icon,.e-con>.elementor-widget-spacer.elementor-widget-empty .elementor-widget-empty-icon{position:absolute;top:0;bottom:0;left:0;right:0;margin:auto;padding:0;width:22px;height:22px}<\/style>\t\t<div class=\"elementor-spacer\">\n\t\t\t<div class=\"elementor-spacer-inner\"><\/div>\n\t\t<\/div>\n\t\t\t\t<\/div>\n\t\t\t\t<\/div>\n\t\t\t\t<div class=\"elementor-element elementor-element-b6bfacc elementor-widget elementor-widget-vt-ceremony_history\" data-id=\"b6bfacc\" data-element_type=\"widget\" data-widget_type=\"vt-ceremony_history.default\">\n\t\t\t\t<div class=\"elementor-widget-container\">\n\t\t\t<div class=\"crmny-history\">\r\n\t\t  <div class=\"container\">\r\n\t\t    <div class=\"row align-items-center\">\r\n\t\t      <div class=\"col-lg-4 textright history-left\">\r\n\t\t        <div class=\"history-item\">\r\n\t\t          <h4 class=\"history-title\">F\u00fcr die Verstorbenen<\/h4><p>Wenn der\/die Verstorbene eindeutig den Wunsch nach einer weltlichen Beerdigung ge\u00e4u\u00dfert hat, ist es richtig, seinen Wunsch zu respektieren.<\/p>\r\n\t\t          \r\n\t\t        <\/div>\r\n\t\t      <\/div>\r\n\t\t      <div class=\"col-lg-4\">\r\n\t\t        <div class=\"history-item\">\r\n\t\t          <div class=\"crmny-image\"><img decoding=\"async\" src=\"https:\/\/lianamoca.it\/wp-content\/uploads\/2021\/12\/1021239-scaled-348x348.jpg\" alt=\"F\u00fcr die Verstorbenen\"><\/div>\r\n\t\t        <\/div>\r\n\t\t      <\/div>\r\n\t\t      <div class=\"col-lg-4 history-right\">\r\n\t\t        <div class=\"history-item\">\r\n\t\t          <h4 class=\"history-title\">F\u00fcr Familie und Freunde<\/h4><p>Sie k\u00f6nnen eine Zeremonie gestalten, an der alle Anwesenden teilnehmen k\u00f6nnen, unabh\u00e4ngig von ihrer philosophischen Einstellung zum Leben.<\/p>\r\n\t\t          \r\n\t\t        <\/div>\r\n\t\t      <\/div>\r\n\t\t    <\/div>\r\n\t\t  <\/div>\r\n\t\t<\/div>\t\t<\/div>\n\t\t\t\t<\/div>\n\t\t\t\t<div class=\"elementor-element elementor-element-63985ee elementor-widget elementor-widget-vt-ceremony_section_title\" data-id=\"63985ee\" data-element_type=\"widget\" data-widget_type=\"vt-ceremony_section_title.default\">\n\t\t\t\t<div class=\"elementor-widget-container\">\n\t\t\t<div class=\"section-title-wrap  crmny-sectTitleElementor \"><h2 class=\"section-title\">Wer meldet sich bei mir?<\/h2><p>Normalerweise kontaktiert die Familie des Toten mich und bittet mich, die Beerdigung durchzuf\u00fchren \nManchmal sucht das Bestattungsunternehmen nach mir, um mir bei dieser heiklen Aufgabe zu helfen.<\/p><\/div>\t\t<\/div>\n\t\t\t\t<\/div>\n\t\t\t\t<div class=\"elementor-element elementor-element-8ef2404 elementor-widget elementor-widget-vt-ceremony_section_title\" data-id=\"8ef2404\" data-element_type=\"widget\" data-widget_type=\"vt-ceremony_section_title.default\">\n\t\t\t\t<div class=\"elementor-widget-container\">\n\t\t\t<div class=\"section-title-wrap  crmny-sectTitleElementor \"><div class=\"crmny-btn-wrap\"><a href=\"https:\/\/wa.me\/+393281227901\" target=\"_blank\" rel=\"nofollow\" class=\"crmny-btn\">Kontakt<\/a><\/div><\/div>\t\t<\/div>\n\t\t\t\t<\/div>\n\t\t\t\t<div class=\"elementor-element elementor-element-a1586aa elementor-widget elementor-widget-vt-ceremony_marriage_day\" data-id=\"a1586aa\" data-element_type=\"widget\" data-widget_type=\"vt-ceremony_marriage_day.default\">\n\t\t\t\t<div class=\"elementor-widget-container\">\n\t\t\t<div class=\"crmny-big-day\"><div class=\"container\">\r\n    <div class=\"marriage-day\">\r\n      <div class=\"marriage-day-title\">\r\n        <div class=\"row\"><\/div>\r\n      <\/div><div class=\"day-item\">\r\n        <div class=\"row\">\r\n          <div class=\"col-lg-6 col-md-6  textright\">\r\n            <div class=\"day-function\">\r\n              <h4 class=\"function-title\">Das erste Treffen<\/h4>\r\n              \r\n            <\/div>\r\n          <\/div>\r\n          <div class=\"col-lg-6 col-md-6 \">\r\n            <div class=\"day-info\">\r\n              <div class=\"crmny-icon\"><img decoding=\"async\" src=\"https:\/\/lianamoca.it\/wp-content\/uploads\/2021\/11\/stretta-di-mano.png\" width=\"70\" alt=\"Das erste Treffen\"><\/div><p>In Italien ist die Zeit zwischen dem Todesfall und der Beerdigung meist sehr kurz. Das macht meine Arbeit sehr schwierig, weil ich die Familie und die Freunde treffen muss, um den\/die Verstorbene\/n kennen zu lernen.<\/p>\r\n            <\/div>\r\n          <\/div>\r\n        <\/div>\r\n      <\/div><div class=\"day-item\">\r\n        <div class=\"row\">\r\n          <div class=\"col-lg-6 col-md-6  order-md-2\">\r\n            <div class=\"day-function\">\r\n              <h4 class=\"function-title\">Wahl des Standorts<\/h4>\r\n              \r\n            <\/div>\r\n          <\/div>\r\n          <div class=\"col-lg-6 col-md-6  textright order-md-1\">\r\n            <div class=\"day-info\">\r\n              <div class=\"crmny-icon\"><img decoding=\"async\" src=\"https:\/\/lianamoca.it\/wp-content\/uploads\/2021\/12\/giardino.png\" width=\"70\" alt=\"Wahl des Standorts\"><\/div><p>Ein s\u00e4kulares Begr\u00e4bnis kann \u00fcberall stattfinden - im Haus oder unter freiem Himmel. Es ist jedoch wichtig, dass der Veranstaltungsort w\u00fcrdig und f\u00fcr die Anwesenden angenehm ist.<\/p>\r\n            <\/div>\r\n          <\/div>\r\n        <\/div>\r\n      <\/div><div class=\"day-item\">\r\n        <div class=\"row\">\r\n          <div class=\"col-lg-6 col-md-6  textright\">\r\n            <div class=\"day-function\">\r\n              <h4 class=\"function-title\">Wer spielt eine Rolle?<\/h4>\r\n              \r\n            <\/div>\r\n          <\/div>\r\n          <div class=\"col-lg-6 col-md-6 \">\r\n            <div class=\"day-info\">\r\n              <div class=\"crmny-icon\"><img decoding=\"async\" src=\"https:\/\/lianamoca.it\/wp-content\/uploads\/2021\/11\/persone.png\" width=\"70\" alt=\"Wer spielt eine Rolle?\"><\/div><p>Neben der Zelebrantin k\u00f6nnen auch andere sprechen: Das Vorlesen eines Gedichts oder das Erz\u00e4hlen macht die Zeremonie intimer.<\/p>\r\n            <\/div>\r\n          <\/div>\r\n        <\/div>\r\n      <\/div><div class=\"day-item\">\r\n        <div class=\"row\">\r\n          <div class=\"col-lg-6 col-md-6  order-md-2\">\r\n            <div class=\"day-function\">\r\n              <h4 class=\"function-title\">Die Ausarbeitung<\/h4>\r\n              \r\n            <\/div>\r\n          <\/div>\r\n          <div class=\"col-lg-6 col-md-6  textright order-md-1\">\r\n            <div class=\"day-info\">\r\n              <div class=\"crmny-icon\"><img decoding=\"async\" src=\"https:\/\/lianamoca.it\/wp-content\/uploads\/2021\/11\/documents.png\" width=\"70\" alt=\"Die Ausarbeitung\"><\/div><p>Wenn ich alle Details habe, kann ich einen originellen und einzigartigen Text schreiben. Jedes Wort wird mit Ihnen abgestimmt, nichts wird dem Zufall \u00fcberlassen. Der Text sollte dem Verstorbenen und den Anwesenden gegen\u00fcber respektvoll sein.<\/p>\r\n            <\/div>\r\n          <\/div>\r\n        <\/div>\r\n      <\/div><div class=\"day-item\">\r\n        <div class=\"row\">\r\n          <div class=\"col-lg-6 col-md-6  textright\">\r\n            <div class=\"day-function\">\r\n              <h4 class=\"function-title\">Der Moment der Zeremonie<\/h4>\r\n              \r\n            <\/div>\r\n          <\/div>\r\n          <div class=\"col-lg-6 col-md-6 \">\r\n            <div class=\"day-info\">\r\n              <div class=\"crmny-icon\"><img decoding=\"async\" src=\"https:\/\/lianamoca.it\/wp-content\/uploads\/2021\/11\/cuori.png\" width=\"70\" alt=\"Der Moment der Zeremonie\"><\/div><p>Als Zelebrantin sorge ich daf\u00fcr, dass die Zeremonie alle Anwesenden respektiert und ein w\u00fcrdiger Abschiedsgru\u00df an den Verstorbenen ist.<\/p>\r\n            <\/div>\r\n          <\/div>\r\n        <\/div>\r\n      <\/div><\/div><\/div><\/div>\t\t<\/div>\n\t\t\t\t<\/div>\n\t\t\t\t<div class=\"elementor-element elementor-element-d0a4929 elementor-widget elementor-widget-vt-ceremony_section_title\" data-id=\"d0a4929\" data-element_type=\"widget\" data-widget_type=\"vt-ceremony_section_title.default\">\n\t\t\t\t<div class=\"elementor-widget-container\">\n\t\t\t<div class=\"section-title-wrap  crmny-sectTitleElementor \"><div class=\"crmny-btn-wrap\"><a href=\"https:\/\/lianamoca.it\/index.php\/2022\/01\/20\/beerdigung\/\" target=\"_blank\" rel=\"nofollow\" class=\"crmny-btn\">Weitere Informationen<\/a><\/div><\/div>\t\t<\/div>\n\t\t\t\t<\/div>\n\t\t\t\t\t<\/div>\n\t\t<\/div>\n\t\t\t\t\t<\/div>\n\t\t<\/section>\n\t\t\t\t<\/div>\n\t\t","protected":false},"excerpt":{"rendered":"Die s\u00e4kulare Beerdigung Es ist immer schwer, sich von jemandem zu verabschieden. Und wenn diese Person den Wunsch nach einer weltlichen Beerdigung ge\u00e4u\u00dfert h\u00e4tte, ist alles komplizierter. Aber es ist richtig, die W\u00fcnsche der Person zu respektieren, die auf diese Weise begr\u00fc\u00dft werden wollte, und als Zelebrantin werde ich Ihnen helfen, diese W\u00fcnsche zu respektieren&#8230;.","protected":false},"author":3,"featured_media":0,"parent":0,"menu_order":0,"comment_status":"closed","ping_status":"closed","template":"","meta":{"om_disable_all_campaigns":false,"_monsterinsights_skip_tracking":false,"_monsterinsights_sitenote_active":false,"_monsterinsights_sitenote_note":"","_monsterinsights_sitenote_category":0,"h5ap_radio_sources":[],"footnotes":""},"class_list":["post-4699","page","type-page","status-publish","hentry"],"aioseo_notices":[],"_links":{"self":[{"href":"https:\/\/lianamoca.it\/index.php\/wp-json\/wp\/v2\/pages\/4699","targetHints":{"allow":["GET"]}}],"collection":[{"href":"https:\/\/lianamoca.it\/index.php\/wp-json\/wp\/v2\/pages"}],"about":[{"href":"https:\/\/lianamoca.it\/index.php\/wp-json\/wp\/v2\/types\/page"}],"author":[{"embeddable":true,"href":"https:\/\/lianamoca.it\/index.php\/wp-json\/wp\/v2\/users\/3"}],"replies":[{"embeddable":true,"href":"https:\/\/lianamoca.it\/index.php\/wp-json\/wp\/v2\/comments?post=4699"}],"version-history":[{"count":7,"href":"https:\/\/lianamoca.it\/index.php\/wp-json\/wp\/v2\/pages\/4699\/revisions"}],"predecessor-version":[{"id":5092,"href":"https:\/\/lianamoca.it\/index.php\/wp-json\/wp\/v2\/pages\/4699\/revisions\/5092"}],"wp:attachment":[{"href":"https:\/\/lianamoca.it\/index.php\/wp-json\/wp\/v2\/media?parent=4699"}],"curies":[{"name":"wp","href":"https:\/\/api.w.org\/{rel}","templated":true}]}}