{"id":4681,"date":"2022-01-22T16:25:07","date_gmt":"2022-01-22T16:25:07","guid":{"rendered":"https:\/\/lianamoca.it\/?page_id=4681"},"modified":"2022-01-22T16:35:09","modified_gmt":"2022-01-22T16:35:09","slug":"wer-bin-ich","status":"publish","type":"page","link":"https:\/\/lianamoca.it\/index.php\/wer-bin-ich\/","title":{"rendered":"Wer bin ich"},"content":{"rendered":"\t\t<div data-elementor-type=\"wp-post\" data-elementor-id=\"4681\" class=\"elementor elementor-4681\">\n\t\t\t\t\t\t<section class=\"elementor-section elementor-top-section elementor-element elementor-element-a0527ca elementor-section-full_width elementor-section-height-default elementor-section-height-default\" data-id=\"a0527ca\" data-element_type=\"section\">\n\t\t\t\t\t\t<div class=\"elementor-container elementor-column-gap-default\">\n\t\t\t\t\t<div class=\"elementor-column elementor-col-100 elementor-top-column elementor-element elementor-element-8defb1e\" data-id=\"8defb1e\" data-element_type=\"column\">\n\t\t\t<div class=\"elementor-widget-wrap elementor-element-populated\">\n\t\t\t\t\t\t<div class=\"elementor-element elementor-element-c2ded59 elementor-widget elementor-widget-vt-ceremony_history\" data-id=\"c2ded59\" data-element_type=\"widget\" data-widget_type=\"vt-ceremony_history.default\">\n\t\t\t\t<div class=\"elementor-widget-container\">\n\t\t\t<div class=\"crmny-history\">\r\n\t\t  <div class=\"container\">\r\n\t\t    <div class=\"row align-items-center\">\r\n\t\t      <div class=\"col-lg-4 textright history-left\">\r\n\t\t        <div class=\"history-item\">\r\n\t\t          \r\n\t\t          \r\n\t\t        <\/div>\r\n\t\t      <\/div>\r\n\t\t      <div class=\"col-lg-4\">\r\n\t\t        <div class=\"history-item\">\r\n\t\t          <div class=\"crmny-image\"><img decoding=\"async\" src=\"https:\/\/lianamoca.it\/wp-content\/uploads\/2022\/01\/WhatsApp-Image-2021-11-22-at-12.25.42_credits-348x348.jpg\" alt=\"\"><\/div>\r\n\t\t        <\/div>\r\n\t\t      <\/div>\r\n\t\t      <div class=\"col-lg-4 history-right\">\r\n\t\t        <div class=\"history-item\">\r\n\t\t          \r\n\t\t          \r\n\t\t        <\/div>\r\n\t\t      <\/div>\r\n\t\t    <\/div>\r\n\t\t  <\/div>\r\n\t\t<\/div>\t\t<\/div>\n\t\t\t\t<\/div>\n\t\t\t\t<div class=\"elementor-element elementor-element-114a000 elementor-widget elementor-widget-vt-ceremony_section_title\" data-id=\"114a000\" data-element_type=\"widget\" data-widget_type=\"vt-ceremony_section_title.default\">\n\t\t\t\t<div class=\"elementor-widget-container\">\n\t\t\t<div class=\"section-title-wrap  crmny-sectTitleElementor \"><h2 class=\"section-title\">Wer bin ich<\/h2><p>Ich bin ein positiver Mensch mit einem starken Wunsch, andere und ihre Geschichten kennenzulernen. Ich habe immer versucht, die Gr\u00fcnde f\u00fcr die Entscheidungen der Menschen vor mir zu verstehen, und Empathie hat mir dabei sehr geholfen.\nIch spreche gerne, ich bin mir dessen bewusst, aber ich wei\u00df, dass ich anderen zuh\u00f6re und die richtigen Fragen stelle, damit sich jeder erz\u00e4hlen kann.\nDiese Eigenschaften haben dazu gef\u00fchrt, dass ich diesen Beruf ganz nat\u00fcrlich aus\u00fcben wollte.\nF\u00fcr mich ist die Feier einer Zeremonie ein wichtiger Moment im Leben derer, die mich in diese Rolle berufen haben, aber es ist auch ein wichtiger Moment f\u00fcr mich.\nIch versuche, mit \u00e4u\u00dferstem Respekt in das Leben anderer einzutreten, ihren Geschichten aufmerksam zuzuh\u00f6ren und verpflichte mich ernsthaft, die richtigen Worte f\u00fcr die Zeremonie zu finden. Nichts darf dem Zufall \u00fcberlassen werden, denn es gibt keine Generalproben. Das bedeutet, alle Eventualit\u00e4ten vorherzusehen, sich vorzustellen, was passieren k\u00f6nnte oder was ben\u00f6tigt werden k\u00f6nnte. Deshalb ist Professionalit\u00e4t ein wichtiger Bestandteil dieser Arbeit.\nIch arbeite mit den Profis zusammen, die an der Zeremonie beteiligt sind. Mit Hochzeitsplanern, Veranstaltungsorten, Fotografen oder Musikern, wenn es um Hochzeiten oder Partys geht; mit Bestattungsunternehmen, wenn es um Beerdigungen geht. \nDies sind wichtige Momente, die Profis zu etwas Besonderem machen und Kunden von allen Gedanken befreien k\u00f6nnen.<\/p><\/div>\t\t<\/div>\n\t\t\t\t<\/div>\n\t\t\t\t<div class=\"elementor-element elementor-element-705b265 elementor-widget elementor-widget-image\" data-id=\"705b265\" data-element_type=\"widget\" data-widget_type=\"image.default\">\n\t\t\t\t<div class=\"elementor-widget-container\">\n\t\t\t<style>\/*! elementor - v3.22.0 - 17-06-2024 *\/\n.elementor-widget-image{text-align:center}.elementor-widget-image a{display:inline-block}.elementor-widget-image a img[src$=\".svg\"]{width:48px}.elementor-widget-image img{vertical-align:middle;display:inline-block}<\/style>\t\t\t\t\t\t\t\t\t\t<img decoding=\"async\" src=\"https:\/\/lianamoca.it\/wp-content\/uploads\/elementor\/thumbs\/secondafotochisono-qf5pugl69izkmv9pthamv1trcab3scenbf13seh2n4.jpeg\" title=\"secondafotochisono\" alt=\"secondafotochisono\" loading=\"lazy\" \/>\t\t\t\t\t\t\t\t\t\t\t\t\t<\/div>\n\t\t\t\t<\/div>\n\t\t\t\t<div class=\"elementor-element elementor-element-cc96150 elementor-widget elementor-widget-vt-ceremony_section_title\" data-id=\"cc96150\" data-element_type=\"widget\" data-widget_type=\"vt-ceremony_section_title.default\">\n\t\t\t\t<div class=\"elementor-widget-container\">\n\t\t\t<div class=\"section-title-wrap  crmny-sectTitleElementor \"><p>\n<br><br>\n<b> MEIN WERDEGANG ALS ZELEBRANTIN<\/b>\n<br><br>\nIch interessierte mich f\u00fcr weltliche Zeremonien, als ich dar\u00fcber nachdachte, was ich f\u00fcr mich selbst wollte.\nIch bin nicht religi\u00f6s, aber ich habe immer daran geglaubt, dass man die Momente des \u00dcbergangs mit den wichtigsten Menschen im Leben teilen sollte.\nDies war der Grund, warum ich 2014 den Uaar-Kurs mit Richard Brown besuchte. Von diesem Moment an erweiterte sich mein Engagement und ich begann mit der UAAR zusammenzuarbeiten, um das Projekt der s\u00e4kularen Zeremonien zu entwickeln, das sich dann in  <a href=\"https:\/\/www.cerimonieuniche.it\/\" target=\"_blank\">Cerimonieuniche<\/a> verwandelte. Ich habe mit den Lehrern dieses Projekts Richard Brown, Clarissa Botsford und Rosanna Lavagna zusammengearbeitet; ich begleitete die Studenten mit ihnen, half und unterst\u00fctzte sie bei dieser in Italien noch wenig bekannten Arbeit.\nDurch diese st\u00e4ndige Konfrontation mit meinen Kollegen\/innen versp\u00fcrten wir die Notwendigkeit, eine Vereinigung professioneller Zelebranten und Zelebrantinnen zu gr\u00fcnden. \nClarissa, Richard und ich haben im M\u00e4rz 2021  <a href=\"https:\/\/www.federcelebranti.com\" target=\"_blank\">Federcelebranti<\/a>  gegr\u00fcndet, die heute Dutzende von Fachleuten der Branche vereint.\nDas wichtigste Ergebnis war jedoch die Ver\u00f6ffentlichung der Referenzmethode UNI\/PDR 118:2021 im September 2021, die die Arbeit der Zelebranten und Zelebrantinnen standardisiert.\nDieser sehr wichtige Schritt wurde speziell f\u00fcr Menschen entwickelt, die sich in einer entscheidenden Phase ihres Lebens an Zelebranten und Zelebrantinnen wenden, und f\u00fcr ihr Recht, einen zertifizierten Berufsangeh\u00f6rigen finden zu k\u00f6nnen.\nMit Richard und Clarissa hatte ich die Ehre, als Expertin am Tisch der UNI zu sitzen, und diese Erfahrung hat mein pers\u00f6nliches Wissen enorm bereichert.\nEs war auch eine gro\u00dfe Genugtuung, denn obwohl diese Arbeit in Europa sehr verbreitet ist, waren wir die ersten, die diese T\u00e4tigkeit reguliert haben.\n<br><br>\n<b> WO ARBEITE ICH ALS TRAUREDNERIN?<\/b>\n<br><br>\nIch arbeite haupts\u00e4chlich in den Abruzzen, Molise, Umbrien, den Marken und der Provinz Foggia. Aber ich habe keine Probleme, in andere Gegenden Italiens zu ziehen.\n<br><br>\n<b> IN WELCHEN SPRACHEN FEIERE ICH?<\/b>\n<br><br>\nIch feiere auf Italienisch, Englisch, Deutsch, Franz\u00f6sisch und Spanisch.\n<br><br>\n<b> WAS IST, WENN ES G\u00c4STE GIBT, DIE ZWEI VERSCHIEDENE SPRACHEN SPRECHEN?<\/b>\n<br><br>\nKein Problem: Die Zeremonie kann in zwei Sprachen durchgef\u00fchrt werden. Wir k\u00f6nnen das zweisprachige Hochzeitsbuch vorbereiten, damit alle G\u00e4ste der Zeremonie folgen k\u00f6nnen. Untersch\u00e4tzen Sie dieses Detail nicht. Es ist sehr wichtig, dass sich alle G\u00e4ste w\u00e4hrend der Zeremonie beteiligt f\u00fchlen. Wenn sie da sind, dann deshalb, weil sie f\u00fcr dich einen grundlegenden Teil deines Lebens darstellen und sie verstehen wollen, was passiert. Dann werden wir die L\u00f6sung studieren, damit sie der Zeremonie folgen k\u00f6nnen.\n<\/p><\/div>\t\t<\/div>\n\t\t\t\t<\/div>\n\t\t\t\t<div class=\"elementor-element elementor-element-d844930 elementor-widget elementor-widget-vt-ceremony_section_title\" data-id=\"d844930\" data-element_type=\"widget\" data-widget_type=\"vt-ceremony_section_title.default\">\n\t\t\t\t<div class=\"elementor-widget-container\">\n\t\t\t<div class=\"section-title-wrap  crmny-sectTitleElementor \"><div class=\"crmny-btn-wrap\"><a href=\"https:\/\/wa.me\/+393281227901\" target=\"_blank\" rel=\"nofollow\" class=\"crmny-btn\">Kontakt<\/a><\/div><\/div>\t\t<\/div>\n\t\t\t\t<\/div>\n\t\t\t\t\t<\/div>\n\t\t<\/div>\n\t\t\t\t\t<\/div>\n\t\t<\/section>\n\t\t\t\t<section class=\"elementor-section elementor-top-section elementor-element elementor-element-c8a977c elementor-section-stretched elementor-section-full_width elementor-section-height-default elementor-section-height-default\" data-id=\"c8a977c\" data-element_type=\"section\" data-settings=\"{&quot;stretch_section&quot;:&quot;section-stretched&quot;,&quot;background_background&quot;:&quot;classic&quot;}\">\n\t\t\t\t\t\t<div class=\"elementor-container elementor-column-gap-default\">\n\t\t\t\t\t<div class=\"elementor-column elementor-col-100 elementor-top-column elementor-element elementor-element-a0ca61e\" data-id=\"a0ca61e\" data-element_type=\"column\">\n\t\t\t<div class=\"elementor-widget-wrap elementor-element-populated\">\n\t\t\t\t\t\t<div class=\"elementor-element elementor-element-e2bd6f4 elementor-widget elementor-widget-vt-ceremony_section_title\" data-id=\"e2bd6f4\" data-element_type=\"widget\" data-widget_type=\"vt-ceremony_section_title.default\">\n\t\t\t\t<div class=\"elementor-widget-container\">\n\t\t\t<div class=\"section-title-wrap  crmny-sectTitleElementor \"><h2 class=\"section-title\">Was mache ich? Was mache ich nicht?<\/h2><p><b> Was tue ich als Traurednerin? Ein kleiner Leitfaden, der Ihnen helfen soll zu verstehen, was meine Arbeit ist und welche Dienstleistungen ich anbiete. \n<br>\n<br>\n\nWas mache ich?  <\/b><br>\nIch entwerfe die Zeremonie gem\u00e4\u00df den W\u00fcnschen der Kunden. Ich gestalte ihn ganz pers\u00f6nlich, versuche, alle wichtigen Details und Werte so zu ber\u00fccksichtigen, dass sie von allen respektiert werden, und dann feiere ich ihn. \nIch helfe Ihnen zu verstehen, was Sie in die Zeremonie einbauen k\u00f6nnen und wie Sie sie sch\u00f6n und mit anderen teilbar machen k\u00f6nnen.\nIch helfe Ihnen bei der Auswahl der Lesungen oder der Musik, die in die Zeremonie einflie\u00dfen soll.\nIch helfe Ihnen, die Orte zu finden, an denen Sie Ihre Traumhochzeit feiern k\u00f6nnen, ob standesamtlich oder symbolisch. <br><br>\n\n\n\n<b>\nWas mache ich nicht?  <br>\n\n<\/b>\n\n\nIch bin kein Hochzeitsplaner oder Bestattungsunternehmer.\nIch stelle weder den Raum noch die Materialien f\u00fcr die Zeremonie zur Verf\u00fcgung.\nIch arrangiere weder den Ort der Zeremonie, noch stelle ich das Dekorationsmaterial oder das Material f\u00fcr die Riten zur Verf\u00fcgung.\nVor allem trage ich die Sch\u00e4rpe mit der Trikolore nicht, wenn es sich um eine symbolische Zeremonie handelt. Die Verwendung der Sch\u00e4rpe ist geregelt und darf nur bei Eheschlie\u00dfungen oder Lebenspartnerschaften verwendet werden.\n<\/p><\/div>\t\t<\/div>\n\t\t\t\t<\/div>\n\t\t\t\t\t<\/div>\n\t\t<\/div>\n\t\t\t\t\t<\/div>\n\t\t<\/section>\n\t\t\t\t<\/div>\n\t\t","protected":false},"excerpt":{"rendered":"Wer bin ich Ich bin ein positiver Mensch mit einem starken Wunsch, andere und ihre Geschichten kennenzulernen. Ich habe immer versucht, die Gr\u00fcnde f\u00fcr die Entscheidungen der Menschen vor mir zu verstehen, und Empathie hat mir dabei sehr geholfen. Ich spreche gerne, ich bin mir dessen bewusst, aber ich wei\u00df, dass ich anderen zuh\u00f6re und&#8230;","protected":false},"author":3,"featured_media":0,"parent":0,"menu_order":0,"comment_status":"closed","ping_status":"closed","template":"","meta":{"om_disable_all_campaigns":false,"_monsterinsights_skip_tracking":false,"_monsterinsights_sitenote_active":false,"_monsterinsights_sitenote_note":"","_monsterinsights_sitenote_category":0,"h5ap_radio_sources":[],"footnotes":""},"class_list":["post-4681","page","type-page","status-publish","hentry"],"aioseo_notices":[],"_links":{"self":[{"href":"https:\/\/lianamoca.it\/index.php\/wp-json\/wp\/v2\/pages\/4681","targetHints":{"allow":["GET"]}}],"collection":[{"href":"https:\/\/lianamoca.it\/index.php\/wp-json\/wp\/v2\/pages"}],"about":[{"href":"https:\/\/lianamoca.it\/index.php\/wp-json\/wp\/v2\/types\/page"}],"author":[{"embeddable":true,"href":"https:\/\/lianamoca.it\/index.php\/wp-json\/wp\/v2\/users\/3"}],"replies":[{"embeddable":true,"href":"https:\/\/lianamoca.it\/index.php\/wp-json\/wp\/v2\/comments?post=4681"}],"version-history":[{"count":4,"href":"https:\/\/lianamoca.it\/index.php\/wp-json\/wp\/v2\/pages\/4681\/revisions"}],"predecessor-version":[{"id":4698,"href":"https:\/\/lianamoca.it\/index.php\/wp-json\/wp\/v2\/pages\/4681\/revisions\/4698"}],"wp:attachment":[{"href":"https:\/\/lianamoca.it\/index.php\/wp-json\/wp\/v2\/media?parent=4681"}],"curies":[{"name":"wp","href":"https:\/\/api.w.org\/{rel}","templated":true}]}}