{"id":4301,"date":"2022-01-20T18:27:29","date_gmt":"2022-01-20T18:27:29","guid":{"rendered":"https:\/\/lianamoca.it\/?page_id=4301"},"modified":"2022-01-27T22:24:31","modified_gmt":"2022-01-27T22:24:31","slug":"standesamtliche-trauungen","status":"publish","type":"page","link":"https:\/\/lianamoca.it\/index.php\/standesamtliche-trauungen\/","title":{"rendered":"Standesamtliche Trauungen"},"content":{"rendered":"\t\t<div data-elementor-type=\"wp-post\" data-elementor-id=\"4301\" class=\"elementor elementor-4301\">\n\t\t\t\t\t\t<section class=\"elementor-section elementor-top-section elementor-element elementor-element-a0527ca elementor-section-full_width elementor-section-height-default elementor-section-height-default\" data-id=\"a0527ca\" data-element_type=\"section\">\n\t\t\t\t\t\t<div class=\"elementor-container elementor-column-gap-default\">\n\t\t\t\t\t<div class=\"elementor-column elementor-col-100 elementor-top-column elementor-element elementor-element-8defb1e\" data-id=\"8defb1e\" data-element_type=\"column\">\n\t\t\t<div class=\"elementor-widget-wrap elementor-element-populated\">\n\t\t\t\t\t\t<div class=\"elementor-element elementor-element-114a000 elementor-widget elementor-widget-vt-ceremony_section_title\" data-id=\"114a000\" data-element_type=\"widget\" data-widget_type=\"vt-ceremony_section_title.default\">\n\t\t\t\t<div class=\"elementor-widget-container\">\n\t\t\t<div class=\"section-title-wrap  crmny-sectTitleElementor \"><h2 class=\"section-title\">Standesamtliche Trauungen<\/h2><p>Kann eine standesamtliche Trauung oder Lebenspartnerschaft spannend und individuell sein?\nAber ja, nat\u00fcrlich, der gesetzlich vorgesehene Text kann in eine pers\u00f6nliche und einzigartige Zeremonie integriert werden. Geben Sie nicht den Gedanken auf, dass Ihre Zeremonie aufregend und sch\u00f6n sein k\u00f6nnte.<\/p><\/div>\t\t<\/div>\n\t\t\t\t<\/div>\n\t\t\t\t<div class=\"elementor-element elementor-element-c1d66dd elementor-widget elementor-widget-vt-ceremony_love_story\" data-id=\"c1d66dd\" data-element_type=\"widget\" data-widget_type=\"vt-ceremony_love_story.default\">\n\t\t\t\t<div class=\"elementor-widget-container\">\n\t\t\t\t\t<div class=\"crmny-love-story\">\r\n      <div class=\"container\">\r\n        <div class=\"row align-items-center\">\r\n          <div class=\"col-lg-3 textright\">\r\n            <div class=\"story-item\">\r\n\t            <h3 class=\"story-person\">STANDESAMTLICHE TRAUUNG<\/h3><p>Die standesamtliche Trauung kann von Ihren pers\u00f6nlichen Versprechen, von speziell f\u00fcr Sie ausgew\u00e4hlten Riten, von bedeutungsvollen Worten begleitet werden.<\/p><div class=\"crmny-social rounded\">\t\t\t\t  \t\t\t\t\t<a href=\"\"  class=\"\"><i class=\"\"><\/i><\/a>\r\n\t\t\t\t\t\t\t\t<\/div>            <\/div>\r\n          <\/div>\r\n                    <div class=\"col-lg-6 textcenter\">\r\n            <div class=\"couple-image\">\r\n              <div class=\"story-icon\"><\/div>\r\n              <div class=\"row\">\r\n              <div class=\"col-md-6\"><div class=\"crmny-image\"><img decoding=\"async\" src=\"https:\/\/lianamoca.it\/wp-content\/uploads\/2021\/11\/matrimonio-civile-scaled.jpg\" alt=\"STANDESAMTLICHE TRAUUNG\"><\/div><\/div><div class=\"col-md-6\"><div class=\"crmny-image\"><img decoding=\"async\" src=\"https:\/\/lianamoca.it\/wp-content\/uploads\/2021\/11\/civile-scaled.jpg\" alt=\"STANDESAMTLICHE TRAUUNG\"><\/div><\/div>  \r\n              <\/div>\r\n            <\/div>\r\n          <\/div>\r\n                    <div class=\"col-lg-3\">\r\n            <div class=\"story-item\">\r\n              <h3 class=\"story-person\">LEBENSPARTNERSCHAFT<\/h3><p>Eine Zeremonie, die Sie sich wichtig f\u00fchlen l\u00e4sst und die Anwesenden zu Zeugen machen. \nEin Moment der offiziellen, aber auch romantischen Passage.\n<\/p>              <div class=\"crmny-social rounded\">\t\t\t\t  \t\t\t\t\t<a href=\"https:\/\/www.twitter.com\" target=\"_blank\" rel=\"nofollow\" class=\"aaa icon-fa-twitter\"><i class=\"fa fa-twitter\"><\/i><\/a>\r\n\t\t\t\t  \t\t\t<\/div>            <\/div>\r\n          <\/div>\r\n        <\/div>\r\n        <div class=\"story-place\">\r\n          <div class=\"crmny-btn-wrap\"><a href=\"https:\/\/lianamoca.it\/index.php\/kontakt\/\" target=\"_blank\" rel=\"nofollow\" class=\"crmny-btn\">Kontakt<\/a><\/div>        <\/div>\r\n      <\/div>\r\n    <\/div>\r\n\t\t\r\n\t\t<\/div>\n\t\t\t\t<\/div>\n\t\t\t\t\t<\/div>\n\t\t<\/div>\n\t\t\t\t\t<\/div>\n\t\t<\/section>\n\t\t\t\t<section class=\"elementor-section elementor-top-section elementor-element elementor-element-c8a977c elementor-section-stretched elementor-section-full_width elementor-section-height-default elementor-section-height-default\" data-id=\"c8a977c\" data-element_type=\"section\" data-settings=\"{&quot;stretch_section&quot;:&quot;section-stretched&quot;,&quot;background_background&quot;:&quot;classic&quot;}\">\n\t\t\t\t\t\t<div class=\"elementor-container elementor-column-gap-default\">\n\t\t\t\t\t<div class=\"elementor-column elementor-col-100 elementor-top-column elementor-element elementor-element-a0ca61e\" data-id=\"a0ca61e\" data-element_type=\"column\">\n\t\t\t<div class=\"elementor-widget-wrap elementor-element-populated\">\n\t\t\t\t\t\t<div class=\"elementor-element elementor-element-310e86b elementor-widget elementor-widget-vt-ceremony_proposal_story\" data-id=\"310e86b\" data-element_type=\"widget\" data-widget_type=\"vt-ceremony_proposal_story.default\">\n\t\t\t\t<div class=\"elementor-widget-container\">\n\t\t\t<div class=\"crmny-proposal-story\">\r\n      <div class=\"container\">\r\n        <div class=\"proposal-story\"><div class=\"proposal-story-item\">\r\n            <div class=\"row align-items-center\">\r\n              <div class=\"col-md-5  textright\">\r\n                <div class=\"proposal-story-info\">\r\n                  <h4 class=\"proposal-story-title\"><span>Das erste Treffen<\/span><\/h4><p>Das Wichtigste bei diesem Erstgespr\u00e4ch ist, zu verstehen, ob ich die richtige Person f\u00fcr Sie bin.\nWir lernen uns kennen, Sie erkl\u00e4ren mir, was Sie mit der Zeremonie mitteilen m\u00f6chten und ich h\u00f6re Ihnen aufmerksam zu.<\/p>\r\n                <\/div>\r\n              <\/div>\r\n              <div class=\"col-md-7 \">\r\n                <div class=\"crmny-icon\">\r\n                  <div class=\"crmny-table-wrap\">\r\n                    <div class=\"crmny-align-wrap\">\r\n                      <img decoding=\"async\" src=\"https:\/\/lianamoca.it\/wp-content\/uploads\/2021\/11\/stretta-di-mano.png\" width=\"59\" alt=\"Das erste Treffen\">\r\n                    <\/div>\r\n                  <\/div>\r\n                <\/div>\r\n              <\/div>\r\n            <\/div>\r\n          <\/div><div class=\"proposal-story-item\">\r\n            <div class=\"row align-items-center\">\r\n              <div class=\"col-md-5  order-md-2\">\r\n                <div class=\"proposal-story-info\">\r\n                  <h4 class=\"proposal-story-title\"><span>Die Wahl des Ortes<\/span><\/h4><p>Die standesamtliche Trauung kann in einem Saal der Gemeinde oder an einem Ort stattfinden, der auch das Gemeindehaus ist.<\/p>\r\n                <\/div>\r\n              <\/div>\r\n              <div class=\"col-md-7  textright order-md-1\">\r\n                <div class=\"crmny-icon\">\r\n                  <div class=\"crmny-table-wrap\">\r\n                    <div class=\"crmny-align-wrap\">\r\n                      <img decoding=\"async\" src=\"https:\/\/lianamoca.it\/wp-content\/uploads\/2021\/11\/castello.png\" width=\"59\" alt=\"Die Wahl des Ortes\">\r\n                    <\/div>\r\n                  <\/div>\r\n                <\/div>\r\n              <\/div>\r\n            <\/div>\r\n          <\/div><div class=\"proposal-story-item\">\r\n            <div class=\"row align-items-center\">\r\n              <div class=\"col-md-5  textright\">\r\n                <div class=\"proposal-story-info\">\r\n                  <h4 class=\"proposal-story-title\"><span>Antrag an den\/die B\u00fcrgermeisterin<\/span><\/h4><p>Wenn Sie m\u00f6chten, dass ich die standesamtliche Trauung feiere, m\u00fcssen Sie sich an den\/die B\u00fcrgermeisterin der Stadt wenden, wo die Zeremonie stattfindet. Es ist ein ziemlich einfacher Eingriff, und ich werde Ihnen bei allen formalen Schritten helfen.<\/p>\r\n                <\/div>\r\n              <\/div>\r\n              <div class=\"col-md-7 \">\r\n                <div class=\"crmny-icon\">\r\n                  <div class=\"crmny-table-wrap\">\r\n                    <div class=\"crmny-align-wrap\">\r\n                      <img decoding=\"async\" src=\"https:\/\/lianamoca.it\/wp-content\/uploads\/2021\/11\/martello.png\" width=\"59\" alt=\"Antrag an den\/die B\u00fcrgermeisterin\">\r\n                    <\/div>\r\n                  <\/div>\r\n                <\/div>\r\n              <\/div>\r\n            <\/div>\r\n          <\/div><div class=\"proposal-story-item\">\r\n            <div class=\"row align-items-center\">\r\n              <div class=\"col-md-5  order-md-2\">\r\n                <div class=\"proposal-story-info\">\r\n                  <h4 class=\"proposal-story-title\"><span>Wer spielt eine Rolle?<\/span><\/h4><p>Neben den beiden offiziellen Zeugen k\u00f6nnen Sie die Personen, die Ihnen besonders wichtig sind, in die Zeremonie einbeziehen: Eltern, Kinder, Freunde. Jeder wird etwas zu tun haben.<\/p>\r\n                <\/div>\r\n              <\/div>\r\n              <div class=\"col-md-7  textright order-md-1\">\r\n                <div class=\"crmny-icon\">\r\n                  <div class=\"crmny-table-wrap\">\r\n                    <div class=\"crmny-align-wrap\">\r\n                      <img decoding=\"async\" src=\"https:\/\/lianamoca.it\/wp-content\/uploads\/2021\/11\/persone.png\" width=\"59\" alt=\"Wer spielt eine Rolle?\">\r\n                    <\/div>\r\n                  <\/div>\r\n                <\/div>\r\n              <\/div>\r\n            <\/div>\r\n          <\/div><div class=\"proposal-story-item\">\r\n            <div class=\"row align-items-center\">\r\n              <div class=\"col-md-5  textright\">\r\n                <div class=\"proposal-story-info\">\r\n                  <h4 class=\"proposal-story-title\"><span>Die Rituale<\/span><\/h4><p>Wir w\u00e4hlen die Riten, die die Zeremonie bereichern. Keine Grenzen f\u00fcr Fantasie. Vieles h\u00e4ngt auch vom Ort oder den beteiligten Personen oder ihrem Alter ab.<\/p>\r\n                <\/div>\r\n              <\/div>\r\n              <div class=\"col-md-7 \">\r\n                <div class=\"crmny-icon\">\r\n                  <div class=\"crmny-table-wrap\">\r\n                    <div class=\"crmny-align-wrap\">\r\n                      <img decoding=\"async\" src=\"https:\/\/lianamoca.it\/wp-content\/uploads\/2021\/11\/candele.png\" width=\"59\" alt=\"Die Rituale\">\r\n                    <\/div>\r\n                  <\/div>\r\n                <\/div>\r\n              <\/div>\r\n            <\/div>\r\n          <\/div><div class=\"proposal-story-item\">\r\n            <div class=\"row align-items-center\">\r\n              <div class=\"col-md-5  order-md-2\">\r\n                <div class=\"proposal-story-info\">\r\n                  <h4 class=\"proposal-story-title\"><span>Die W\u00f6rter<\/span><\/h4><p>Au\u00dfer mir, die Traurednerin, k\u00f6nnen auch andere Personen w\u00e4hrend der Zeremonie eingreifen. Die Wahl kann auf ein Gedicht oder eine Passage eines bekannten Autors fallen, oder es k\u00f6nnen Originalw\u00f6rter verwendet werden. Und vergessen Sie Ihre Versprechen nicht!<\/p>\r\n                <\/div>\r\n              <\/div>\r\n              <div class=\"col-md-7  textright order-md-1\">\r\n                <div class=\"crmny-icon\">\r\n                  <div class=\"crmny-table-wrap\">\r\n                    <div class=\"crmny-align-wrap\">\r\n                      <img decoding=\"async\" src=\"https:\/\/lianamoca.it\/wp-content\/uploads\/2021\/11\/documento.png\" width=\"59\" alt=\"Die W\u00f6rter\">\r\n                    <\/div>\r\n                  <\/div>\r\n                <\/div>\r\n              <\/div>\r\n            <\/div>\r\n          <\/div><div class=\"proposal-story-item\">\r\n            <div class=\"row align-items-center\">\r\n              <div class=\"col-md-5  textright\">\r\n                <div class=\"proposal-story-info\">\r\n                  <h4 class=\"proposal-story-title\"><span>Die Ausarbeitung<\/span><\/h4><p>Wenn ich alle Details habe, kann ich einen originellen und einzigartigen Text schreiben, der auf Sie und Ihre Familie zugeschnitten ist. Jedes Wort wird mit Ihnen abgestimmt, nichts wird dem Zufall \u00fcberlassen.<\/p>\r\n                <\/div>\r\n              <\/div>\r\n              <div class=\"col-md-7 \">\r\n                <div class=\"crmny-icon\">\r\n                  <div class=\"crmny-table-wrap\">\r\n                    <div class=\"crmny-align-wrap\">\r\n                      <img decoding=\"async\" src=\"https:\/\/lianamoca.it\/wp-content\/uploads\/2021\/11\/documents.png\" width=\"59\" alt=\"Die Ausarbeitung\">\r\n                    <\/div>\r\n                  <\/div>\r\n                <\/div>\r\n              <\/div>\r\n            <\/div>\r\n          <\/div><div class=\"proposal-story-item\">\r\n            <div class=\"row align-items-center\">\r\n              <div class=\"col-md-5  order-md-2\">\r\n                <div class=\"proposal-story-info\">\r\n                  <h4 class=\"proposal-story-title\"><span>Der Tag der Zeremonie<\/span><\/h4><p>Sie m\u00fcssen sich um Ihre G\u00e4ste k\u00fcmmern und sich entspannen. Als Traurednerin sorge ich daf\u00fcr, dass die Zeremonie so ist, wie Sie es sich vorstellen und dass sich alle einbezogen und ein wesentlicher Bestandteil davon f\u00fchlen.<\/p>\r\n                <\/div>\r\n              <\/div>\r\n              <div class=\"col-md-7  textright order-md-1\">\r\n                <div class=\"crmny-icon\">\r\n                  <div class=\"crmny-table-wrap\">\r\n                    <div class=\"crmny-align-wrap\">\r\n                      <img decoding=\"async\" src=\"https:\/\/lianamoca.it\/wp-content\/uploads\/2021\/11\/cuori.png\" width=\"59\" alt=\"Der Tag der Zeremonie\">\r\n                    <\/div>\r\n                  <\/div>\r\n                <\/div>\r\n              <\/div>\r\n            <\/div>\r\n          <\/div><\/div><\/div><\/div>\t\t<\/div>\n\t\t\t\t<\/div>\n\t\t\t\t<div class=\"elementor-element elementor-element-bd6fa56 elementor-widget elementor-widget-vt-ceremony_love_story\" data-id=\"bd6fa56\" data-element_type=\"widget\" data-widget_type=\"vt-ceremony_love_story.default\">\n\t\t\t\t<div class=\"elementor-widget-container\">\n\t\t\t\t\t<div class=\"crmny-love-story\">\r\n      <div class=\"container\">\r\n        <div class=\"row align-items-center\">\r\n          <div class=\"col-lg-3 textright\">\r\n            <div class=\"story-item\">\r\n\t            <div class=\"crmny-social rounded\">\t\t\t\t  \t\t\t\t\t<a href=\"\"  class=\"\"><i class=\"\"><\/i><\/a>\r\n\t\t\t\t\t\t\t\t<\/div>            <\/div>\r\n          <\/div>\r\n                    <div class=\"col-lg-3\">\r\n            <div class=\"story-item\">\r\n                            <div class=\"crmny-social rounded\">\t\t\t\t  \t\t\t\t\t<a href=\"https:\/\/www.twitter.com\" target=\"_blank\" rel=\"nofollow\" class=\"aaa icon-fa-twitter\"><i class=\"fa fa-twitter\"><\/i><\/a>\r\n\t\t\t\t  \t\t\t<\/div>            <\/div>\r\n          <\/div>\r\n        <\/div>\r\n        <div class=\"story-place\">\r\n          <div class=\"crmny-btn-wrap\"><a href=\"https:\/\/lianamoca.it\/index.php\/2022\/01\/20\/zivilrechtliche-zeremonie\/\" target=\"_blank\" rel=\"nofollow\" class=\"crmny-btn\">Weitere Informationen<\/a><\/div>        <\/div>\r\n      <\/div>\r\n    <\/div>\r\n\t\t\r\n\t\t<\/div>\n\t\t\t\t<\/div>\n\t\t\t\t\t<\/div>\n\t\t<\/div>\n\t\t\t\t\t<\/div>\n\t\t<\/section>\n\t\t\t\t<\/div>\n\t\t","protected":false},"excerpt":{"rendered":"Standesamtliche Trauungen Kann eine standesamtliche Trauung oder Lebenspartnerschaft spannend und individuell sein? Aber ja, nat\u00fcrlich, der gesetzlich vorgesehene Text kann in eine pers\u00f6nliche und einzigartige Zeremonie integriert werden. Geben Sie nicht den Gedanken auf, dass Ihre Zeremonie aufregend und sch\u00f6n sein k\u00f6nnte. STANDESAMTLICHE TRAUUNG Die standesamtliche Trauung kann von Ihren pers\u00f6nlichen Versprechen, von speziell f\u00fcr&#8230;","protected":false},"author":3,"featured_media":0,"parent":0,"menu_order":0,"comment_status":"closed","ping_status":"closed","template":"","meta":{"om_disable_all_campaigns":false,"_monsterinsights_skip_tracking":false,"_monsterinsights_sitenote_active":false,"_monsterinsights_sitenote_note":"","_monsterinsights_sitenote_category":0,"h5ap_radio_sources":[],"footnotes":""},"class_list":["post-4301","page","type-page","status-publish","hentry"],"aioseo_notices":[],"_links":{"self":[{"href":"https:\/\/lianamoca.it\/index.php\/wp-json\/wp\/v2\/pages\/4301","targetHints":{"allow":["GET"]}}],"collection":[{"href":"https:\/\/lianamoca.it\/index.php\/wp-json\/wp\/v2\/pages"}],"about":[{"href":"https:\/\/lianamoca.it\/index.php\/wp-json\/wp\/v2\/types\/page"}],"author":[{"embeddable":true,"href":"https:\/\/lianamoca.it\/index.php\/wp-json\/wp\/v2\/users\/3"}],"replies":[{"embeddable":true,"href":"https:\/\/lianamoca.it\/index.php\/wp-json\/wp\/v2\/comments?post=4301"}],"version-history":[{"count":10,"href":"https:\/\/lianamoca.it\/index.php\/wp-json\/wp\/v2\/pages\/4301\/revisions"}],"predecessor-version":[{"id":4957,"href":"https:\/\/lianamoca.it\/index.php\/wp-json\/wp\/v2\/pages\/4301\/revisions\/4957"}],"wp:attachment":[{"href":"https:\/\/lianamoca.it\/index.php\/wp-json\/wp\/v2\/media?parent=4301"}],"curies":[{"name":"wp","href":"https:\/\/api.w.org\/{rel}","templated":true}]}}