{"id":4270,"date":"2022-01-20T17:44:42","date_gmt":"2022-01-20T17:44:42","guid":{"rendered":"https:\/\/lianamoca.it\/?page_id=4270"},"modified":"2022-01-21T18:15:22","modified_gmt":"2022-01-21T18:15:22","slug":"traductions","status":"publish","type":"page","link":"https:\/\/lianamoca.it\/index.php\/traductions\/","title":{"rendered":"Traductions"},"content":{"rendered":"\t\t<div data-elementor-type=\"wp-post\" data-elementor-id=\"4270\" class=\"elementor elementor-4270\">\n\t\t\t\t\t\t<section class=\"elementor-section elementor-top-section elementor-element elementor-element-a0527ca elementor-section-full_width elementor-section-height-default elementor-section-height-default\" data-id=\"a0527ca\" data-element_type=\"section\">\n\t\t\t\t\t\t<div class=\"elementor-container elementor-column-gap-default\">\n\t\t\t\t\t<div class=\"elementor-column elementor-col-100 elementor-top-column elementor-element elementor-element-8defb1e\" data-id=\"8defb1e\" data-element_type=\"column\">\n\t\t\t<div class=\"elementor-widget-wrap elementor-element-populated\">\n\t\t\t\t\t\t<div class=\"elementor-element elementor-element-114a000 elementor-widget elementor-widget-vt-ceremony_section_title\" data-id=\"114a000\" data-element_type=\"widget\" data-widget_type=\"vt-ceremony_section_title.default\">\n\t\t\t\t<div class=\"elementor-widget-container\">\n\t\t\t<div class=\"section-title-wrap  crmny-sectTitleElementor \"><h2 class=\"section-title\">Traductions <\/h2><p>Je suis dipl\u00f4m\u00e9e en Langues et Litt\u00e9ratures Etrang\u00e8res et traductrice asserment\u00e9e depuis plus de 20 ans.  <br> Je collabore avec des importateurs de v\u00e9hicules, des agences d'assistance automobile, des avocats et des notaires.<\/p><\/div>\t\t<\/div>\n\t\t\t\t<\/div>\n\t\t\t\t<div class=\"elementor-element elementor-element-14b8125 elementor-widget elementor-widget-vt-ceremony_history\" data-id=\"14b8125\" data-element_type=\"widget\" data-widget_type=\"vt-ceremony_history.default\">\n\t\t\t\t<div class=\"elementor-widget-container\">\n\t\t\t<div class=\"crmny-history\">\r\n\t\t  <div class=\"container\">\r\n\t\t    <div class=\"row align-items-center\">\r\n\t\t      <div class=\"col-lg-4 textright history-left\">\r\n\t\t        <div class=\"history-item\">\r\n\t\t          <h4 class=\"history-title\">Nationalisation des voitures \u00e9trang\u00e8res<\/h4><p>Je traduis toute la documentation des automobiles europ\u00e9ennes, notamment les voitures allemandes. J'effectue mon travail de mani\u00e8re professionnelle et ponctuelle.<\/p>\r\n\t\t          \r\n\t\t        <\/div>\r\n\t\t      <\/div>\r\n\t\t      <div class=\"col-lg-4\">\r\n\t\t        <div class=\"history-item\">\r\n\t\t          <div class=\"crmny-image\"><img decoding=\"async\" src=\"https:\/\/lianamoca.it\/wp-content\/uploads\/2022\/01\/Attenzione_PrimaFoto-348x348.jpg\" alt=\"Nationalisation des voitures \u00e9trang\u00e8res\"><\/div>\r\n\t\t        <\/div>\r\n\t\t      <\/div>\r\n\t\t      <div class=\"col-lg-4 history-right\">\r\n\t\t        <div class=\"history-item\">\r\n\t\t          <h4 class=\"history-title\">Traductions asserment\u00e9es<\/h4><p>Je propose mon travail de traductrice asserment\u00e9e aux particuliers, aux avocats et aux notaires. \nJe travaille au Tribunal de Sulmona, o\u00f9 je suis convoqu\u00e9e pour les traductions asserment\u00e9es.<\/p>\r\n\t\t          \r\n\t\t        <\/div>\r\n\t\t      <\/div>\r\n\t\t    <\/div>\r\n\t\t  <\/div>\r\n\t\t<\/div>\t\t<\/div>\n\t\t\t\t<\/div>\n\t\t\t\t<div class=\"elementor-element elementor-element-bb24628 elementor-widget elementor-widget-vt-ceremony_section_title\" data-id=\"bb24628\" data-element_type=\"widget\" data-widget_type=\"vt-ceremony_section_title.default\">\n\t\t\t\t<div class=\"elementor-widget-container\">\n\t\t\t<div class=\"section-title-wrap  crmny-sectTitleElementor \"><h2 class=\"section-title\">D\u00e9lais de livraison et m\u00e9thodes de travail<\/h2><\/div>\t\t<\/div>\n\t\t\t\t<\/div>\n\t\t\t\t<div class=\"elementor-element elementor-element-ddd6650 elementor-widget elementor-widget-vt-ceremony_history\" data-id=\"ddd6650\" data-element_type=\"widget\" data-widget_type=\"vt-ceremony_history.default\">\n\t\t\t\t<div class=\"elementor-widget-container\">\n\t\t\t<div class=\"crmny-history\">\r\n\t\t  <div class=\"container\">\r\n\t\t    <div class=\"row align-items-center\">\r\n\t\t      <div class=\"col-lg-4 textright history-left\">\r\n\t\t        <div class=\"history-item\">\r\n\t\t          <h4 class=\"history-title\">Documents originaux<\/h4><p>Afin de traduire la documentation, j'ai besoin des originaux ou de copies recto-verso de bonne qualit\u00e9.<\/p>\r\n\t\t          \r\n\t\t        <\/div>\r\n\t\t      <\/div>\r\n\t\t      <div class=\"col-lg-4\">\r\n\t\t        <div class=\"history-item\">\r\n\t\t          <div class=\"crmny-image\"><img decoding=\"async\" src=\"https:\/\/lianamoca.it\/wp-content\/uploads\/2022\/01\/Attenzione_Secondafoto-348x348.jpg\" alt=\"Documents originaux\"><\/div>\r\n\t\t        <\/div>\r\n\t\t      <\/div>\r\n\t\t      <div class=\"col-lg-4 history-right\">\r\n\t\t        <div class=\"history-item\">\r\n\t\t          \r\n\t\t          \r\n\t\t        <\/div>\r\n\t\t      <\/div>\r\n\t\t    <\/div>\r\n\t\t  <\/div>\r\n\t\t<\/div>\t\t<\/div>\n\t\t\t\t<\/div>\n\t\t\t\t<div class=\"elementor-element elementor-element-8bcd717 elementor-widget elementor-widget-vt-ceremony_history\" data-id=\"8bcd717\" data-element_type=\"widget\" data-widget_type=\"vt-ceremony_history.default\">\n\t\t\t\t<div class=\"elementor-widget-container\">\n\t\t\t<div class=\"crmny-history\">\r\n\t\t  <div class=\"container\">\r\n\t\t    <div class=\"row align-items-center\">\r\n\t\t      <div class=\"col-lg-4 textright history-left\">\r\n\t\t        <div class=\"history-item\">\r\n\t\t          \r\n\t\t          \r\n\t\t        <\/div>\r\n\t\t      <\/div>\r\n\t\t      <div class=\"col-lg-4\">\r\n\t\t        <div class=\"history-item\">\r\n\t\t          <div class=\"crmny-image\"><img decoding=\"async\" src=\"https:\/\/lianamoca.it\/wp-content\/uploads\/2022\/01\/Attenzione_terzafoto-e1641740639149-348x348.jpg\" alt=\"\"><\/div>\r\n\t\t        <\/div>\r\n\t\t      <\/div>\r\n\t\t      <div class=\"col-lg-4 history-right\">\r\n\t\t        <div class=\"history-item\">\r\n\t\t          <h4 class=\"history-title\">Langues<\/h4><p><b> De\/\u00e0 <\/b> <br>\n<i>Allemand \/ Italien<br> \nItalien \/ Allemand<br> \nAnglais \/ Italien<br> \nItalien \/ Anglais<br> \nFran\u00e7ais \/ Italien<br> \nItalien \/ Fran\u00e7ais<br> \nEspagnol \/ Italien<br> \nItalien \/ Espagnol<\/i><\/p>\r\n\t\t          \r\n\t\t        <\/div>\r\n\t\t      <\/div>\r\n\t\t    <\/div>\r\n\t\t  <\/div>\r\n\t\t<\/div>\t\t<\/div>\n\t\t\t\t<\/div>\n\t\t\t\t<div class=\"elementor-element elementor-element-5c0ad43 elementor-widget elementor-widget-vt-ceremony_history\" data-id=\"5c0ad43\" data-element_type=\"widget\" data-widget_type=\"vt-ceremony_history.default\">\n\t\t\t\t<div class=\"elementor-widget-container\">\n\t\t\t<div class=\"crmny-history\">\r\n\t\t  <div class=\"container\">\r\n\t\t    <div class=\"row align-items-center\">\r\n\t\t      <div class=\"col-lg-4 textright history-left\">\r\n\t\t        <div class=\"history-item\">\r\n\t\t          <h4 class=\"history-title\">Calendrier<\/h4><p>Dans le cas de documents d'une \u00e0 trois pages, je peux vous renvoyer la copie asserment\u00e9e conforme dans un d\u00e9lai de trois ou quatre jours. Pour les documents plus longs, cela d\u00e9pendra de la difficult\u00e9 et de l'urgence.<\/p>\r\n\t\t          \r\n\t\t        <\/div>\r\n\t\t      <\/div>\r\n\t\t      <div class=\"col-lg-4\">\r\n\t\t        <div class=\"history-item\">\r\n\t\t          <div class=\"crmny-image\"><img decoding=\"async\" src=\"https:\/\/lianamoca.it\/wp-content\/uploads\/2022\/01\/Attenzionequartafoto-348x348.jpg\" alt=\"Calendrier\"><\/div>\r\n\t\t        <\/div>\r\n\t\t      <\/div>\r\n\t\t      <div class=\"col-lg-4 history-right\">\r\n\t\t        <div class=\"history-item\">\r\n\t\t          \r\n\t\t          \r\n\t\t        <\/div>\r\n\t\t      <\/div>\r\n\t\t    <\/div>\r\n\t\t  <\/div>\r\n\t\t<\/div>\t\t<\/div>\n\t\t\t\t<\/div>\n\t\t\t\t<div class=\"elementor-element elementor-element-14d1f5e elementor-widget elementor-widget-vt-ceremony_history\" data-id=\"14d1f5e\" data-element_type=\"widget\" data-widget_type=\"vt-ceremony_history.default\">\n\t\t\t\t<div class=\"elementor-widget-container\">\n\t\t\t<div class=\"crmny-history\">\r\n\t\t  <div class=\"container\">\r\n\t\t    <div class=\"row align-items-center\">\r\n\t\t      <div class=\"col-lg-4 textright history-left\">\r\n\t\t        <div class=\"history-item\">\r\n\t\t          \r\n\t\t          \r\n\t\t        <\/div>\r\n\t\t      <\/div>\r\n\t\t      <div class=\"col-lg-4\">\r\n\t\t        <div class=\"history-item\">\r\n\t\t          <div class=\"crmny-image\"><img decoding=\"async\" src=\"https:\/\/lianamoca.it\/wp-content\/uploads\/2022\/01\/Attenzionequintafoto-scaled-348x348.jpg\" alt=\"\"><\/div>\r\n\t\t        <\/div>\r\n\t\t      <\/div>\r\n\t\t      <div class=\"col-lg-4 history-right\">\r\n\t\t        <div class=\"history-item\">\r\n\t\t          <h4 class=\"history-title\">Co\u00fbts<\/h4><p>Pour un devis, je dois pouvoir voir toute la documentation. \nDes timbres fiscaux doivent \u00eatre ajout\u00e9s \u00e0 ma r\u00e9mun\u00e9ration, qui consiste d\u2019un minimum d'environ 20 \u20ac par chaque document.\n<\/p>\r\n\t\t          <div class=\"crmny-btn-wrap\"><a href=\"https:\/\/lianamoca.it\/index.php\/contatti\/\" target=\"_blank\" rel=\"nofollow\" class=\"crmny-btn crmny-green-border-btn\">Obtenez un devis maintenant!<\/a><\/div>\r\n\t\t        <\/div>\r\n\t\t      <\/div>\r\n\t\t    <\/div>\r\n\t\t  <\/div>\r\n\t\t<\/div>\t\t<\/div>\n\t\t\t\t<\/div>\n\t\t\t\t<div class=\"elementor-element elementor-element-acbc15e elementor-widget elementor-widget-vt-ceremony_history\" data-id=\"acbc15e\" data-element_type=\"widget\" data-widget_type=\"vt-ceremony_history.default\">\n\t\t\t\t<div class=\"elementor-widget-container\">\n\t\t\t<div class=\"crmny-history\">\r\n\t\t  <div class=\"container\">\r\n\t\t    <div class=\"row align-items-center\">\r\n\t\t      <div class=\"col-lg-4 textright history-left\">\r\n\t\t        <div class=\"history-item\">\r\n\t\t          <h4 class=\"history-title\">Collaboration avec des locuteurs natifs<\/h4><p>Je peux vous mettre en contact avec des coll\u00e8gues qui traduisent: <br>\n- Russe <br>\n- Albanais <br>\n- Polonais <br>\n- Roumain  <br>\n- N\u00e9erlandais <br><\/p>\r\n\t\t          \r\n\t\t        <\/div>\r\n\t\t      <\/div>\r\n\t\t      <div class=\"col-lg-4\">\r\n\t\t        <div class=\"history-item\">\r\n\t\t          <div class=\"crmny-image\"><img decoding=\"async\" src=\"https:\/\/lianamoca.it\/wp-content\/uploads\/2022\/01\/Attenzionesestafoto-348x348.jpg\" alt=\"Collaboration avec des locuteurs natifs\"><\/div>\r\n\t\t        <\/div>\r\n\t\t      <\/div>\r\n\t\t      <div class=\"col-lg-4 history-right\">\r\n\t\t        <div class=\"history-item\">\r\n\t\t          \r\n\t\t          \r\n\t\t        <\/div>\r\n\t\t      <\/div>\r\n\t\t    <\/div>\r\n\t\t  <\/div>\r\n\t\t<\/div>\t\t<\/div>\n\t\t\t\t<\/div>\n\t\t\t\t<div class=\"elementor-element elementor-element-8ef2404 elementor-widget elementor-widget-vt-ceremony_section_title\" data-id=\"8ef2404\" data-element_type=\"widget\" data-widget_type=\"vt-ceremony_section_title.default\">\n\t\t\t\t<div class=\"elementor-widget-container\">\n\t\t\t<div class=\"section-title-wrap  crmny-sectTitleElementor \"><div class=\"crmny-btn-wrap\"><a href=\"https:\/\/wa.me\/+393281227901\" target=\"_blank\" rel=\"nofollow\" class=\"crmny-btn\">Contactez-moi<\/a><\/div><\/div>\t\t<\/div>\n\t\t\t\t<\/div>\n\t\t\t\t\t<\/div>\n\t\t<\/div>\n\t\t\t\t\t<\/div>\n\t\t<\/section>\n\t\t\t\t<\/div>\n\t\t","protected":false},"excerpt":{"rendered":"Traductions Je suis dipl\u00f4m\u00e9e en Langues et Litt\u00e9ratures Etrang\u00e8res et traductrice asserment\u00e9e depuis plus de 20 ans. Je collabore avec des importateurs de v\u00e9hicules, des agences d&#8217;assistance automobile, des avocats et des notaires. Nationalisation des voitures \u00e9trang\u00e8res Je traduis toute la documentation des automobiles europ\u00e9ennes, notamment les voitures allemandes. J&#8217;effectue mon travail de mani\u00e8re professionnelle&#8230;","protected":false},"author":3,"featured_media":0,"parent":0,"menu_order":0,"comment_status":"closed","ping_status":"closed","template":"","meta":{"om_disable_all_campaigns":false,"_monsterinsights_skip_tracking":false,"_monsterinsights_sitenote_active":false,"_monsterinsights_sitenote_note":"","_monsterinsights_sitenote_category":0,"h5ap_radio_sources":[],"footnotes":""},"class_list":["post-4270","page","type-page","status-publish","hentry"],"aioseo_notices":[],"_links":{"self":[{"href":"https:\/\/lianamoca.it\/index.php\/wp-json\/wp\/v2\/pages\/4270","targetHints":{"allow":["GET"]}}],"collection":[{"href":"https:\/\/lianamoca.it\/index.php\/wp-json\/wp\/v2\/pages"}],"about":[{"href":"https:\/\/lianamoca.it\/index.php\/wp-json\/wp\/v2\/types\/page"}],"author":[{"embeddable":true,"href":"https:\/\/lianamoca.it\/index.php\/wp-json\/wp\/v2\/users\/3"}],"replies":[{"embeddable":true,"href":"https:\/\/lianamoca.it\/index.php\/wp-json\/wp\/v2\/comments?post=4270"}],"version-history":[{"count":13,"href":"https:\/\/lianamoca.it\/index.php\/wp-json\/wp\/v2\/pages\/4270\/revisions"}],"predecessor-version":[{"id":4616,"href":"https:\/\/lianamoca.it\/index.php\/wp-json\/wp\/v2\/pages\/4270\/revisions\/4616"}],"wp:attachment":[{"href":"https:\/\/lianamoca.it\/index.php\/wp-json\/wp\/v2\/media?parent=4270"}],"curies":[{"name":"wp","href":"https:\/\/api.w.org\/{rel}","templated":true}]}}