{"id":4265,"date":"2022-01-20T17:37:28","date_gmt":"2022-01-20T17:37:28","guid":{"rendered":"https:\/\/lianamoca.it\/?page_id=4265"},"modified":"2022-01-22T16:21:11","modified_gmt":"2022-01-22T16:21:11","slug":"rites-funeraires","status":"publish","type":"page","link":"https:\/\/lianamoca.it\/index.php\/rites-funeraires\/","title":{"rendered":"Rites fun\u00e9raires"},"content":{"rendered":"\t\t<div data-elementor-type=\"wp-post\" data-elementor-id=\"4265\" class=\"elementor elementor-4265\">\n\t\t\t\t\t\t<section class=\"elementor-section elementor-top-section elementor-element elementor-element-a0527ca elementor-section-full_width elementor-section-height-default elementor-section-height-default\" data-id=\"a0527ca\" data-element_type=\"section\">\n\t\t\t\t\t\t<div class=\"elementor-container elementor-column-gap-default\">\n\t\t\t\t\t<div class=\"elementor-column elementor-col-100 elementor-top-column elementor-element elementor-element-8defb1e\" data-id=\"8defb1e\" data-element_type=\"column\">\n\t\t\t<div class=\"elementor-widget-wrap elementor-element-populated\">\n\t\t\t\t\t\t<div class=\"elementor-element elementor-element-114a000 elementor-widget elementor-widget-vt-ceremony_section_title\" data-id=\"114a000\" data-element_type=\"widget\" data-widget_type=\"vt-ceremony_section_title.default\">\n\t\t\t\t<div class=\"elementor-widget-container\">\n\t\t\t<div class=\"section-title-wrap  crmny-sectTitleElementor \"><h2 class=\"section-title\">Les fun\u00e9railles la\u00efques<\/h2><p>Dire adieu \u00e0 une personne qui s'en va est toujours difficile. Et si cette personne avait exprim\u00e9 le souhait d'avoir des fun\u00e9railles la\u00efques, c'est d'autant plus compliqu\u00e9. Mais il est juste de respecter la volont\u00e9 de quelqu'un qui voulait \u00eatre salu\u00e9 de cette fa\u00e7on, et en tant que c\u00e9l\u00e9brante, je vous aiderai \u00e0 respecter ses souhaits. <\/p><\/div>\t\t<\/div>\n\t\t\t\t<\/div>\n\t\t\t\t<div class=\"elementor-element elementor-element-d428336 elementor-widget elementor-widget-spacer\" data-id=\"d428336\" data-element_type=\"widget\" data-widget_type=\"spacer.default\">\n\t\t\t\t<div class=\"elementor-widget-container\">\n\t\t\t<style>\/*! elementor - v3.22.0 - 17-06-2024 *\/\n.elementor-column .elementor-spacer-inner{height:var(--spacer-size)}.e-con{--container-widget-width:100%}.e-con-inner>.elementor-widget-spacer,.e-con>.elementor-widget-spacer{width:var(--container-widget-width,var(--spacer-size));--align-self:var(--container-widget-align-self,initial);--flex-shrink:0}.e-con-inner>.elementor-widget-spacer>.elementor-widget-container,.e-con>.elementor-widget-spacer>.elementor-widget-container{height:100%;width:100%}.e-con-inner>.elementor-widget-spacer>.elementor-widget-container>.elementor-spacer,.e-con>.elementor-widget-spacer>.elementor-widget-container>.elementor-spacer{height:100%}.e-con-inner>.elementor-widget-spacer>.elementor-widget-container>.elementor-spacer>.elementor-spacer-inner,.e-con>.elementor-widget-spacer>.elementor-widget-container>.elementor-spacer>.elementor-spacer-inner{height:var(--container-widget-height,var(--spacer-size))}.e-con-inner>.elementor-widget-spacer.elementor-widget-empty,.e-con>.elementor-widget-spacer.elementor-widget-empty{position:relative;min-height:22px;min-width:22px}.e-con-inner>.elementor-widget-spacer.elementor-widget-empty .elementor-widget-empty-icon,.e-con>.elementor-widget-spacer.elementor-widget-empty .elementor-widget-empty-icon{position:absolute;top:0;bottom:0;left:0;right:0;margin:auto;padding:0;width:22px;height:22px}<\/style>\t\t<div class=\"elementor-spacer\">\n\t\t\t<div class=\"elementor-spacer-inner\"><\/div>\n\t\t<\/div>\n\t\t\t\t<\/div>\n\t\t\t\t<\/div>\n\t\t\t\t<div class=\"elementor-element elementor-element-b6bfacc elementor-widget elementor-widget-vt-ceremony_history\" data-id=\"b6bfacc\" data-element_type=\"widget\" data-widget_type=\"vt-ceremony_history.default\">\n\t\t\t\t<div class=\"elementor-widget-container\">\n\t\t\t<div class=\"crmny-history\">\r\n\t\t  <div class=\"container\">\r\n\t\t    <div class=\"row align-items-center\">\r\n\t\t      <div class=\"col-lg-4 textright history-left\">\r\n\t\t        <div class=\"history-item\">\r\n\t\t          <h4 class=\"history-title\">Pour le d\u00e9funt<\/h4><p>Si le d\u00e9funt avait clairement exprim\u00e9 le d\u00e9sir de fun\u00e9railles la\u00efques, il est juste de respecter sa volont\u00e9.<\/p>\r\n\t\t          \r\n\t\t        <\/div>\r\n\t\t      <\/div>\r\n\t\t      <div class=\"col-lg-4\">\r\n\t\t        <div class=\"history-item\">\r\n\t\t          <div class=\"crmny-image\"><img decoding=\"async\" src=\"https:\/\/lianamoca.it\/wp-content\/uploads\/2021\/12\/1021239-scaled-348x348.jpg\" alt=\"Pour le d\u00e9funt\"><\/div>\r\n\t\t        <\/div>\r\n\t\t      <\/div>\r\n\t\t      <div class=\"col-lg-4 history-right\">\r\n\t\t        <div class=\"history-item\">\r\n\t\t          <h4 class=\"history-title\">Pour la famille et les amis<\/h4><p>Vous pouvez cr\u00e9er une c\u00e9r\u00e9monie qui peut impliquer toutes les personnes pr\u00e9sentes, quelle que soit leur vision philosophique de la vie.<\/p>\r\n\t\t          \r\n\t\t        <\/div>\r\n\t\t      <\/div>\r\n\t\t    <\/div>\r\n\t\t  <\/div>\r\n\t\t<\/div>\t\t<\/div>\n\t\t\t\t<\/div>\n\t\t\t\t<div class=\"elementor-element elementor-element-63985ee elementor-widget elementor-widget-vt-ceremony_section_title\" data-id=\"63985ee\" data-element_type=\"widget\" data-widget_type=\"vt-ceremony_section_title.default\">\n\t\t\t\t<div class=\"elementor-widget-container\">\n\t\t\t<div class=\"section-title-wrap  crmny-sectTitleElementor \"><h2 class=\"section-title\">Qui me contacte?<\/h2><p>En g\u00e9n\u00e9ral, c'est la famille du d\u00e9funt qui me contacte et me demande de c\u00e9l\u00e9brer les fun\u00e9railles. \nParfois, c'est le salon fun\u00e9raire qui me sollicite pour l'aider dans ce r\u00f4le d\u00e9licat.<\/p><\/div>\t\t<\/div>\n\t\t\t\t<\/div>\n\t\t\t\t<div class=\"elementor-element elementor-element-8ef2404 elementor-widget elementor-widget-vt-ceremony_section_title\" data-id=\"8ef2404\" data-element_type=\"widget\" data-widget_type=\"vt-ceremony_section_title.default\">\n\t\t\t\t<div class=\"elementor-widget-container\">\n\t\t\t<div class=\"section-title-wrap  crmny-sectTitleElementor \"><div class=\"crmny-btn-wrap\"><a href=\"https:\/\/wa.me\/+393281227901\" target=\"_blank\" rel=\"nofollow\" class=\"crmny-btn\">Contactez-moi<\/a><\/div><\/div>\t\t<\/div>\n\t\t\t\t<\/div>\n\t\t\t\t<div class=\"elementor-element elementor-element-a1586aa elementor-widget elementor-widget-vt-ceremony_marriage_day\" data-id=\"a1586aa\" data-element_type=\"widget\" data-widget_type=\"vt-ceremony_marriage_day.default\">\n\t\t\t\t<div class=\"elementor-widget-container\">\n\t\t\t<div class=\"crmny-big-day\"><div class=\"container\">\r\n    <div class=\"marriage-day\">\r\n      <div class=\"marriage-day-title\">\r\n        <div class=\"row\"><\/div>\r\n      <\/div><div class=\"day-item\">\r\n        <div class=\"row\">\r\n          <div class=\"col-lg-6 col-md-6  textright\">\r\n            <div class=\"day-function\">\r\n              <h4 class=\"function-title\">Le premier rencontre.<\/h4>\r\n              \r\n            <\/div>\r\n          <\/div>\r\n          <div class=\"col-lg-6 col-md-6 \">\r\n            <div class=\"day-info\">\r\n              <div class=\"crmny-icon\"><img decoding=\"async\" src=\"https:\/\/lianamoca.it\/wp-content\/uploads\/2021\/11\/stretta-di-mano.png\" width=\"70\" alt=\"Le premier rencontre.\"><\/div><p>En Italie, le d\u00e9lai entre le d\u00e9c\u00e8s et les fun\u00e9railles est g\u00e9n\u00e9ralement tr\u00e8s court. Cela rend mon travail tr\u00e8s difficile, car je dois rencontrer la famille et les amis afin de conna\u00eetre le d\u00e9funt.<\/p>\r\n            <\/div>\r\n          <\/div>\r\n        <\/div>\r\n      <\/div><div class=\"day-item\">\r\n        <div class=\"row\">\r\n          <div class=\"col-lg-6 col-md-6  order-md-2\">\r\n            <div class=\"day-function\">\r\n              <h4 class=\"function-title\">Le choix du lieu<\/h4>\r\n              \r\n            <\/div>\r\n          <\/div>\r\n          <div class=\"col-lg-6 col-md-6  textright order-md-1\">\r\n            <div class=\"day-info\">\r\n              <div class=\"crmny-icon\"><img decoding=\"async\" src=\"https:\/\/lianamoca.it\/wp-content\/uploads\/2021\/12\/giardino.png\" width=\"70\" alt=\"Le choix du lieu\"><\/div><p>Des fun\u00e9railles la\u00efques peuvent avoir lieu n'importe o\u00f9 - \u00e0 l'int\u00e9rieur ou \u00e0 l'ext\u00e9rieur. Mais il est important que le lieu soit digne et confortable avec les personnes pr\u00e9sentes.<\/p>\r\n            <\/div>\r\n          <\/div>\r\n        <\/div>\r\n      <\/div><div class=\"day-item\">\r\n        <div class=\"row\">\r\n          <div class=\"col-lg-6 col-md-6  textright\">\r\n            <div class=\"day-function\">\r\n              <h4 class=\"function-title\">Qui jouera un r\u00f4le?<\/h4>\r\n              \r\n            <\/div>\r\n          <\/div>\r\n          <div class=\"col-lg-6 col-md-6 \">\r\n            <div class=\"day-info\">\r\n              <div class=\"crmny-icon\"><img decoding=\"async\" src=\"https:\/\/lianamoca.it\/wp-content\/uploads\/2021\/11\/persone.png\" width=\"70\" alt=\"Qui jouera un r\u00f4le?\"><\/div><p>Outre la c\u00e9l\u00e9brante, d'autres personnes peuvent \u00e9galement prendre la parole: lire un po\u00e8me ou raconter une anecdote rend la c\u00e9r\u00e9monie plus intime.<\/p>\r\n            <\/div>\r\n          <\/div>\r\n        <\/div>\r\n      <\/div><div class=\"day-item\">\r\n        <div class=\"row\">\r\n          <div class=\"col-lg-6 col-md-6  order-md-2\">\r\n            <div class=\"day-function\">\r\n              <h4 class=\"function-title\">La r\u00e9daction<\/h4>\r\n              \r\n            <\/div>\r\n          <\/div>\r\n          <div class=\"col-lg-6 col-md-6  textright order-md-1\">\r\n            <div class=\"day-info\">\r\n              <div class=\"crmny-icon\"><img decoding=\"async\" src=\"https:\/\/lianamoca.it\/wp-content\/uploads\/2021\/11\/documents.png\" width=\"70\" alt=\"La r\u00e9daction\"><\/div><p>Lorsque j'aurai tous les d\u00e9tails, je pourrai r\u00e9diger un texte original et unique. \nChaque mot sera convenu avec vous, rien ne sera laiss\u00e9 au hasard. Le texte doit \u00eatre respectueux du d\u00e9funt et des personnes pr\u00e9sentes.<\/p>\r\n            <\/div>\r\n          <\/div>\r\n        <\/div>\r\n      <\/div><div class=\"day-item\">\r\n        <div class=\"row\">\r\n          <div class=\"col-lg-6 col-md-6  textright\">\r\n            <div class=\"day-function\">\r\n              <h4 class=\"function-title\">Le moment de la c\u00e9r\u00e9monie<\/h4>\r\n              \r\n            <\/div>\r\n          <\/div>\r\n          <div class=\"col-lg-6 col-md-6 \">\r\n            <div class=\"day-info\">\r\n              <div class=\"crmny-icon\"><img decoding=\"async\" src=\"https:\/\/lianamoca.it\/wp-content\/uploads\/2021\/11\/cuori.png\" width=\"70\" alt=\"Le moment de la c\u00e9r\u00e9monie\"><\/div><p>En tant que c\u00e9l\u00e9brante, je veillerai \u00e0 ce que la c\u00e9r\u00e9monie soit respectueuse de toutes les personnes pr\u00e9sentes et qu'elle soit un moment choral d'adieu digne au d\u00e9funt.<\/p>\r\n            <\/div>\r\n          <\/div>\r\n        <\/div>\r\n      <\/div><\/div><\/div><\/div>\t\t<\/div>\n\t\t\t\t<\/div>\n\t\t\t\t<div class=\"elementor-element elementor-element-d0a4929 elementor-widget elementor-widget-vt-ceremony_section_title\" data-id=\"d0a4929\" data-element_type=\"widget\" data-widget_type=\"vt-ceremony_section_title.default\">\n\t\t\t\t<div class=\"elementor-widget-container\">\n\t\t\t<div class=\"section-title-wrap  crmny-sectTitleElementor \"><div class=\"crmny-btn-wrap\"><a href=\"https:\/\/lianamoca.it\/index.php\/2022\/01\/10\/rite-funeraire\/\" target=\"_blank\" rel=\"nofollow\" class=\"crmny-btn\">Plus d'informations<\/a><\/div><\/div>\t\t<\/div>\n\t\t\t\t<\/div>\n\t\t\t\t\t<\/div>\n\t\t<\/div>\n\t\t\t\t\t<\/div>\n\t\t<\/section>\n\t\t\t\t<\/div>\n\t\t","protected":false},"excerpt":{"rendered":"Les fun\u00e9railles la\u00efques Dire adieu \u00e0 une personne qui s&#8217;en va est toujours difficile. Et si cette personne avait exprim\u00e9 le souhait d&#8217;avoir des fun\u00e9railles la\u00efques, c&#8217;est d&#8217;autant plus compliqu\u00e9. Mais il est juste de respecter la volont\u00e9 de quelqu&#8217;un qui voulait \u00eatre salu\u00e9 de cette fa\u00e7on, et en tant que c\u00e9l\u00e9brante, je vous aiderai&#8230;","protected":false},"author":3,"featured_media":0,"parent":0,"menu_order":0,"comment_status":"closed","ping_status":"closed","template":"","meta":{"om_disable_all_campaigns":false,"_monsterinsights_skip_tracking":false,"_monsterinsights_sitenote_active":false,"_monsterinsights_sitenote_note":"","_monsterinsights_sitenote_category":0,"h5ap_radio_sources":[],"footnotes":""},"class_list":["post-4265","page","type-page","status-publish","hentry"],"aioseo_notices":[],"_links":{"self":[{"href":"https:\/\/lianamoca.it\/index.php\/wp-json\/wp\/v2\/pages\/4265","targetHints":{"allow":["GET"]}}],"collection":[{"href":"https:\/\/lianamoca.it\/index.php\/wp-json\/wp\/v2\/pages"}],"about":[{"href":"https:\/\/lianamoca.it\/index.php\/wp-json\/wp\/v2\/types\/page"}],"author":[{"embeddable":true,"href":"https:\/\/lianamoca.it\/index.php\/wp-json\/wp\/v2\/users\/3"}],"replies":[{"embeddable":true,"href":"https:\/\/lianamoca.it\/index.php\/wp-json\/wp\/v2\/comments?post=4265"}],"version-history":[{"count":13,"href":"https:\/\/lianamoca.it\/index.php\/wp-json\/wp\/v2\/pages\/4265\/revisions"}],"predecessor-version":[{"id":4670,"href":"https:\/\/lianamoca.it\/index.php\/wp-json\/wp\/v2\/pages\/4265\/revisions\/4670"}],"wp:attachment":[{"href":"https:\/\/lianamoca.it\/index.php\/wp-json\/wp\/v2\/media?parent=4265"}],"curies":[{"name":"wp","href":"https:\/\/api.w.org\/{rel}","templated":true}]}}