{"id":4177,"date":"2022-01-19T20:31:13","date_gmt":"2022-01-19T20:31:13","guid":{"rendered":"https:\/\/lianamoca.it\/?page_id=4177"},"modified":"2022-02-02T10:22:34","modified_gmt":"2022-02-02T10:22:34","slug":"a-propos-de-moi","status":"publish","type":"page","link":"https:\/\/lianamoca.it\/index.php\/a-propos-de-moi\/","title":{"rendered":"A propos de moi"},"content":{"rendered":"\t\t<div data-elementor-type=\"wp-post\" data-elementor-id=\"4177\" class=\"elementor elementor-4177\">\n\t\t\t\t\t\t<section class=\"elementor-section elementor-top-section elementor-element elementor-element-a0527ca elementor-section-full_width elementor-section-height-default elementor-section-height-default\" data-id=\"a0527ca\" data-element_type=\"section\">\n\t\t\t\t\t\t<div class=\"elementor-container elementor-column-gap-default\">\n\t\t\t\t\t<div class=\"elementor-column elementor-col-100 elementor-top-column elementor-element elementor-element-8defb1e\" data-id=\"8defb1e\" data-element_type=\"column\">\n\t\t\t<div class=\"elementor-widget-wrap elementor-element-populated\">\n\t\t\t\t\t\t<div class=\"elementor-element elementor-element-c2ded59 elementor-widget elementor-widget-vt-ceremony_history\" data-id=\"c2ded59\" data-element_type=\"widget\" data-widget_type=\"vt-ceremony_history.default\">\n\t\t\t\t<div class=\"elementor-widget-container\">\n\t\t\t<div class=\"crmny-history\">\r\n\t\t  <div class=\"container\">\r\n\t\t    <div class=\"row align-items-center\">\r\n\t\t      <div class=\"col-lg-4 textright history-left\">\r\n\t\t        <div class=\"history-item\">\r\n\t\t          \r\n\t\t          \r\n\t\t        <\/div>\r\n\t\t      <\/div>\r\n\t\t      <div class=\"col-lg-4\">\r\n\t\t        <div class=\"history-item\">\r\n\t\t          <div class=\"crmny-image\"><img decoding=\"async\" src=\"https:\/\/lianamoca.it\/wp-content\/uploads\/2022\/01\/WhatsApp-Image-2021-11-22-at-12.25.42_credits-348x348.jpg\" alt=\"\"><\/div>\r\n\t\t        <\/div>\r\n\t\t      <\/div>\r\n\t\t      <div class=\"col-lg-4 history-right\">\r\n\t\t        <div class=\"history-item\">\r\n\t\t          \r\n\t\t          \r\n\t\t        <\/div>\r\n\t\t      <\/div>\r\n\t\t    <\/div>\r\n\t\t  <\/div>\r\n\t\t<\/div>\t\t<\/div>\n\t\t\t\t<\/div>\n\t\t\t\t<div class=\"elementor-element elementor-element-114a000 elementor-widget elementor-widget-vt-ceremony_section_title\" data-id=\"114a000\" data-element_type=\"widget\" data-widget_type=\"vt-ceremony_section_title.default\">\n\t\t\t\t<div class=\"elementor-widget-container\">\n\t\t\t<div class=\"section-title-wrap  crmny-sectTitleElementor \"><h2 class=\"section-title\">A propos de moi<\/h2><p>Je suis une personne positive avec un fort d\u00e9sir de conna\u00eetre les autres et leurs histoires. J'ai toujours essay\u00e9 de comprendre les raisons des choix des personnes devant moi et l'empathie m'a beaucoup aid\u00e9 en cela.\nJe suis bavarde, j'en ai conscience, mais je sais que je peux \u00e9couter les autres et poser les bonnes questions pour permettre \u00e0 chacun de se raconter.\nCes caract\u00e9ristiques m'ont amen\u00e9 tr\u00e8s naturellement \u00e0 vouloir faire ce m\u00e9tier.\nPour moi, c\u00e9l\u00e9brer une c\u00e9r\u00e9monie est un moment important dans la vie de ceux qui m'ont appel\u00e9 \u00e0 ce r\u00f4le, mais c'est aussi un moment important pour moi.\nJ'essaie d'entrer dans la vie des autres avec un respect extr\u00eame, d'\u00e9couter attentivement leurs histoires et je m'engage s\u00e9rieusement \u00e0 trouver les mots justes \u00e0 utiliser lors de la c\u00e9r\u00e9monie. Rien ne doit \u00eatre laiss\u00e9 au hasard, car il n'y a pas de r\u00e9p\u00e9tition g\u00e9n\u00e9rale. Cela signifie pr\u00e9voir toutes les \u00e9ventualit\u00e9s, imaginer ce qui peut arriver ou ce qui peut \u00eatre n\u00e9cessaire. Et c'est pourquoi le professionnalisme est l'une des composantes importantes de ce travail.\nJe collabore avec les professionnels qui travaillent pour la c\u00e9r\u00e9monie. Avec les planificateurs de mariage, les traiteurs, le photographe ou les musiciens lorsqu'il s'agit de mariages ou de f\u00eates en g\u00e9n\u00e9ral; avec les salons fun\u00e9raires lorsqu'il s'agit de fun\u00e9railles.\nCe sont des moments importants que les professionnels peuvent rendre sp\u00e9ciaux et soulager les clients de tous leurs soucis.<\/p><\/div>\t\t<\/div>\n\t\t\t\t<\/div>\n\t\t\t\t<div class=\"elementor-element elementor-element-705b265 elementor-widget elementor-widget-image\" data-id=\"705b265\" data-element_type=\"widget\" data-widget_type=\"image.default\">\n\t\t\t\t<div class=\"elementor-widget-container\">\n\t\t\t<style>\/*! elementor - v3.22.0 - 17-06-2024 *\/\n.elementor-widget-image{text-align:center}.elementor-widget-image a{display:inline-block}.elementor-widget-image a img[src$=\".svg\"]{width:48px}.elementor-widget-image img{vertical-align:middle;display:inline-block}<\/style>\t\t\t\t\t\t\t\t\t\t<img decoding=\"async\" src=\"https:\/\/lianamoca.it\/wp-content\/uploads\/elementor\/thumbs\/secondafotochisono-qf5pugl69izkmv9pthamv1trcab3scenbf13seh2n4.jpeg\" title=\"secondafotochisono\" alt=\"secondafotochisono\" loading=\"lazy\" \/>\t\t\t\t\t\t\t\t\t\t\t\t\t<\/div>\n\t\t\t\t<\/div>\n\t\t\t\t<div class=\"elementor-element elementor-element-cc96150 elementor-widget elementor-widget-vt-ceremony_section_title\" data-id=\"cc96150\" data-element_type=\"widget\" data-widget_type=\"vt-ceremony_section_title.default\">\n\t\t\t\t<div class=\"elementor-widget-container\">\n\t\t\t<div class=\"section-title-wrap  crmny-sectTitleElementor \"><p>\n<br><br>\n<b> MON HISTOIRE DE C\u00c9L\u00c9BRANTE<\/b>\n<br><br>\nJe me suis int\u00e9ress\u00e9 aux c\u00e9r\u00e9monies la\u00efques en pensant \u00e0 ce que je voulais pour moi.\nJe n'appartiens \u00e0 aucune religion, mais j'ai toujours pens\u00e9 que les moments de transition devaient \u00eatre partag\u00e9s avec les personnes importantes de notre vie.\nC'est ce qui m'a pouss\u00e9 \u00e0 participer au cours Uaar avec le professeur Richard Brown en 2014. \u00c0 partir de ce moment, mon engagement s'est \u00e9largi et j'ai commenc\u00e9 \u00e0 collaborer avec l'Uaar \u00e0 la croissance du projet li\u00e9 aux c\u00e9r\u00e9monies la\u00efques, qui s'est ensuite transform\u00e9e en  <a href=\"https:\/\/www.cerimonieuniche.it\/\" target=\"_blank\">Cerimonieuniche<\/a>. J'ai travaill\u00e9 aux c\u00f4t\u00e9s des enseignants de ce projet, Richard Brown, Clarissa Botsford et Rosanna Lavagna ; avec eux, j'ai suivi les \u00e9tudiants, les aidant et les soutenant dans ce travail encore peu connu en Italie.\nGr\u00e2ce \u00e0 cette confrontation permanente avec mes coll\u00e8gues, nous avons ressenti le besoin de cr\u00e9er une association de c\u00e9l\u00e9brants professionnels.\nClarissa, Richard et moi-m\u00eame avons fond\u00e9  <a href=\"https:\/\/www.federcelebranti.com\" target=\"_blank\">Federcelebranti<\/a>, en mars 2021, qui rassemble aujourd'hui des dizaines de professionnels du secteur.\nMais la plus grande r\u00e9ussite a \u00e9t\u00e9 la publication de la pratique de r\u00e9f\u00e9rence UNI\/PdR 118:2021 en septembre 2021, qui r\u00e9glemente le travail des c\u00e9l\u00e9brants.\nCette \u00e9tape tr\u00e8s importante a \u00e9t\u00e9 con\u00e7ue sp\u00e9cialement pour les personnes qui se tournent vers les c\u00e9l\u00e9brants \u00e0 un moment fondamental de leur vie et de leur droit de pouvoir trouver un professionnel certifi\u00e9. Avec Richard et Clarissa j'ai eu l'honneur de m'asseoir \u00e0 la table d'UNI en tant qu'expert et cette exp\u00e9rience a grandement enrichi mon parcours personnel. C'\u00e9tait \u00e9galement tr\u00e8s satisfaisant, car bien que ce travail soit r\u00e9pandu en Europe, nous avons \u00e9t\u00e9 les premiers \u00e0 r\u00e9glementer cette activit\u00e9.\n<br><br>\n<b> O\u00d9 EST-CE QUE JE TRAVAILLE EN TANT QUE C\u00c9L\u00c9BRANT?<\/b>\n<br><br>\nJe travaille principalement dans les Abruzzes, le Molise, l'Ombrie, les Marches et la province de Foggia. Mais je n'ai aucun probl\u00e8me \u00e0 d\u00e9m\u00e9nager dans d'autres r\u00e9gions d'Italie.\n<br><br>\n<b> DANS QUELLES LANGUES DOIS-JE C\u00c9L\u00c9BRER?<\/b>\n<br><br>\nJe c\u00e9l\u00e8bre en italien, anglais, allemand, fran\u00e7ais et espagnol.\n<br><br>\n<b> ET S'IL Y AVAIT DES INVIT\u00c9S QUI PARLENT DEUX LANGUES DIFF\u00c9RENTES?<\/b>\n<br><br>\nPas de probl\u00e8me : la c\u00e9r\u00e9monie peut se faire en deux langues. Nous pouvons pr\u00e9parer le livret de mariage bilingue, afin que tous les invit\u00e9s puissent suivre la c\u00e9r\u00e9monie. Ne sous-estimez pas ce d\u00e9tail. Il est tr\u00e8s important que tous les invit\u00e9s se sentent impliqu\u00e9s lors de la c\u00e9r\u00e9monie. S'ils sont l\u00e0 c'est parce qu'ils repr\u00e9sentent pour vous une partie fondamentale de votre vie et ils voudront comprendre ce qui se passe. Ensuite nous \u00e9tudierons la solution pour qu'ils suivent la c\u00e9r\u00e9monie.\n\n<\/p><\/div>\t\t<\/div>\n\t\t\t\t<\/div>\n\t\t\t\t<div class=\"elementor-element elementor-element-d844930 elementor-widget elementor-widget-vt-ceremony_section_title\" data-id=\"d844930\" data-element_type=\"widget\" data-widget_type=\"vt-ceremony_section_title.default\">\n\t\t\t\t<div class=\"elementor-widget-container\">\n\t\t\t<div class=\"section-title-wrap  crmny-sectTitleElementor \"><div class=\"crmny-btn-wrap\"><a href=\"https:\/\/wa.me\/+393281227901\" target=\"_blank\" rel=\"nofollow\" class=\"crmny-btn\">Contactez-moi<\/a><\/div><\/div>\t\t<\/div>\n\t\t\t\t<\/div>\n\t\t\t\t\t<\/div>\n\t\t<\/div>\n\t\t\t\t\t<\/div>\n\t\t<\/section>\n\t\t\t\t<section class=\"elementor-section elementor-top-section elementor-element elementor-element-c8a977c elementor-section-stretched elementor-section-full_width elementor-section-height-default elementor-section-height-default\" data-id=\"c8a977c\" data-element_type=\"section\" data-settings=\"{&quot;stretch_section&quot;:&quot;section-stretched&quot;,&quot;background_background&quot;:&quot;classic&quot;}\">\n\t\t\t\t\t\t<div class=\"elementor-container elementor-column-gap-default\">\n\t\t\t\t\t<div class=\"elementor-column elementor-col-100 elementor-top-column elementor-element elementor-element-a0ca61e\" data-id=\"a0ca61e\" data-element_type=\"column\">\n\t\t\t<div class=\"elementor-widget-wrap elementor-element-populated\">\n\t\t\t\t\t\t<div class=\"elementor-element elementor-element-e2bd6f4 elementor-widget elementor-widget-vt-ceremony_section_title\" data-id=\"e2bd6f4\" data-element_type=\"widget\" data-widget_type=\"vt-ceremony_section_title.default\">\n\t\t\t\t<div class=\"elementor-widget-container\">\n\t\t\t<div class=\"section-title-wrap  crmny-sectTitleElementor \"><h2 class=\"section-title\">Qu'est-ce que je fais? <br> Qu'est-ce que je ne fais pas?<\/h2><p><b> Que dois-je faire en tant que c\u00e9l\u00e9brant ? Un petit guide pour vous aider \u00e0 comprendre en quoi consiste mon travail et quels services je propose\n<br>\n<br>\n\nQu'est-ce que je fais?  <\/b><br>\nJ'\u00e9cris la c\u00e9r\u00e9monie selon les sp\u00e9cifications des clients. Je le personnalise, j'essaie d'inclure tous les d\u00e9tails importants et les valeurs de la mani\u00e8re la plus respectueuse pour chacun et ensuite je le c\u00e9l\u00e8bre. \nJe vous aide \u00e0 comprendre ce que vous pouvez inclure dans la c\u00e9r\u00e9monie et comment vous pouvez la rendre belle et partageable.\nJe vous aide \u00e0 choisir les lectures ou la musique \u00e0 inclure dans la c\u00e9r\u00e9monie.\nJe vous aide \u00e0 trouver les lieux o\u00f9 vous pourrez c\u00e9l\u00e9brer le mariage de vos r\u00eaves, qu'il soit civil ou symbolique.\n <br><br>\n\n\n\n<b>\nQu'est-ce que je ne fais pas?  <br>\n\n<\/b>\n\n\nJe ne suis pas un organisateur de mariage ou un directeur de fun\u00e9railles.\nJe n'installe pas l'espace et je ne fournis pas le mat\u00e9riel pour la c\u00e9r\u00e9monie.\nJe n'organise pas le lieu de la c\u00e9r\u00e9monie, je ne fournis pas le mat\u00e9riel d'embellissement, ni le mat\u00e9riel pour les rites.\nSurtout, je ne porte pas l'\u00e9charpe tricolore s'il s'agit d'une c\u00e9r\u00e9monie symbolique. L'utilisation de l'\u00e9charpe est r\u00e9glement\u00e9e et ne peut \u00eatre utilis\u00e9e qu'en cas de mariage ou de partenariat civil.\n\n<\/p><\/div>\t\t<\/div>\n\t\t\t\t<\/div>\n\t\t\t\t\t<\/div>\n\t\t<\/div>\n\t\t\t\t\t<\/div>\n\t\t<\/section>\n\t\t\t\t<\/div>\n\t\t","protected":false},"excerpt":{"rendered":"A propos de moi Je suis une personne positive avec un fort d\u00e9sir de conna\u00eetre les autres et leurs histoires. J&#8217;ai toujours essay\u00e9 de comprendre les raisons des choix des personnes devant moi et l&#8217;empathie m&#8217;a beaucoup aid\u00e9 en cela. Je suis bavarde, j&#8217;en ai conscience, mais je sais que je peux \u00e9couter les autres&#8230;","protected":false},"author":3,"featured_media":0,"parent":0,"menu_order":0,"comment_status":"closed","ping_status":"closed","template":"","meta":{"om_disable_all_campaigns":false,"_monsterinsights_skip_tracking":false,"_monsterinsights_sitenote_active":false,"_monsterinsights_sitenote_note":"","_monsterinsights_sitenote_category":0,"h5ap_radio_sources":[],"footnotes":""},"class_list":["post-4177","page","type-page","status-publish","hentry"],"aioseo_notices":[],"_links":{"self":[{"href":"https:\/\/lianamoca.it\/index.php\/wp-json\/wp\/v2\/pages\/4177","targetHints":{"allow":["GET"]}}],"collection":[{"href":"https:\/\/lianamoca.it\/index.php\/wp-json\/wp\/v2\/pages"}],"about":[{"href":"https:\/\/lianamoca.it\/index.php\/wp-json\/wp\/v2\/types\/page"}],"author":[{"embeddable":true,"href":"https:\/\/lianamoca.it\/index.php\/wp-json\/wp\/v2\/users\/3"}],"replies":[{"embeddable":true,"href":"https:\/\/lianamoca.it\/index.php\/wp-json\/wp\/v2\/comments?post=4177"}],"version-history":[{"count":16,"href":"https:\/\/lianamoca.it\/index.php\/wp-json\/wp\/v2\/pages\/4177\/revisions"}],"predecessor-version":[{"id":5165,"href":"https:\/\/lianamoca.it\/index.php\/wp-json\/wp\/v2\/pages\/4177\/revisions\/5165"}],"wp:attachment":[{"href":"https:\/\/lianamoca.it\/index.php\/wp-json\/wp\/v2\/media?parent=4177"}],"curies":[{"name":"wp","href":"https:\/\/api.w.org\/{rel}","templated":true}]}}