{"id":4154,"date":"2022-01-19T20:10:50","date_gmt":"2022-01-19T20:10:50","guid":{"rendered":"https:\/\/lianamoca.it\/?page_id=4154"},"modified":"2022-01-19T20:15:44","modified_gmt":"2022-01-19T20:15:44","slug":"ceremonies-daccueil","status":"publish","type":"page","link":"https:\/\/lianamoca.it\/index.php\/ceremonies-daccueil\/","title":{"rendered":"C\u00e9r\u00e9monies d&#8217;accueil"},"content":{"rendered":"\t\t<div data-elementor-type=\"wp-post\" data-elementor-id=\"4154\" class=\"elementor elementor-4154\">\n\t\t\t\t\t\t<section class=\"elementor-section elementor-top-section elementor-element elementor-element-a0527ca elementor-section-full_width elementor-section-height-default elementor-section-height-default\" data-id=\"a0527ca\" data-element_type=\"section\">\n\t\t\t\t\t\t<div class=\"elementor-container elementor-column-gap-default\">\n\t\t\t\t\t<div class=\"elementor-column elementor-col-100 elementor-top-column elementor-element elementor-element-8defb1e\" data-id=\"8defb1e\" data-element_type=\"column\">\n\t\t\t<div class=\"elementor-widget-wrap elementor-element-populated\">\n\t\t\t\t\t\t<div class=\"elementor-element elementor-element-114a000 elementor-widget elementor-widget-vt-ceremony_section_title\" data-id=\"114a000\" data-element_type=\"widget\" data-widget_type=\"vt-ceremony_section_title.default\">\n\t\t\t\t<div class=\"elementor-widget-container\">\n\t\t\t<div class=\"section-title-wrap  crmny-sectTitleElementor \"><h2 class=\"section-title\">C\u00e9r\u00e9monies d'accueil<\/h2><p>Lorsqu'une fille ou un gar\u00e7on arrive dans une famille, il est naturel de vouloir faire la f\u00eate. Il peut s'agir d'une naissance ou d'une adoption : c'est un moment important et doit \u00eatre partag\u00e9 avec tout le monde.<\/p><\/div>\t\t<\/div>\n\t\t\t\t<\/div>\n\t\t\t\t<div class=\"elementor-element elementor-element-c1d66dd elementor-widget elementor-widget-vt-ceremony_love_story\" data-id=\"c1d66dd\" data-element_type=\"widget\" data-widget_type=\"vt-ceremony_love_story.default\">\n\t\t\t\t<div class=\"elementor-widget-container\">\n\t\t\t\t\t<div class=\"crmny-love-story\">\r\n      <div class=\"container\">\r\n        <div class=\"row align-items-center\">\r\n          <div class=\"col-lg-3 textright\">\r\n            <div class=\"story-item\">\r\n\t            <h3 class=\"story-person\">NAISSANCE <\/h3><p>Un accueil est la mani\u00e8re de saluer un nouveau-n\u00e9. Une c\u00e9r\u00e9monie simple qui sert \u00e0 communiquer l'engagement envers cette nouvelle vie.<\/p><div class=\"crmny-social rounded\">\t\t\t\t  \t\t\t\t\t<a href=\"\"  class=\"\"><i class=\"\"><\/i><\/a>\r\n\t\t\t\t\t\t\t\t<\/div>            <\/div>\r\n          <\/div>\r\n                    <div class=\"col-lg-6 textcenter\">\r\n            <div class=\"couple-image\">\r\n              <div class=\"story-icon\"><\/div>\r\n              <div class=\"row\">\r\n              <div class=\"col-md-6\"><div class=\"crmny-image\"><img decoding=\"async\" src=\"https:\/\/lianamoca.it\/wp-content\/uploads\/2021\/11\/cerimoniedibenvenuto2-scaled.jpg\" alt=\"NAISSANCE \"><\/div><\/div><div class=\"col-md-6\"><div class=\"crmny-image\"><img decoding=\"async\" src=\"https:\/\/lianamoca.it\/wp-content\/uploads\/2021\/11\/cerimoniedibenvenuto1-scaled.jpg\" alt=\"NAISSANCE \"><\/div><\/div>  \r\n              <\/div>\r\n            <\/div>\r\n          <\/div>\r\n                    <div class=\"col-lg-3\">\r\n            <div class=\"story-item\">\r\n              <h3 class=\"story-person\">ADOPTION <\/h3><p>Les mots et les gestes sont importants lorsque l'enfant qui arrive est adopt\u00e9. Une c\u00e9r\u00e9monie de bienvenue souligne ce moment avec amour.<\/p>              <div class=\"crmny-social rounded\">\t\t\t\t  \t\t\t\t\t<a href=\"https:\/\/www.twitter.com\" target=\"_blank\" rel=\"nofollow\" class=\"aaa icon-fa-twitter\"><i class=\"fa fa-twitter\"><\/i><\/a>\r\n\t\t\t\t  \t\t\t<\/div>            <\/div>\r\n          <\/div>\r\n        <\/div>\r\n        <div class=\"story-place\">\r\n          <div class=\"crmny-btn-wrap\"><a href=\"https:\/\/lianamoca.it\/index.php\/contatti\/\" target=\"_blank\" rel=\"nofollow\" class=\"crmny-btn\">Contactez-moi<\/a><\/div>        <\/div>\r\n      <\/div>\r\n    <\/div>\r\n\t\t\r\n\t\t<\/div>\n\t\t\t\t<\/div>\n\t\t\t\t\t<\/div>\n\t\t<\/div>\n\t\t\t\t\t<\/div>\n\t\t<\/section>\n\t\t\t\t<section class=\"elementor-section elementor-top-section elementor-element elementor-element-c8a977c elementor-section-stretched elementor-section-full_width elementor-section-height-default elementor-section-height-default\" data-id=\"c8a977c\" data-element_type=\"section\" data-settings=\"{&quot;stretch_section&quot;:&quot;section-stretched&quot;,&quot;background_background&quot;:&quot;classic&quot;}\">\n\t\t\t\t\t\t<div class=\"elementor-container elementor-column-gap-default\">\n\t\t\t\t\t<div class=\"elementor-column elementor-col-100 elementor-top-column elementor-element elementor-element-a0ca61e\" data-id=\"a0ca61e\" data-element_type=\"column\">\n\t\t\t<div class=\"elementor-widget-wrap elementor-element-populated\">\n\t\t\t\t\t\t<div class=\"elementor-element elementor-element-310e86b elementor-widget elementor-widget-vt-ceremony_proposal_story\" data-id=\"310e86b\" data-element_type=\"widget\" data-widget_type=\"vt-ceremony_proposal_story.default\">\n\t\t\t\t<div class=\"elementor-widget-container\">\n\t\t\t<div class=\"crmny-proposal-story\">\r\n      <div class=\"container\">\r\n        <div class=\"proposal-story\"><div class=\"proposal-story-item\">\r\n            <div class=\"row align-items-center\">\r\n              <div class=\"col-md-5  textright\">\r\n                <div class=\"proposal-story-info\">\r\n                  <h4 class=\"proposal-story-title\"><span>La premi\u00e8re r\u00e9union.<\/span><\/h4><p>La chose la plus importante au cours de ce premier entretien est de savoir si je suis la personne adapt\u00e9e pour vous. Nous apprendrons \u00e0 nous conna\u00eetre, vous m'expliquerez ce que vous voulez communiquer avec la c\u00e9r\u00e9monie et je vous \u00e9couterai attentivement.<\/p>\r\n                <\/div>\r\n              <\/div>\r\n              <div class=\"col-md-7 \">\r\n                <div class=\"crmny-icon\">\r\n                  <div class=\"crmny-table-wrap\">\r\n                    <div class=\"crmny-align-wrap\">\r\n                      <img decoding=\"async\" src=\"https:\/\/lianamoca.it\/wp-content\/uploads\/2021\/11\/stretta-di-mano.png\" width=\"59\" alt=\"La premi\u00e8re r\u00e9union.\">\r\n                    <\/div>\r\n                  <\/div>\r\n                <\/div>\r\n              <\/div>\r\n            <\/div>\r\n          <\/div><div class=\"proposal-story-item\">\r\n            <div class=\"row align-items-center\">\r\n              <div class=\"col-md-5  order-md-2\">\r\n                <div class=\"proposal-story-info\">\r\n                  <h4 class=\"proposal-story-title\"><span>Qui jouera un r\u00f4le?<\/span><\/h4><p>Chaque famille est diff\u00e9rente, j'aurai donc besoin de comprendre qui seront les personnes qui assisteront \u00e0 la c\u00e9r\u00e9monie et leurs r\u00f4les. En plus des parents, il peut y avoir d'autres enfants, grands-parents, parrain ou marraine<\/p>\r\n                <\/div>\r\n              <\/div>\r\n              <div class=\"col-md-7  textright order-md-1\">\r\n                <div class=\"crmny-icon\">\r\n                  <div class=\"crmny-table-wrap\">\r\n                    <div class=\"crmny-align-wrap\">\r\n                      <img decoding=\"async\" src=\"https:\/\/lianamoca.it\/wp-content\/uploads\/2021\/11\/famiglia.png\" width=\"59\" alt=\"Qui jouera un r\u00f4le?\">\r\n                    <\/div>\r\n                  <\/div>\r\n                <\/div>\r\n              <\/div>\r\n            <\/div>\r\n          <\/div><div class=\"proposal-story-item\">\r\n            <div class=\"row align-items-center\">\r\n              <div class=\"col-md-5  textright\">\r\n                <div class=\"proposal-story-info\">\r\n                  <h4 class=\"proposal-story-title\"><span>Rites<\/span><\/h4><p>Nous choisirons ensemble les rites qui enrichiront la c\u00e9r\u00e9monie. Il n'y a pas de limites \u00e0 la fantaisie. Beaucoup d\u00e9pendra \u00e9galement du lieu ou des personnes impliqu\u00e9es, ou de leur \u00e2ge.<\/p>\r\n                <\/div>\r\n              <\/div>\r\n              <div class=\"col-md-7 \">\r\n                <div class=\"crmny-icon\">\r\n                  <div class=\"crmny-table-wrap\">\r\n                    <div class=\"crmny-align-wrap\">\r\n                      <img decoding=\"async\" src=\"https:\/\/lianamoca.it\/wp-content\/uploads\/2021\/11\/regalo.png\" width=\"59\" alt=\"Rites\">\r\n                    <\/div>\r\n                  <\/div>\r\n                <\/div>\r\n              <\/div>\r\n            <\/div>\r\n          <\/div><div class=\"proposal-story-item\">\r\n            <div class=\"row align-items-center\">\r\n              <div class=\"col-md-5  order-md-2\">\r\n                <div class=\"proposal-story-info\">\r\n                  <h4 class=\"proposal-story-title\"><span>Les mots<\/span><\/h4><p>En plus de moi qui serai la c\u00e9l\u00e9brante, d'autres personnes pourront \u00e9galement intervenir lors de la c\u00e9r\u00e9monie. Le choix peut se porter sur un po\u00e8me ou un passage d'un auteur connu, ou des mots originaux peuvent \u00eatre utilis\u00e9s.<\/p>\r\n                <\/div>\r\n              <\/div>\r\n              <div class=\"col-md-7  textright order-md-1\">\r\n                <div class=\"crmny-icon\">\r\n                  <div class=\"crmny-table-wrap\">\r\n                    <div class=\"crmny-align-wrap\">\r\n                      <img decoding=\"async\" src=\"https:\/\/lianamoca.it\/wp-content\/uploads\/2021\/11\/documento.png\" width=\"59\" alt=\"Les mots\">\r\n                    <\/div>\r\n                  <\/div>\r\n                <\/div>\r\n              <\/div>\r\n            <\/div>\r\n          <\/div><div class=\"proposal-story-item\">\r\n            <div class=\"row align-items-center\">\r\n              <div class=\"col-md-5  textright\">\r\n                <div class=\"proposal-story-info\">\r\n                  <h4 class=\"proposal-story-title\"><span>La r\u00e9daction<\/span><\/h4><p>Lorsque je dispose de tous les d\u00e9tails, je peux r\u00e9diger un texte original et unique, adapt\u00e9 \u00e0 vous et \u00e0 votre famille. Chaque mot sera convenu avec vous, rien ne sera laiss\u00e9 au hasard.<\/p>\r\n                <\/div>\r\n              <\/div>\r\n              <div class=\"col-md-7 \">\r\n                <div class=\"crmny-icon\">\r\n                  <div class=\"crmny-table-wrap\">\r\n                    <div class=\"crmny-align-wrap\">\r\n                      <img decoding=\"async\" src=\"https:\/\/lianamoca.it\/wp-content\/uploads\/2021\/11\/documents.png\" width=\"59\" alt=\"La r\u00e9daction\">\r\n                    <\/div>\r\n                  <\/div>\r\n                <\/div>\r\n              <\/div>\r\n            <\/div>\r\n          <\/div><div class=\"proposal-story-item\">\r\n            <div class=\"row align-items-center\">\r\n              <div class=\"col-md-5  order-md-2\">\r\n                <div class=\"proposal-story-info\">\r\n                  <h4 class=\"proposal-story-title\"><span>Le jour de la c\u00e9r\u00e9monie<\/span><\/h4><p>Vous devrez vous occuper de vos invit\u00e9s et vous d\u00e9tendre.  <b>En tant que c\u00e9l\u00e9brante, je veillerai \u00e0 ce que la c\u00e9r\u00e9monie soit telle que vous l'avez imagin\u00e9e <\/b> et que chacun se sente impliqu\u00e9 et partie prenante. \n<\/p>\r\n                <\/div>\r\n              <\/div>\r\n              <div class=\"col-md-7  textright order-md-1\">\r\n                <div class=\"crmny-icon\">\r\n                  <div class=\"crmny-table-wrap\">\r\n                    <div class=\"crmny-align-wrap\">\r\n                      <img decoding=\"async\" src=\"https:\/\/lianamoca.it\/wp-content\/uploads\/2021\/11\/cuori.png\" width=\"59\" alt=\"Le jour de la c\u00e9r\u00e9monie\">\r\n                    <\/div>\r\n                  <\/div>\r\n                <\/div>\r\n              <\/div>\r\n            <\/div>\r\n          <\/div><\/div><\/div><\/div>\t\t<\/div>\n\t\t\t\t<\/div>\n\t\t\t\t\t<\/div>\n\t\t<\/div>\n\t\t\t\t\t<\/div>\n\t\t<\/section>\n\t\t\t\t<\/div>\n\t\t","protected":false},"excerpt":{"rendered":"C\u00e9r\u00e9monies d&#8217;accueil Lorsqu&#8217;une fille ou un gar\u00e7on arrive dans une famille, il est naturel de vouloir faire la f\u00eate. Il peut s&#8217;agir d&#8217;une naissance ou d&#8217;une adoption : c&#8217;est un moment important et doit \u00eatre partag\u00e9 avec tout le monde. NAISSANCE Un accueil est la mani\u00e8re de saluer un nouveau-n\u00e9. Une c\u00e9r\u00e9monie simple qui sert&#8230;","protected":false},"author":3,"featured_media":0,"parent":0,"menu_order":0,"comment_status":"closed","ping_status":"closed","template":"","meta":{"om_disable_all_campaigns":false,"_monsterinsights_skip_tracking":false,"_monsterinsights_sitenote_active":false,"_monsterinsights_sitenote_note":"","_monsterinsights_sitenote_category":0,"h5ap_radio_sources":[],"footnotes":""},"class_list":["post-4154","page","type-page","status-publish","hentry"],"aioseo_notices":[],"_links":{"self":[{"href":"https:\/\/lianamoca.it\/index.php\/wp-json\/wp\/v2\/pages\/4154","targetHints":{"allow":["GET"]}}],"collection":[{"href":"https:\/\/lianamoca.it\/index.php\/wp-json\/wp\/v2\/pages"}],"about":[{"href":"https:\/\/lianamoca.it\/index.php\/wp-json\/wp\/v2\/types\/page"}],"author":[{"embeddable":true,"href":"https:\/\/lianamoca.it\/index.php\/wp-json\/wp\/v2\/users\/3"}],"replies":[{"embeddable":true,"href":"https:\/\/lianamoca.it\/index.php\/wp-json\/wp\/v2\/comments?post=4154"}],"version-history":[{"count":7,"href":"https:\/\/lianamoca.it\/index.php\/wp-json\/wp\/v2\/pages\/4154\/revisions"}],"predecessor-version":[{"id":4161,"href":"https:\/\/lianamoca.it\/index.php\/wp-json\/wp\/v2\/pages\/4154\/revisions\/4161"}],"wp:attachment":[{"href":"https:\/\/lianamoca.it\/index.php\/wp-json\/wp\/v2\/media?parent=4154"}],"curies":[{"name":"wp","href":"https:\/\/api.w.org\/{rel}","templated":true}]}}