{"id":4117,"date":"2022-01-19T19:39:07","date_gmt":"2022-01-19T19:39:07","guid":{"rendered":"https:\/\/lianamoca.it\/?page_id=4117"},"modified":"2022-01-22T16:22:15","modified_gmt":"2022-01-22T16:22:15","slug":"autres-ceremonies","status":"publish","type":"page","link":"https:\/\/lianamoca.it\/index.php\/autres-ceremonies\/","title":{"rendered":"Autres c\u00e9r\u00e9monies"},"content":{"rendered":"\t\t<div data-elementor-type=\"wp-post\" data-elementor-id=\"4117\" class=\"elementor elementor-4117\">\n\t\t\t\t\t\t<section class=\"elementor-section elementor-top-section elementor-element elementor-element-a0527ca elementor-section-full_width elementor-section-height-default elementor-section-height-default\" data-id=\"a0527ca\" data-element_type=\"section\">\n\t\t\t\t\t\t<div class=\"elementor-container elementor-column-gap-default\">\n\t\t\t\t\t<div class=\"elementor-column elementor-col-100 elementor-top-column elementor-element elementor-element-8defb1e\" data-id=\"8defb1e\" data-element_type=\"column\">\n\t\t\t<div class=\"elementor-widget-wrap elementor-element-populated\">\n\t\t\t\t\t\t<div class=\"elementor-element elementor-element-114a000 elementor-widget elementor-widget-vt-ceremony_section_title\" data-id=\"114a000\" data-element_type=\"widget\" data-widget_type=\"vt-ceremony_section_title.default\">\n\t\t\t\t<div class=\"elementor-widget-container\">\n\t\t\t<div class=\"section-title-wrap  crmny-sectTitleElementor \"><h2 class=\"section-title\">Autres c\u00e9r\u00e9monies<\/h2><p>Il existe de nombreuses raisons de c\u00e9l\u00e9brer ou de marquer une transition dans la vie d'une personne: le renouvellement des v\u0153ux de mariage, un anniversaire sp\u00e9cial, un divorce, l'adieu \u00e0 un animal de compagnie.\n<\/p><\/div>\t\t<\/div>\n\t\t\t\t<\/div>\n\t\t\t\t<div class=\"elementor-element elementor-element-edac27e elementor-widget elementor-widget-vt-ceremony_love_story\" data-id=\"edac27e\" data-element_type=\"widget\" data-widget_type=\"vt-ceremony_love_story.default\">\n\t\t\t\t<div class=\"elementor-widget-container\">\n\t\t\t\t\t<div class=\"crmny-love-story\">\r\n      <div class=\"container\">\r\n        <div class=\"row align-items-center\">\r\n          <div class=\"col-lg-3 textright\">\r\n            <div class=\"story-item\">\r\n\t            <h3 class=\"story-person\">Renouvellement des v\u0153ux de mariage<\/h3><p>10 ans, 25 ans ou 50 ans: pourquoi se limiter \u00e0 un d\u00e9jeuner ou un d\u00eener et ne pas profiter de l'occasion pour f\u00eater \u00e0 nouveau, en mettant en \u00e9vidence tous les obstacles surmont\u00e9s pour arriver \u00e0 ce jour important?<\/p><div class=\"crmny-social rounded\">\t\t\t\t  \t\t\t\t\t<a href=\"\"  class=\"\"><i class=\"\"><\/i><\/a>\r\n\t\t\t\t\t\t\t\t<\/div>            <\/div>\r\n          <\/div>\r\n                    <div class=\"col-lg-6 textcenter\">\r\n            <div class=\"couple-image\">\r\n              <div class=\"story-icon\"><\/div>\r\n              <div class=\"row\">\r\n              <div class=\"col-md-6\"><div class=\"crmny-image\"><img decoding=\"async\" src=\"https:\/\/lianamoca.it\/wp-content\/uploads\/2021\/12\/rinnovo-promesse-scaled.jpg\" alt=\"Renouvellement des v\u0153ux de mariage\"><\/div><\/div><div class=\"col-md-6\"><div class=\"crmny-image\"><img decoding=\"async\" src=\"https:\/\/lianamoca.it\/wp-content\/uploads\/2021\/12\/compleanno-scaled.jpg\" alt=\"Renouvellement des v\u0153ux de mariage\"><\/div><\/div>  \r\n              <\/div>\r\n            <\/div>\r\n          <\/div>\r\n                    <div class=\"col-lg-3\">\r\n            <div class=\"story-item\">\r\n              <h3 class=\"story-person\">Anniversaire<\/h3><p>Un anniversaire important peut \u00e9galement \u00eatre c\u00e9l\u00e9br\u00e9 par une c\u00e9r\u00e9monie \u00e9crite pour l'occasion. \nC'est un moment \u00e0 consacrer \u00e0 ce que vous avez eu et \u00e0 l'espoir d'un avenir plein de surprises.<\/p>              <div class=\"crmny-social rounded\">\t\t\t\t  \t\t\t\t\t<a href=\"https:\/\/www.twitter.com\" target=\"_blank\" rel=\"nofollow\" class=\"aaa icon-fa-twitter\"><i class=\"fa fa-twitter\"><\/i><\/a>\r\n\t\t\t\t  \t\t\t<\/div>            <\/div>\r\n          <\/div>\r\n        <\/div>\r\n        <div class=\"story-place\">\r\n                  <\/div>\r\n      <\/div>\r\n    <\/div>\r\n\t\t\r\n\t\t<\/div>\n\t\t\t\t<\/div>\n\t\t\t\t<div class=\"elementor-element elementor-element-63985ee elementor-widget elementor-widget-vt-ceremony_section_title\" data-id=\"63985ee\" data-element_type=\"widget\" data-widget_type=\"vt-ceremony_section_title.default\">\n\t\t\t\t<div class=\"elementor-widget-container\">\n\t\t\t<div class=\"section-title-wrap  crmny-sectTitleElementor \"><h2 class=\"section-title\">Il y a encore tant de moments auxquels donner de l'importance!<\/h2><\/div>\t\t<\/div>\n\t\t\t\t<\/div>\n\t\t\t\t<div class=\"elementor-element elementor-element-b6bfacc elementor-widget elementor-widget-vt-ceremony_history\" data-id=\"b6bfacc\" data-element_type=\"widget\" data-widget_type=\"vt-ceremony_history.default\">\n\t\t\t\t<div class=\"elementor-widget-container\">\n\t\t\t<div class=\"crmny-history\">\r\n\t\t  <div class=\"container\">\r\n\t\t    <div class=\"row align-items-center\">\r\n\t\t      <div class=\"col-lg-4 textright history-left\">\r\n\t\t        <div class=\"history-item\">\r\n\t\t          <h4 class=\"history-title\">Divorce<\/h4><p>Lorsque la rupture d'une relation \u00e0 deux implique des enfants, des familles et des amis communs, il peut \u00eatre important de d\u00e9clarer publiquement que les relations avec ces personnes ne changeront pas.<\/p>\r\n\t\t          \r\n\t\t        <\/div>\r\n\t\t      <\/div>\r\n\t\t      <div class=\"col-lg-4\">\r\n\t\t        <div class=\"history-item\">\r\n\t\t          <div class=\"crmny-image\"><img decoding=\"async\" src=\"https:\/\/lianamoca.it\/wp-content\/uploads\/2021\/12\/fotodivorzio-348x348.jpg\" alt=\"Divorce\"><\/div>\r\n\t\t        <\/div>\r\n\t\t      <\/div>\r\n\t\t      <div class=\"col-lg-4 history-right\">\r\n\t\t        <div class=\"history-item\">\r\n\t\t          \r\n\t\t          <div class=\"crmny-btn-wrap\"><a href=\"https:\/\/lianamoca.it\/index.php\/2022\/01\/10\/divorce\/\" target=\"_blank\" rel=\"nofollow\" class=\"crmny-btn crmny-green-border-btn\">Plus d'informations<\/a><\/div>\r\n\t\t        <\/div>\r\n\t\t      <\/div>\r\n\t\t    <\/div>\r\n\t\t  <\/div>\r\n\t\t<\/div>\t\t<\/div>\n\t\t\t\t<\/div>\n\t\t\t\t<div class=\"elementor-element elementor-element-4cb0525 elementor-widget elementor-widget-vt-ceremony_history\" data-id=\"4cb0525\" data-element_type=\"widget\" data-widget_type=\"vt-ceremony_history.default\">\n\t\t\t\t<div class=\"elementor-widget-container\">\n\t\t\t<div class=\"crmny-history\">\r\n\t\t  <div class=\"container\">\r\n\t\t    <div class=\"row align-items-center\">\r\n\t\t      <div class=\"col-lg-4 textright history-left\">\r\n\t\t        <div class=\"history-item\">\r\n\t\t          \r\n\t\t          <div class=\"crmny-btn-wrap\"><a href=\"https:\/\/lianamoca.it\/index.php\/2022\/01\/10\/funerailles-danimaux\/\" target=\"_blank\" rel=\"nofollow\" class=\"crmny-btn crmny-green-border-btn\">Plus d'informations<\/a><\/div>\r\n\t\t        <\/div>\r\n\t\t      <\/div>\r\n\t\t      <div class=\"col-lg-4\">\r\n\t\t        <div class=\"history-item\">\r\n\t\t          <div class=\"crmny-image\"><img decoding=\"async\" src=\"https:\/\/lianamoca.it\/wp-content\/uploads\/2021\/12\/fotoperIlSalutoAlNostroAnimale-348x348.jpg\" alt=\"\"><\/div>\r\n\t\t        <\/div>\r\n\t\t      <\/div>\r\n\t\t      <div class=\"col-lg-4 history-right\">\r\n\t\t        <div class=\"history-item\">\r\n\t\t          <h4 class=\"history-title\">Le salut \u00e0 notre animal<\/h4><p>Un chien, un chat, un hamster n'est pas simplement un animal de compagnie, il fait partie de notre quotidien. Il est juste de le saluer avec amour et de le remercier pour ce qu'il nous a donn\u00e9.<\/p>\r\n\t\t          \r\n\t\t        <\/div>\r\n\t\t      <\/div>\r\n\t\t    <\/div>\r\n\t\t  <\/div>\r\n\t\t<\/div>\t\t<\/div>\n\t\t\t\t<\/div>\n\t\t\t\t<div class=\"elementor-element elementor-element-ddd6650 elementor-widget elementor-widget-vt-ceremony_history\" data-id=\"ddd6650\" data-element_type=\"widget\" data-widget_type=\"vt-ceremony_history.default\">\n\t\t\t\t<div class=\"elementor-widget-container\">\n\t\t\t<div class=\"crmny-history\">\r\n\t\t  <div class=\"container\">\r\n\t\t    <div class=\"row align-items-center\">\r\n\t\t      <div class=\"col-lg-4 textright history-left\">\r\n\t\t        <div class=\"history-item\">\r\n\t\t          <h4 class=\"history-title\">\u00c2ge de la majorit\u00e9<\/h4><p>Les 18 ans sont des anniversaires sp\u00e9ciaux. Mon service peut \u00eatre demand\u00e9 par le gar\u00e7on ou la fille qui f\u00eate son anniversaire ou par ceux qui le c\u00e9l\u00e8brent. Il peut s'agir d'une c\u00e9r\u00e9monie amusante ou significative.<\/p>\r\n\t\t          \r\n\t\t        <\/div>\r\n\t\t      <\/div>\r\n\t\t      <div class=\"col-lg-4\">\r\n\t\t        <div class=\"history-item\">\r\n\t\t          <div class=\"crmny-image\"><img decoding=\"async\" src=\"https:\/\/lianamoca.it\/wp-content\/uploads\/2021\/12\/18anni-scaled-348x348.jpg\" alt=\"\u00c2ge de la majorit\u00e9\"><\/div>\r\n\t\t        <\/div>\r\n\t\t      <\/div>\r\n\t\t      <div class=\"col-lg-4 history-right\">\r\n\t\t        <div class=\"history-item\">\r\n\t\t          \r\n\t\t          <div class=\"crmny-btn-wrap\"><a href=\"https:\/\/lianamoca.it\/index.php\/2022\/01\/10\/anniversaire\/\" target=\"_blank\" rel=\"nofollow\" class=\"crmny-btn crmny-green-border-btn\">Plus d'informations<\/a><\/div>\r\n\t\t        <\/div>\r\n\t\t      <\/div>\r\n\t\t    <\/div>\r\n\t\t  <\/div>\r\n\t\t<\/div>\t\t<\/div>\n\t\t\t\t<\/div>\n\t\t\t\t<div class=\"elementor-element elementor-element-8bcd717 elementor-widget elementor-widget-vt-ceremony_history\" data-id=\"8bcd717\" data-element_type=\"widget\" data-widget_type=\"vt-ceremony_history.default\">\n\t\t\t\t<div class=\"elementor-widget-container\">\n\t\t\t<div class=\"crmny-history\">\r\n\t\t  <div class=\"container\">\r\n\t\t    <div class=\"row align-items-center\">\r\n\t\t      <div class=\"col-lg-4 textright history-left\">\r\n\t\t        <div class=\"history-item\">\r\n\t\t          \r\n\t\t          <div class=\"crmny-btn-wrap\"><a href=\"https:\/\/lianamoca.it\/index.php\/2022\/01\/10\/le-passage-a-la-vie-adulte\/\" target=\"_blank\" rel=\"nofollow\" class=\"crmny-btn crmny-green-border-btn\">Plus d'informations<\/a><\/div>\r\n\t\t        <\/div>\r\n\t\t      <\/div>\r\n\t\t      <div class=\"col-lg-4\">\r\n\t\t        <div class=\"history-item\">\r\n\t\t          <div class=\"crmny-image\"><img decoding=\"async\" src=\"https:\/\/lianamoca.it\/wp-content\/uploads\/2021\/12\/fotoPassaggioEtaAdulta-348x348.jpg\" alt=\"\"><\/div>\r\n\t\t        <\/div>\r\n\t\t      <\/div>\r\n\t\t      <div class=\"col-lg-4 history-right\">\r\n\t\t        <div class=\"history-item\">\r\n\t\t          <h4 class=\"history-title\">Transition vers l'\u00e2ge adulte<\/h4><p>Dans de nombreux pays d'Europe du Nord, la maturit\u00e9 des gar\u00e7ons et des filles est c\u00e9l\u00e9br\u00e9e. C'est le moment de r\u00e9fl\u00e9chir \u00e0 ce qu'ils veulent \u00eatre quand ils seront grands. Il peut s'agir d'une c\u00e9r\u00e9monie chorale ou priv\u00e9e.<\/p>\r\n\t\t          \r\n\t\t        <\/div>\r\n\t\t      <\/div>\r\n\t\t    <\/div>\r\n\t\t  <\/div>\r\n\t\t<\/div>\t\t<\/div>\n\t\t\t\t<\/div>\n\t\t\t\t<div class=\"elementor-element elementor-element-5c0ad43 elementor-widget elementor-widget-vt-ceremony_history\" data-id=\"5c0ad43\" data-element_type=\"widget\" data-widget_type=\"vt-ceremony_history.default\">\n\t\t\t\t<div class=\"elementor-widget-container\">\n\t\t\t<div class=\"crmny-history\">\r\n\t\t  <div class=\"container\">\r\n\t\t    <div class=\"row align-items-center\">\r\n\t\t      <div class=\"col-lg-4 textright history-left\">\r\n\t\t        <div class=\"history-item\">\r\n\t\t          <h4 class=\"history-title\">Fian\u00e7ailles<\/h4><p>C'est l'occasion de faire don de la bague de fian\u00e7ailles \u00e0 la personne aim\u00e9e. Il n'y a pas de limites \u00e0 la fa\u00e7on de l'organiser: cela peut \u00eatre une c\u00e9r\u00e9monie intime ou vouloir la c\u00e9l\u00e9brer avec les personnes les plus importantes.<\/p>\r\n\t\t          \r\n\t\t        <\/div>\r\n\t\t      <\/div>\r\n\t\t      <div class=\"col-lg-4\">\r\n\t\t        <div class=\"history-item\">\r\n\t\t          <div class=\"crmny-image\"><img decoding=\"async\" src=\"https:\/\/lianamoca.it\/wp-content\/uploads\/2021\/12\/fotoFidanzamento-min-scaled-348x348.jpg\" alt=\"Fian\u00e7ailles\"><\/div>\r\n\t\t        <\/div>\r\n\t\t      <\/div>\r\n\t\t      <div class=\"col-lg-4 history-right\">\r\n\t\t        <div class=\"history-item\">\r\n\t\t          \r\n\t\t          <div class=\"crmny-btn-wrap\"><a href=\"https:\/\/lianamoca.it\/index.php\/2022\/01\/10\/engagement\/\" target=\"_blank\" rel=\"nofollow\" class=\"crmny-btn crmny-green-border-btn\">Plus d'informations<\/a><\/div>\r\n\t\t        <\/div>\r\n\t\t      <\/div>\r\n\t\t    <\/div>\r\n\t\t  <\/div>\r\n\t\t<\/div>\t\t<\/div>\n\t\t\t\t<\/div>\n\t\t\t\t<div class=\"elementor-element elementor-element-14d1f5e elementor-widget elementor-widget-vt-ceremony_history\" data-id=\"14d1f5e\" data-element_type=\"widget\" data-widget_type=\"vt-ceremony_history.default\">\n\t\t\t\t<div class=\"elementor-widget-container\">\n\t\t\t<div class=\"crmny-history\">\r\n\t\t  <div class=\"container\">\r\n\t\t    <div class=\"row align-items-center\">\r\n\t\t      <div class=\"col-lg-4 textright history-left\">\r\n\t\t        <div class=\"history-item\">\r\n\t\t          \r\n\t\t          <div class=\"crmny-btn-wrap\"><a href=\"https:\/\/lianamoca.it\/index.php\/2022\/01\/10\/solipsisme\/\" target=\"_blank\" rel=\"nofollow\" class=\"crmny-btn crmny-green-border-btn\">Plus d'informations<\/a><\/div>\r\n\t\t        <\/div>\r\n\t\t      <\/div>\r\n\t\t      <div class=\"col-lg-4\">\r\n\t\t        <div class=\"history-item\">\r\n\t\t          <div class=\"crmny-image\"><img decoding=\"async\" src=\"https:\/\/lianamoca.it\/wp-content\/uploads\/2021\/12\/fotosolipsismo-scaled-348x348.jpg\" alt=\"\"><\/div>\r\n\t\t        <\/div>\r\n\t\t      <\/div>\r\n\t\t      <div class=\"col-lg-4 history-right\">\r\n\t\t        <div class=\"history-item\">\r\n\t\t          <h4 class=\"history-title\">Solipsisme<\/h4><p>\"Je veux d\u00e9clarer devant tout le monde que je m'aime\". Cela peut sembler un souhait original, mais il y a des moments dans la vie o\u00f9 il est bon de souligner que l'on s'aime comme on est.<\/p>\r\n\t\t          \r\n\t\t        <\/div>\r\n\t\t      <\/div>\r\n\t\t    <\/div>\r\n\t\t  <\/div>\r\n\t\t<\/div>\t\t<\/div>\n\t\t\t\t<\/div>\n\t\t\t\t<div class=\"elementor-element elementor-element-8ef2404 elementor-widget elementor-widget-vt-ceremony_section_title\" data-id=\"8ef2404\" data-element_type=\"widget\" data-widget_type=\"vt-ceremony_section_title.default\">\n\t\t\t\t<div class=\"elementor-widget-container\">\n\t\t\t<div class=\"section-title-wrap  crmny-sectTitleElementor \"><div class=\"crmny-btn-wrap\"><a href=\"https:\/\/wa.me\/+393281227901\" target=\"_blank\" rel=\"nofollow\" class=\"crmny-btn\">Contactez-moi<\/a><\/div><\/div>\t\t<\/div>\n\t\t\t\t<\/div>\n\t\t\t\t\t<\/div>\n\t\t<\/div>\n\t\t\t\t\t<\/div>\n\t\t<\/section>\n\t\t\t\t<\/div>\n\t\t","protected":false},"excerpt":{"rendered":"Autres c\u00e9r\u00e9monies Il existe de nombreuses raisons de c\u00e9l\u00e9brer ou de marquer une transition dans la vie d&#8217;une personne: le renouvellement des v\u0153ux de mariage, un anniversaire sp\u00e9cial, un divorce, l&#8217;adieu \u00e0 un animal de compagnie. Renouvellement des v\u0153ux de mariage 10 ans, 25 ans ou 50 ans: pourquoi se limiter \u00e0 un d\u00e9jeuner ou&#8230;","protected":false},"author":3,"featured_media":0,"parent":0,"menu_order":0,"comment_status":"closed","ping_status":"closed","template":"","meta":{"om_disable_all_campaigns":false,"_monsterinsights_skip_tracking":false,"_monsterinsights_sitenote_active":false,"_monsterinsights_sitenote_note":"","_monsterinsights_sitenote_category":0,"h5ap_radio_sources":[],"footnotes":""},"class_list":["post-4117","page","type-page","status-publish","hentry"],"aioseo_notices":[],"_links":{"self":[{"href":"https:\/\/lianamoca.it\/index.php\/wp-json\/wp\/v2\/pages\/4117","targetHints":{"allow":["GET"]}}],"collection":[{"href":"https:\/\/lianamoca.it\/index.php\/wp-json\/wp\/v2\/pages"}],"about":[{"href":"https:\/\/lianamoca.it\/index.php\/wp-json\/wp\/v2\/types\/page"}],"author":[{"embeddable":true,"href":"https:\/\/lianamoca.it\/index.php\/wp-json\/wp\/v2\/users\/3"}],"replies":[{"embeddable":true,"href":"https:\/\/lianamoca.it\/index.php\/wp-json\/wp\/v2\/comments?post=4117"}],"version-history":[{"count":28,"href":"https:\/\/lianamoca.it\/index.php\/wp-json\/wp\/v2\/pages\/4117\/revisions"}],"predecessor-version":[{"id":4673,"href":"https:\/\/lianamoca.it\/index.php\/wp-json\/wp\/v2\/pages\/4117\/revisions\/4673"}],"wp:attachment":[{"href":"https:\/\/lianamoca.it\/index.php\/wp-json\/wp\/v2\/media?parent=4117"}],"curies":[{"name":"wp","href":"https:\/\/api.w.org\/{rel}","templated":true}]}}