{"id":2248,"date":"2021-12-04T19:08:22","date_gmt":"2021-12-04T19:08:22","guid":{"rendered":"https:\/\/lianamoca.it\/?page_id=2248"},"modified":"2022-01-29T20:14:00","modified_gmt":"2022-01-29T20:14:00","slug":"cerimonie-simboliche","status":"publish","type":"page","link":"https:\/\/lianamoca.it\/index.php\/cerimonie-simboliche\/","title":{"rendered":"Cerimonie simboliche"},"content":{"rendered":"\t\t<div data-elementor-type=\"wp-post\" data-elementor-id=\"2248\" class=\"elementor elementor-2248\">\n\t\t\t\t\t\t<section class=\"elementor-section elementor-top-section elementor-element elementor-element-a0527ca elementor-section-full_width elementor-section-height-default elementor-section-height-default\" data-id=\"a0527ca\" data-element_type=\"section\">\n\t\t\t\t\t\t<div class=\"elementor-container elementor-column-gap-default\">\n\t\t\t\t\t<div class=\"elementor-column elementor-col-100 elementor-top-column elementor-element elementor-element-8defb1e\" data-id=\"8defb1e\" data-element_type=\"column\">\n\t\t\t<div class=\"elementor-widget-wrap elementor-element-populated\">\n\t\t\t\t\t\t<div class=\"elementor-element elementor-element-114a000 elementor-widget elementor-widget-vt-ceremony_section_title\" data-id=\"114a000\" data-element_type=\"widget\" data-widget_type=\"vt-ceremony_section_title.default\">\n\t\t\t\t<div class=\"elementor-widget-container\">\n\t\t\t<div class=\"section-title-wrap  crmny-sectTitleElementor \"><h2 class=\"section-title\">Cerimonie Simboliche<\/h2><p>Un rito simbolico pu\u00f2 essere carico di significato ed essere emozionante? Ma s\u00ec, certamente. Vi aiuter\u00f2 a creare una cerimonia che racconti di voi due e del vostro amore. Ognuno dei partecipanti si sentir\u00e0 testimone di una giornata importante.<\/p><\/div>\t\t<\/div>\n\t\t\t\t<\/div>\n\t\t\t\t<div class=\"elementor-element elementor-element-c1d66dd elementor-widget elementor-widget-vt-ceremony_love_story\" data-id=\"c1d66dd\" data-element_type=\"widget\" data-widget_type=\"vt-ceremony_love_story.default\">\n\t\t\t\t<div class=\"elementor-widget-container\">\n\t\t\t\t\t<div class=\"crmny-love-story\">\r\n      <div class=\"container\">\r\n        <div class=\"row align-items-center\">\r\n          <div class=\"col-lg-3 textright\">\r\n            <div class=\"story-item\">\r\n\t            <h3 class=\"story-person\">L'UNIONE SIMBOLICA<\/h3><p>Il rito pu\u00f2 essere accompagnato dalle vostre promesse personalizzate, da riti scelti appositamente per voi, da parole dense di significato.<\/p><div class=\"crmny-social rounded\">\t\t\t\t  \t\t\t\t\t<a href=\"\"  class=\"\"><i class=\"\"><\/i><\/a>\r\n\t\t\t\t\t\t\t\t<\/div>            <\/div>\r\n          <\/div>\r\n                    <div class=\"col-lg-6 textcenter\">\r\n            <div class=\"couple-image\">\r\n              <div class=\"story-icon\"><\/div>\r\n              <div class=\"row\">\r\n              <div class=\"col-md-6\"><div class=\"crmny-image\"><img decoding=\"async\" src=\"https:\/\/lianamoca.it\/wp-content\/uploads\/2022\/01\/simbolica.jpg\" alt=\"L'UNIONE SIMBOLICA\"><\/div><\/div><div class=\"col-md-6\"><div class=\"crmny-image\"><img decoding=\"async\" src=\"https:\/\/lianamoca.it\/wp-content\/uploads\/2022\/01\/elopement.jpg\" alt=\"L'UNIONE SIMBOLICA\"><\/div><\/div>  \r\n              <\/div>\r\n            <\/div>\r\n          <\/div>\r\n                    <div class=\"col-lg-3\">\r\n            <div class=\"story-item\">\r\n              <h3 class=\"story-person\">L\u2019ELOPEMENT<\/h3><p>Una fuga d\u2019amore, solo voi due. Un posto romantico, che ha un significato speciale. Occhi negli occhi, mani nella mani. E la mia presenza a sancire il momento.<\/p>              <div class=\"crmny-social rounded\">\t\t\t\t  \t\t\t\t\t<a href=\"https:\/\/www.twitter.com\" target=\"_blank\" rel=\"nofollow\" class=\"aaa icon-fa-twitter\"><i class=\"fa fa-twitter\"><\/i><\/a>\r\n\t\t\t\t  \t\t\t<\/div>            <\/div>\r\n          <\/div>\r\n        <\/div>\r\n        <div class=\"story-place\">\r\n          <div class=\"crmny-btn-wrap\"><a href=\"https:\/\/lianamoca.it\/index.php\/contatti\/\" target=\"_blank\" rel=\"nofollow\" class=\"crmny-btn\">Contattami<\/a><\/div>        <\/div>\r\n      <\/div>\r\n    <\/div>\r\n\t\t\r\n\t\t<\/div>\n\t\t\t\t<\/div>\n\t\t\t\t\t<\/div>\n\t\t<\/div>\n\t\t\t\t\t<\/div>\n\t\t<\/section>\n\t\t\t\t<section class=\"elementor-section elementor-top-section elementor-element elementor-element-c8a977c elementor-section-stretched elementor-section-full_width elementor-section-height-default elementor-section-height-default\" data-id=\"c8a977c\" data-element_type=\"section\" data-settings=\"{&quot;stretch_section&quot;:&quot;section-stretched&quot;,&quot;background_background&quot;:&quot;classic&quot;}\">\n\t\t\t\t\t\t<div class=\"elementor-container elementor-column-gap-default\">\n\t\t\t\t\t<div class=\"elementor-column elementor-col-100 elementor-top-column elementor-element elementor-element-a0ca61e\" data-id=\"a0ca61e\" data-element_type=\"column\">\n\t\t\t<div class=\"elementor-widget-wrap elementor-element-populated\">\n\t\t\t\t\t\t<div class=\"elementor-element elementor-element-310e86b elementor-widget elementor-widget-vt-ceremony_proposal_story\" data-id=\"310e86b\" data-element_type=\"widget\" data-widget_type=\"vt-ceremony_proposal_story.default\">\n\t\t\t\t<div class=\"elementor-widget-container\">\n\t\t\t<div class=\"crmny-proposal-story\">\r\n      <div class=\"container\">\r\n        <div class=\"proposal-story\"><div class=\"proposal-story-item\">\r\n            <div class=\"row align-items-center\">\r\n              <div class=\"col-md-5  textright\">\r\n                <div class=\"proposal-story-info\">\r\n                  <h4 class=\"proposal-story-title\"><span>Il primo incontro<\/span><\/h4><p>La cosa pi\u00f9 importante durante questo primo colloquio \u00e8 capire se sono la persona adatta a voi. Ci conosceremo, voi mi spiegherete quello che volete comunicare con la cerimonia ed io vi ascolter\u00f2 con attenzione.<\/p>\r\n                <\/div>\r\n              <\/div>\r\n              <div class=\"col-md-7 \">\r\n                <div class=\"crmny-icon\">\r\n                  <div class=\"crmny-table-wrap\">\r\n                    <div class=\"crmny-align-wrap\">\r\n                      <img decoding=\"async\" src=\"https:\/\/lianamoca.it\/wp-content\/uploads\/2021\/11\/stretta-di-mano.png\" width=\"59\" alt=\"Il primo incontro\">\r\n                    <\/div>\r\n                  <\/div>\r\n                <\/div>\r\n              <\/div>\r\n            <\/div>\r\n          <\/div><div class=\"proposal-story-item\">\r\n            <div class=\"row align-items-center\">\r\n              <div class=\"col-md-5  order-md-2\">\r\n                <div class=\"proposal-story-info\">\r\n                  <h4 class=\"proposal-story-title\"><span>La scelta del luogo<\/span><\/h4><p>Il rito simbolico pu\u00f2 svolgersi in qualsiasi luogo - all\u2019interno o all\u2019esterno \u2013 con la sola presenza degli sposi oppure con centinaia di ospiti. <\/p>\r\n                <\/div>\r\n              <\/div>\r\n              <div class=\"col-md-7  textright order-md-1\">\r\n                <div class=\"crmny-icon\">\r\n                  <div class=\"crmny-table-wrap\">\r\n                    <div class=\"crmny-align-wrap\">\r\n                      <img decoding=\"async\" src=\"https:\/\/lianamoca.it\/wp-content\/uploads\/2021\/12\/giardino.png\" width=\"59\" alt=\"La scelta del luogo\">\r\n                    <\/div>\r\n                  <\/div>\r\n                <\/div>\r\n              <\/div>\r\n            <\/div>\r\n          <\/div><div class=\"proposal-story-item\">\r\n            <div class=\"row align-items-center\">\r\n              <div class=\"col-md-5  textright\">\r\n                <div class=\"proposal-story-info\">\r\n                  <h4 class=\"proposal-story-title\"><span>Chi avr\u00e0 un ruolo<\/span><\/h4><p>Potete coinvolgere nella cerimonia le persone che volete abbiano un\u2019importanza particolare: i genitori, i figli, gli amici. Ognuno potr\u00e0 avere qualcosa da fare.<\/p>\r\n                <\/div>\r\n              <\/div>\r\n              <div class=\"col-md-7 \">\r\n                <div class=\"crmny-icon\">\r\n                  <div class=\"crmny-table-wrap\">\r\n                    <div class=\"crmny-align-wrap\">\r\n                      <img decoding=\"async\" src=\"https:\/\/lianamoca.it\/wp-content\/uploads\/2021\/11\/persone.png\" width=\"59\" alt=\"Chi avr\u00e0 un ruolo\">\r\n                    <\/div>\r\n                  <\/div>\r\n                <\/div>\r\n              <\/div>\r\n            <\/div>\r\n          <\/div><div class=\"proposal-story-item\">\r\n            <div class=\"row align-items-center\">\r\n              <div class=\"col-md-5  order-md-2\">\r\n                <div class=\"proposal-story-info\">\r\n                  <h4 class=\"proposal-story-title\"><span>I riti<\/span><\/h4><p>Sceglieremo insiemi i riti che arricchiranno la cerimonia. Non ci sono limiti alla fantasia. Molto dipender\u00e0 anche dal luogo o dalle persone coinvolte, o dalla loro et\u00e0. <\/p>\r\n                <\/div>\r\n              <\/div>\r\n              <div class=\"col-md-7  textright order-md-1\">\r\n                <div class=\"crmny-icon\">\r\n                  <div class=\"crmny-table-wrap\">\r\n                    <div class=\"crmny-align-wrap\">\r\n                      <img decoding=\"async\" src=\"https:\/\/lianamoca.it\/wp-content\/uploads\/2021\/11\/candele.png\" width=\"59\" alt=\"I riti\">\r\n                    <\/div>\r\n                  <\/div>\r\n                <\/div>\r\n              <\/div>\r\n            <\/div>\r\n          <\/div><div class=\"proposal-story-item\">\r\n            <div class=\"row align-items-center\">\r\n              <div class=\"col-md-5  textright\">\r\n                <div class=\"proposal-story-info\">\r\n                  <h4 class=\"proposal-story-title\"><span>Le parole<\/span><\/h4><p>Anche altre persone potranno intervenire durante la cerimonia. La scelta potr\u00e0 ricadere su una poesia o un brano di autore conosciuto, oppure si potranno usare parole originali. E non dimenticate le vostre promesse!<\/p>\r\n                <\/div>\r\n              <\/div>\r\n              <div class=\"col-md-7 \">\r\n                <div class=\"crmny-icon\">\r\n                  <div class=\"crmny-table-wrap\">\r\n                    <div class=\"crmny-align-wrap\">\r\n                      <img decoding=\"async\" src=\"https:\/\/lianamoca.it\/wp-content\/uploads\/2021\/11\/documento.png\" width=\"59\" alt=\"Le parole\">\r\n                    <\/div>\r\n                  <\/div>\r\n                <\/div>\r\n              <\/div>\r\n            <\/div>\r\n          <\/div><div class=\"proposal-story-item\">\r\n            <div class=\"row align-items-center\">\r\n              <div class=\"col-md-5  order-md-2\">\r\n                <div class=\"proposal-story-info\">\r\n                  <h4 class=\"proposal-story-title\"><span>La stesura<\/span><\/h4><p>Quando avr\u00f2 tutti i particolari, potr\u00f2 scrivere un testo originale ed unico, su misura per voi e la vostra unione. Ogni parola sar\u00e0 concordata con voi, niente sar\u00e0 lasciato al caso.<\/p>\r\n                <\/div>\r\n              <\/div>\r\n              <div class=\"col-md-7  textright order-md-1\">\r\n                <div class=\"crmny-icon\">\r\n                  <div class=\"crmny-table-wrap\">\r\n                    <div class=\"crmny-align-wrap\">\r\n                      <img decoding=\"async\" src=\"https:\/\/lianamoca.it\/wp-content\/uploads\/2021\/11\/documents.png\" width=\"59\" alt=\"La stesura\">\r\n                    <\/div>\r\n                  <\/div>\r\n                <\/div>\r\n              <\/div>\r\n            <\/div>\r\n          <\/div><div class=\"proposal-story-item\">\r\n            <div class=\"row align-items-center\">\r\n              <div class=\"col-md-5  textright\">\r\n                <div class=\"proposal-story-info\">\r\n                  <h4 class=\"proposal-story-title\"><span>Il giorno della cerimonia<\/span><\/h4><p>Voi dovrete occuparvi dei vostri ospiti e rilassarvi. Come celebrante far\u00f2 in modo che la cerimonia sia come l\u2019avete immaginata e che tutti si sentano coinvolti e parte integrante di essa.<\/p>\r\n                <\/div>\r\n              <\/div>\r\n              <div class=\"col-md-7 \">\r\n                <div class=\"crmny-icon\">\r\n                  <div class=\"crmny-table-wrap\">\r\n                    <div class=\"crmny-align-wrap\">\r\n                      <img decoding=\"async\" src=\"https:\/\/lianamoca.it\/wp-content\/uploads\/2021\/11\/cuori.png\" width=\"59\" alt=\"Il giorno della cerimonia\">\r\n                    <\/div>\r\n                  <\/div>\r\n                <\/div>\r\n              <\/div>\r\n            <\/div>\r\n          <\/div><\/div><\/div><\/div>\t\t<\/div>\n\t\t\t\t<\/div>\n\t\t\t\t<div class=\"elementor-element elementor-element-acec689 elementor-widget elementor-widget-vt-ceremony_love_story\" data-id=\"acec689\" data-element_type=\"widget\" data-widget_type=\"vt-ceremony_love_story.default\">\n\t\t\t\t<div class=\"elementor-widget-container\">\n\t\t\t\t\t<div class=\"crmny-love-story\">\r\n      <div class=\"container\">\r\n        <div class=\"row align-items-center\">\r\n          <div class=\"col-lg-3 textright\">\r\n            <div class=\"story-item\">\r\n\t            <div class=\"crmny-social rounded\">\t\t\t\t  \t\t\t\t\t<a href=\"\"  class=\"\"><i class=\"\"><\/i><\/a>\r\n\t\t\t\t\t\t\t\t<\/div>            <\/div>\r\n          <\/div>\r\n                    <div class=\"col-lg-3\">\r\n            <div class=\"story-item\">\r\n                            <div class=\"crmny-social rounded\">\t\t\t\t  \t\t\t\t\t<a href=\"https:\/\/www.twitter.com\" target=\"_blank\" rel=\"nofollow\" class=\"aaa icon-fa-twitter\"><i class=\"fa fa-twitter\"><\/i><\/a>\r\n\t\t\t\t  \t\t\t<\/div>            <\/div>\r\n          <\/div>\r\n        <\/div>\r\n        <div class=\"story-place\">\r\n          <div class=\"crmny-btn-wrap\"><a href=\"https:\/\/lianamoca.it\/index.php\/2021\/12\/28\/rito-simbolico\/\" target=\"_blank\" rel=\"nofollow\" class=\"crmny-btn\">Maggiori informazioni<\/a><\/div>        <\/div>\r\n      <\/div>\r\n    <\/div>\r\n\t\t\r\n\t\t<\/div>\n\t\t\t\t<\/div>\n\t\t\t\t\t<\/div>\n\t\t<\/div>\n\t\t\t\t\t<\/div>\n\t\t<\/section>\n\t\t\t\t<\/div>\n\t\t","protected":false},"excerpt":{"rendered":"Cerimonie Simboliche Un rito simbolico pu\u00f2 essere carico di significato ed essere emozionante? Ma s\u00ec, certamente. Vi aiuter\u00f2 a creare una cerimonia che racconti di voi due e del vostro amore. Ognuno dei partecipanti si sentir\u00e0 testimone di una giornata importante. L&#8217;UNIONE SIMBOLICA Il rito pu\u00f2 essere accompagnato dalle vostre promesse personalizzate, da riti scelti&#8230;","protected":false},"author":1,"featured_media":0,"parent":0,"menu_order":0,"comment_status":"closed","ping_status":"closed","template":"","meta":{"om_disable_all_campaigns":false,"_monsterinsights_skip_tracking":false,"_monsterinsights_sitenote_active":false,"_monsterinsights_sitenote_note":"","_monsterinsights_sitenote_category":0,"h5ap_radio_sources":[],"footnotes":""},"class_list":["post-2248","page","type-page","status-publish","hentry"],"aioseo_notices":[],"_links":{"self":[{"href":"https:\/\/lianamoca.it\/index.php\/wp-json\/wp\/v2\/pages\/2248","targetHints":{"allow":["GET"]}}],"collection":[{"href":"https:\/\/lianamoca.it\/index.php\/wp-json\/wp\/v2\/pages"}],"about":[{"href":"https:\/\/lianamoca.it\/index.php\/wp-json\/wp\/v2\/types\/page"}],"author":[{"embeddable":true,"href":"https:\/\/lianamoca.it\/index.php\/wp-json\/wp\/v2\/users\/1"}],"replies":[{"embeddable":true,"href":"https:\/\/lianamoca.it\/index.php\/wp-json\/wp\/v2\/comments?post=2248"}],"version-history":[{"count":34,"href":"https:\/\/lianamoca.it\/index.php\/wp-json\/wp\/v2\/pages\/2248\/revisions"}],"predecessor-version":[{"id":5131,"href":"https:\/\/lianamoca.it\/index.php\/wp-json\/wp\/v2\/pages\/2248\/revisions\/5131"}],"wp:attachment":[{"href":"https:\/\/lianamoca.it\/index.php\/wp-json\/wp\/v2\/media?parent=2248"}],"curies":[{"name":"wp","href":"https:\/\/api.w.org\/{rel}","templated":true}]}}