{"id":2195,"date":"2021-12-04T00:47:26","date_gmt":"2021-12-04T00:47:26","guid":{"rendered":"https:\/\/lianamoca.it\/?page_id=2195"},"modified":"2022-02-17T16:51:20","modified_gmt":"2022-02-17T16:51:20","slug":"altre-cerimonie","status":"publish","type":"page","link":"https:\/\/lianamoca.it\/index.php\/altre-cerimonie\/","title":{"rendered":"Altre cerimonie"},"content":{"rendered":"\t\t<div data-elementor-type=\"wp-post\" data-elementor-id=\"2195\" class=\"elementor elementor-2195\">\n\t\t\t\t\t\t<section class=\"elementor-section elementor-top-section elementor-element elementor-element-a0527ca elementor-section-full_width elementor-section-height-default elementor-section-height-default\" data-id=\"a0527ca\" data-element_type=\"section\">\n\t\t\t\t\t\t<div class=\"elementor-container elementor-column-gap-default\">\n\t\t\t\t\t<div class=\"elementor-column elementor-col-100 elementor-top-column elementor-element elementor-element-8defb1e\" data-id=\"8defb1e\" data-element_type=\"column\">\n\t\t\t<div class=\"elementor-widget-wrap elementor-element-populated\">\n\t\t\t\t\t\t<div class=\"elementor-element elementor-element-114a000 elementor-widget elementor-widget-vt-ceremony_section_title\" data-id=\"114a000\" data-element_type=\"widget\" data-widget_type=\"vt-ceremony_section_title.default\">\n\t\t\t\t<div class=\"elementor-widget-container\">\n\t\t\t<div class=\"section-title-wrap  crmny-sectTitleElementor \"><h2 class=\"section-title\">Altre Cerimonie<\/h2><p>I motivi per festeggiare o per sottolineare un passaggio della propria vita sono tanti: il rinnovo delle promesse di matrimonio, un compleanno speciale, un divorzio, il saluto al pelosetto.\n<\/p><\/div>\t\t<\/div>\n\t\t\t\t<\/div>\n\t\t\t\t<div class=\"elementor-element elementor-element-edac27e elementor-widget elementor-widget-vt-ceremony_love_story\" data-id=\"edac27e\" data-element_type=\"widget\" data-widget_type=\"vt-ceremony_love_story.default\">\n\t\t\t\t<div class=\"elementor-widget-container\">\n\t\t\t\t\t<div class=\"crmny-love-story\">\r\n      <div class=\"container\">\r\n        <div class=\"row align-items-center\">\r\n          <div class=\"col-lg-3 textright\">\r\n            <div class=\"story-item\">\r\n\t            <h3 class=\"story-person\">Rinnovo delle promesse di matrimonio<\/h3><p>10 anni, 25 o 50: perch\u00e9 limitarsi ad un pranzo od una cena e non approfittare per festeggiarsi ancora, sottolineando tutti gli ostacoli superati per arrivare a questo giorno importante?<\/p><div class=\"crmny-social rounded\">\t\t\t\t  \t\t\t\t\t<a href=\"\"  class=\"\"><i class=\"\"><\/i><\/a>\r\n\t\t\t\t\t\t\t\t<\/div>            <\/div>\r\n          <\/div>\r\n                    <div class=\"col-lg-6 textcenter\">\r\n            <div class=\"couple-image\">\r\n              <div class=\"story-icon\"><\/div>\r\n              <div class=\"row\">\r\n              <div class=\"col-md-6\"><div class=\"crmny-image\"><img decoding=\"async\" src=\"https:\/\/lianamoca.it\/wp-content\/uploads\/2021\/12\/rinnovo-promesse-scaled.jpg\" alt=\"Rinnovo delle promesse di matrimonio\"><\/div><\/div><div class=\"col-md-6\"><div class=\"crmny-image\"><img decoding=\"async\" src=\"https:\/\/lianamoca.it\/wp-content\/uploads\/2021\/12\/compleanno-scaled.jpg\" alt=\"Rinnovo delle promesse di matrimonio\"><\/div><\/div>  \r\n              <\/div>\r\n            <\/div>\r\n          <\/div>\r\n                    <div class=\"col-lg-3\">\r\n            <div class=\"story-item\">\r\n              <h3 class=\"story-person\">Compleanno<\/h3><p>Un compleanno importante si pu\u00f2 festeggiare anche con una cerimonia scritta per l\u2019occasione. \u00c8 un momento per ringraziare per quello che si \u00e8 avuto e per augurarsi un futuro pieno di sorprese.<\/p>              <div class=\"crmny-social rounded\">\t\t\t\t  \t\t\t\t\t<a href=\"https:\/\/www.twitter.com\" target=\"_blank\" rel=\"nofollow\" class=\"aaa icon-fa-twitter\"><i class=\"fa fa-twitter\"><\/i><\/a>\r\n\t\t\t\t  \t\t\t<\/div>            <\/div>\r\n          <\/div>\r\n        <\/div>\r\n        <div class=\"story-place\">\r\n                  <\/div>\r\n      <\/div>\r\n    <\/div>\r\n\t\t\r\n\t\t<\/div>\n\t\t\t\t<\/div>\n\t\t\t\t<div class=\"elementor-element elementor-element-63985ee elementor-widget elementor-widget-vt-ceremony_section_title\" data-id=\"63985ee\" data-element_type=\"widget\" data-widget_type=\"vt-ceremony_section_title.default\">\n\t\t\t\t<div class=\"elementor-widget-container\">\n\t\t\t<div class=\"section-title-wrap  crmny-sectTitleElementor \"><h2 class=\"section-title\">Ci sono tanti momenti a cui dare importanza!<\/h2><\/div>\t\t<\/div>\n\t\t\t\t<\/div>\n\t\t\t\t<div class=\"elementor-element elementor-element-b6bfacc elementor-widget elementor-widget-vt-ceremony_history\" data-id=\"b6bfacc\" data-element_type=\"widget\" data-widget_type=\"vt-ceremony_history.default\">\n\t\t\t\t<div class=\"elementor-widget-container\">\n\t\t\t<div class=\"crmny-history\">\r\n\t\t  <div class=\"container\">\r\n\t\t    <div class=\"row align-items-center\">\r\n\t\t      <div class=\"col-lg-4 textright history-left\">\r\n\t\t        <div class=\"history-item\">\r\n\t\t          <h4 class=\"history-title\">Divorzio<\/h4><p>Quando la rottura di un rapporto a due coinvolge i figli, le famiglie e gli amici comuni, pu\u00f2 essere importante ribadire pubblicamente che i rapporti con queste persone non cambieranno. <\/p>\r\n\t\t          \r\n\t\t        <\/div>\r\n\t\t      <\/div>\r\n\t\t      <div class=\"col-lg-4\">\r\n\t\t        <div class=\"history-item\">\r\n\t\t          <div class=\"crmny-image\"><img decoding=\"async\" src=\"https:\/\/lianamoca.it\/wp-content\/uploads\/2021\/12\/fotodivorzio-348x348.jpg\" alt=\"Divorzio\"><\/div>\r\n\t\t        <\/div>\r\n\t\t      <\/div>\r\n\t\t      <div class=\"col-lg-4 history-right\">\r\n\t\t        <div class=\"history-item\">\r\n\t\t          \r\n\t\t          <div class=\"crmny-btn-wrap\"><a href=\"https:\/\/lianamoca.it\/index.php\/2021\/12\/31\/divorzio\/\" target=\"_blank\" rel=\"nofollow\" class=\"crmny-btn crmny-green-border-btn\">maggiori informazioni<\/a><\/div>\r\n\t\t        <\/div>\r\n\t\t      <\/div>\r\n\t\t    <\/div>\r\n\t\t  <\/div>\r\n\t\t<\/div>\t\t<\/div>\n\t\t\t\t<\/div>\n\t\t\t\t<div class=\"elementor-element elementor-element-4cb0525 elementor-widget elementor-widget-vt-ceremony_history\" data-id=\"4cb0525\" data-element_type=\"widget\" data-widget_type=\"vt-ceremony_history.default\">\n\t\t\t\t<div class=\"elementor-widget-container\">\n\t\t\t<div class=\"crmny-history\">\r\n\t\t  <div class=\"container\">\r\n\t\t    <div class=\"row align-items-center\">\r\n\t\t      <div class=\"col-lg-4 textright history-left\">\r\n\t\t        <div class=\"history-item\">\r\n\t\t          \r\n\t\t          <div class=\"crmny-btn-wrap\"><a href=\"https:\/\/lianamoca.it\/index.php\/2021\/12\/31\/pet-funeral\/\" target=\"_blank\" rel=\"nofollow\" class=\"crmny-btn crmny-green-border-btn\">maggiori informazioni<\/a><\/div>\r\n\t\t        <\/div>\r\n\t\t      <\/div>\r\n\t\t      <div class=\"col-lg-4\">\r\n\t\t        <div class=\"history-item\">\r\n\t\t          <div class=\"crmny-image\"><img decoding=\"async\" src=\"https:\/\/lianamoca.it\/wp-content\/uploads\/2021\/12\/fotoperIlSalutoAlNostroAnimale-348x348.jpg\" alt=\"\"><\/div>\r\n\t\t        <\/div>\r\n\t\t      <\/div>\r\n\t\t      <div class=\"col-lg-4 history-right\">\r\n\t\t        <div class=\"history-item\">\r\n\t\t          <h4 class=\"history-title\">Il saluto al nostro animale<\/h4><p>Un cane, un gatto, un criceto non \u00e8 semplicemente un animale domestico, fa parte della nostra vita quotidiana. \u00c8 giusto salutarlo con amore e ringraziarlo per ci\u00f2 che ci ha dato. <\/p>\r\n\t\t          \r\n\t\t        <\/div>\r\n\t\t      <\/div>\r\n\t\t    <\/div>\r\n\t\t  <\/div>\r\n\t\t<\/div>\t\t<\/div>\n\t\t\t\t<\/div>\n\t\t\t\t<div class=\"elementor-element elementor-element-ddd6650 elementor-widget elementor-widget-vt-ceremony_history\" data-id=\"ddd6650\" data-element_type=\"widget\" data-widget_type=\"vt-ceremony_history.default\">\n\t\t\t\t<div class=\"elementor-widget-container\">\n\t\t\t<div class=\"crmny-history\">\r\n\t\t  <div class=\"container\">\r\n\t\t    <div class=\"row align-items-center\">\r\n\t\t      <div class=\"col-lg-4 textright history-left\">\r\n\t\t        <div class=\"history-item\">\r\n\t\t          <h4 class=\"history-title\">Maggiore et\u00e0<\/h4><p>I 18 anni sono dei compleanni speciali. A richiedere il mio servizio pu\u00f2 essere il ragazzo o la ragazza che compie gli anni o coloro che lo festeggiano. Potr\u00e0 essere una cerimonia divertente oppure carica di significato.\n<\/p>\r\n\t\t          \r\n\t\t        <\/div>\r\n\t\t      <\/div>\r\n\t\t      <div class=\"col-lg-4\">\r\n\t\t        <div class=\"history-item\">\r\n\t\t          <div class=\"crmny-image\"><img decoding=\"async\" src=\"https:\/\/lianamoca.it\/wp-content\/uploads\/2021\/12\/18anni-scaled-348x348.jpg\" alt=\"Maggiore et\u00e0\"><\/div>\r\n\t\t        <\/div>\r\n\t\t      <\/div>\r\n\t\t      <div class=\"col-lg-4 history-right\">\r\n\t\t        <div class=\"history-item\">\r\n\t\t          \r\n\t\t          <div class=\"crmny-btn-wrap\"><a href=\"https:\/\/lianamoca.it\/index.php\/2021\/12\/30\/compleanno\/\" target=\"_blank\" rel=\"nofollow\" class=\"crmny-btn crmny-green-border-btn\">maggiori informazioni<\/a><\/div>\r\n\t\t        <\/div>\r\n\t\t      <\/div>\r\n\t\t    <\/div>\r\n\t\t  <\/div>\r\n\t\t<\/div>\t\t<\/div>\n\t\t\t\t<\/div>\n\t\t\t\t<div class=\"elementor-element elementor-element-8bcd717 elementor-widget elementor-widget-vt-ceremony_history\" data-id=\"8bcd717\" data-element_type=\"widget\" data-widget_type=\"vt-ceremony_history.default\">\n\t\t\t\t<div class=\"elementor-widget-container\">\n\t\t\t<div class=\"crmny-history\">\r\n\t\t  <div class=\"container\">\r\n\t\t    <div class=\"row align-items-center\">\r\n\t\t      <div class=\"col-lg-4 textright history-left\">\r\n\t\t        <div class=\"history-item\">\r\n\t\t          \r\n\t\t          <div class=\"crmny-btn-wrap\"><a href=\"https:\/\/lianamoca.it\/index.php\/2021\/12\/31\/passaggio-alla-maturita\/\" target=\"_blank\" rel=\"nofollow\" class=\"crmny-btn crmny-green-border-btn\">maggiori informazioni<\/a><\/div>\r\n\t\t        <\/div>\r\n\t\t      <\/div>\r\n\t\t      <div class=\"col-lg-4\">\r\n\t\t        <div class=\"history-item\">\r\n\t\t          <div class=\"crmny-image\"><img decoding=\"async\" src=\"https:\/\/lianamoca.it\/wp-content\/uploads\/2021\/12\/fotoPassaggioEtaAdulta-348x348.jpg\" alt=\"\"><\/div>\r\n\t\t        <\/div>\r\n\t\t      <\/div>\r\n\t\t      <div class=\"col-lg-4 history-right\">\r\n\t\t        <div class=\"history-item\">\r\n\t\t          <h4 class=\"history-title\">Passaggio all\u2019et\u00e0 adulta<\/h4><p>In molte nazioni del Nord Europa si festeggia la maturit\u00e0 dei ragazzi e delle ragazze. \u00c8 un momento per riflettere su quello che si vuole diventare \u201cda grandi\u201d. Pu\u00f2 essere una cerimonia corale oppure privata. <\/p>\r\n\t\t          \r\n\t\t        <\/div>\r\n\t\t      <\/div>\r\n\t\t    <\/div>\r\n\t\t  <\/div>\r\n\t\t<\/div>\t\t<\/div>\n\t\t\t\t<\/div>\n\t\t\t\t<div class=\"elementor-element elementor-element-5c0ad43 elementor-widget elementor-widget-vt-ceremony_history\" data-id=\"5c0ad43\" data-element_type=\"widget\" data-widget_type=\"vt-ceremony_history.default\">\n\t\t\t\t<div class=\"elementor-widget-container\">\n\t\t\t<div class=\"crmny-history\">\r\n\t\t  <div class=\"container\">\r\n\t\t    <div class=\"row align-items-center\">\r\n\t\t      <div class=\"col-lg-4 textright history-left\">\r\n\t\t        <div class=\"history-item\">\r\n\t\t          <h4 class=\"history-title\">Fidanzamento <\/h4><p>\u00c8 l\u2019occasione per donare all\u2019amato o all\u2019amata l\u2019anello di fidanzamento. Non ci sono limiti a come organizzarla: pu\u00f2 essere una cerimonia intima o volerla festeggiare con le persone pi\u00f9 importanti. \n<\/p>\r\n\t\t          \r\n\t\t        <\/div>\r\n\t\t      <\/div>\r\n\t\t      <div class=\"col-lg-4\">\r\n\t\t        <div class=\"history-item\">\r\n\t\t          <div class=\"crmny-image\"><img decoding=\"async\" src=\"https:\/\/lianamoca.it\/wp-content\/uploads\/2021\/12\/fotoFidanzamento-min-scaled-348x348.jpg\" alt=\"Fidanzamento \"><\/div>\r\n\t\t        <\/div>\r\n\t\t      <\/div>\r\n\t\t      <div class=\"col-lg-4 history-right\">\r\n\t\t        <div class=\"history-item\">\r\n\t\t          \r\n\t\t          <div class=\"crmny-btn-wrap\"><a href=\"https:\/\/lianamoca.it\/index.php\/2021\/12\/31\/fidanzamento\/\" target=\"_blank\" rel=\"nofollow\" class=\"crmny-btn crmny-green-border-btn\">maggiori informazioni<\/a><\/div>\r\n\t\t        <\/div>\r\n\t\t      <\/div>\r\n\t\t    <\/div>\r\n\t\t  <\/div>\r\n\t\t<\/div>\t\t<\/div>\n\t\t\t\t<\/div>\n\t\t\t\t<div class=\"elementor-element elementor-element-14d1f5e elementor-widget elementor-widget-vt-ceremony_history\" data-id=\"14d1f5e\" data-element_type=\"widget\" data-widget_type=\"vt-ceremony_history.default\">\n\t\t\t\t<div class=\"elementor-widget-container\">\n\t\t\t<div class=\"crmny-history\">\r\n\t\t  <div class=\"container\">\r\n\t\t    <div class=\"row align-items-center\">\r\n\t\t      <div class=\"col-lg-4 textright history-left\">\r\n\t\t        <div class=\"history-item\">\r\n\t\t          \r\n\t\t          <div class=\"crmny-btn-wrap\"><a href=\"https:\/\/lianamoca.it\/index.php\/2021\/12\/31\/solipsismo\/\" target=\"_blank\" rel=\"nofollow\" class=\"crmny-btn crmny-green-border-btn\">maggiori informazioni<\/a><\/div>\r\n\t\t        <\/div>\r\n\t\t      <\/div>\r\n\t\t      <div class=\"col-lg-4\">\r\n\t\t        <div class=\"history-item\">\r\n\t\t          <div class=\"crmny-image\"><img decoding=\"async\" src=\"https:\/\/lianamoca.it\/wp-content\/uploads\/2021\/12\/fotosolipsismo-scaled-348x348.jpg\" alt=\"\"><\/div>\r\n\t\t        <\/div>\r\n\t\t      <\/div>\r\n\t\t      <div class=\"col-lg-4 history-right\">\r\n\t\t        <div class=\"history-item\">\r\n\t\t          <h4 class=\"history-title\">Solipsismo<\/h4><p>\u201cVoglio dichiarare davanti a tutti che mi voglio bene\u201d. Potrebbe sembrare una volont\u00e0 originale, ma ci sono dei momenti della propria vita in cui \u00e8 giusto sottolineare che ci piacciamo cos\u00ec come siamo. \n<\/p>\r\n\t\t          \r\n\t\t        <\/div>\r\n\t\t      <\/div>\r\n\t\t    <\/div>\r\n\t\t  <\/div>\r\n\t\t<\/div>\t\t<\/div>\n\t\t\t\t<\/div>\n\t\t\t\t<div class=\"elementor-element elementor-element-8ef2404 elementor-widget elementor-widget-vt-ceremony_section_title\" data-id=\"8ef2404\" data-element_type=\"widget\" data-widget_type=\"vt-ceremony_section_title.default\">\n\t\t\t\t<div class=\"elementor-widget-container\">\n\t\t\t<div class=\"section-title-wrap  crmny-sectTitleElementor \"><div class=\"crmny-btn-wrap\"><a href=\"https:\/\/wa.me\/+393281227901\" target=\"_blank\" rel=\"nofollow\" class=\"crmny-btn\">Contattami<\/a><\/div><\/div>\t\t<\/div>\n\t\t\t\t<\/div>\n\t\t\t\t\t<\/div>\n\t\t<\/div>\n\t\t\t\t\t<\/div>\n\t\t<\/section>\n\t\t\t\t<\/div>\n\t\t","protected":false},"excerpt":{"rendered":"Altre Cerimonie I motivi per festeggiare o per sottolineare un passaggio della propria vita sono tanti: il rinnovo delle promesse di matrimonio, un compleanno speciale, un divorzio, il saluto al pelosetto. Rinnovo delle promesse di matrimonio 10 anni, 25 o 50: perch\u00e9 limitarsi ad un pranzo od una cena e non approfittare per festeggiarsi ancora,&#8230;","protected":false},"author":1,"featured_media":0,"parent":0,"menu_order":0,"comment_status":"closed","ping_status":"closed","template":"","meta":{"om_disable_all_campaigns":false,"_monsterinsights_skip_tracking":false,"_monsterinsights_sitenote_active":false,"_monsterinsights_sitenote_note":"","_monsterinsights_sitenote_category":0,"h5ap_radio_sources":[],"footnotes":""},"class_list":["post-2195","page","type-page","status-publish","hentry"],"aioseo_notices":[],"_links":{"self":[{"href":"https:\/\/lianamoca.it\/index.php\/wp-json\/wp\/v2\/pages\/2195","targetHints":{"allow":["GET"]}}],"collection":[{"href":"https:\/\/lianamoca.it\/index.php\/wp-json\/wp\/v2\/pages"}],"about":[{"href":"https:\/\/lianamoca.it\/index.php\/wp-json\/wp\/v2\/types\/page"}],"author":[{"embeddable":true,"href":"https:\/\/lianamoca.it\/index.php\/wp-json\/wp\/v2\/users\/1"}],"replies":[{"embeddable":true,"href":"https:\/\/lianamoca.it\/index.php\/wp-json\/wp\/v2\/comments?post=2195"}],"version-history":[{"count":52,"href":"https:\/\/lianamoca.it\/index.php\/wp-json\/wp\/v2\/pages\/2195\/revisions"}],"predecessor-version":[{"id":5229,"href":"https:\/\/lianamoca.it\/index.php\/wp-json\/wp\/v2\/pages\/2195\/revisions\/5229"}],"wp:attachment":[{"href":"https:\/\/lianamoca.it\/index.php\/wp-json\/wp\/v2\/media?parent=2195"}],"curies":[{"name":"wp","href":"https:\/\/api.w.org\/{rel}","templated":true}]}}