{"id":2089,"date":"2021-12-01T15:35:33","date_gmt":"2021-12-01T15:35:33","guid":{"rendered":"https:\/\/lianamoca.it\/?page_id=2089"},"modified":"2023-02-01T16:11:17","modified_gmt":"2023-02-01T16:11:17","slug":"riti-funebri","status":"publish","type":"page","link":"https:\/\/lianamoca.it\/index.php\/riti-funebri\/","title":{"rendered":"Riti funebri"},"content":{"rendered":"\t\t<div data-elementor-type=\"wp-post\" data-elementor-id=\"2089\" class=\"elementor elementor-2089\">\n\t\t\t\t\t\t<section class=\"elementor-section elementor-top-section elementor-element elementor-element-a0527ca elementor-section-full_width elementor-section-height-default elementor-section-height-default\" data-id=\"a0527ca\" data-element_type=\"section\">\n\t\t\t\t\t\t<div class=\"elementor-container elementor-column-gap-default\">\n\t\t\t\t\t<div class=\"elementor-column elementor-col-100 elementor-top-column elementor-element elementor-element-8defb1e\" data-id=\"8defb1e\" data-element_type=\"column\">\n\t\t\t<div class=\"elementor-widget-wrap elementor-element-populated\">\n\t\t\t\t\t\t<div class=\"elementor-element elementor-element-114a000 elementor-widget elementor-widget-vt-ceremony_section_title\" data-id=\"114a000\" data-element_type=\"widget\" data-widget_type=\"vt-ceremony_section_title.default\">\n\t\t\t\t<div class=\"elementor-widget-container\">\n\t\t\t<div class=\"section-title-wrap  crmny-sectTitleElementor \"><h2 class=\"section-title\">Riti funebri<\/h2><p>Salutare una persona che se ne va \u00e8 sempre difficile. E se questa persona aveva espresso il desiderio di avere un funerale laico \u00e8 tutto pi\u00f9 complicato. Ma \u00e8 giusto rispettare la volont\u00e0 di qualcuno che voleva essere salutato in questa maniera e come celebrante vi aiuter\u00f2 a rispettare questa volont\u00e0. <\/p><\/div>\t\t<\/div>\n\t\t\t\t<\/div>\n\t\t\t\t<div class=\"elementor-element elementor-element-d428336 elementor-widget elementor-widget-spacer\" data-id=\"d428336\" data-element_type=\"widget\" data-widget_type=\"spacer.default\">\n\t\t\t\t<div class=\"elementor-widget-container\">\n\t\t\t<style>\/*! elementor - v3.22.0 - 17-06-2024 *\/\n.elementor-column .elementor-spacer-inner{height:var(--spacer-size)}.e-con{--container-widget-width:100%}.e-con-inner>.elementor-widget-spacer,.e-con>.elementor-widget-spacer{width:var(--container-widget-width,var(--spacer-size));--align-self:var(--container-widget-align-self,initial);--flex-shrink:0}.e-con-inner>.elementor-widget-spacer>.elementor-widget-container,.e-con>.elementor-widget-spacer>.elementor-widget-container{height:100%;width:100%}.e-con-inner>.elementor-widget-spacer>.elementor-widget-container>.elementor-spacer,.e-con>.elementor-widget-spacer>.elementor-widget-container>.elementor-spacer{height:100%}.e-con-inner>.elementor-widget-spacer>.elementor-widget-container>.elementor-spacer>.elementor-spacer-inner,.e-con>.elementor-widget-spacer>.elementor-widget-container>.elementor-spacer>.elementor-spacer-inner{height:var(--container-widget-height,var(--spacer-size))}.e-con-inner>.elementor-widget-spacer.elementor-widget-empty,.e-con>.elementor-widget-spacer.elementor-widget-empty{position:relative;min-height:22px;min-width:22px}.e-con-inner>.elementor-widget-spacer.elementor-widget-empty .elementor-widget-empty-icon,.e-con>.elementor-widget-spacer.elementor-widget-empty .elementor-widget-empty-icon{position:absolute;top:0;bottom:0;left:0;right:0;margin:auto;padding:0;width:22px;height:22px}<\/style>\t\t<div class=\"elementor-spacer\">\n\t\t\t<div class=\"elementor-spacer-inner\"><\/div>\n\t\t<\/div>\n\t\t\t\t<\/div>\n\t\t\t\t<\/div>\n\t\t\t\t<div class=\"elementor-element elementor-element-b6bfacc elementor-widget elementor-widget-vt-ceremony_history\" data-id=\"b6bfacc\" data-element_type=\"widget\" data-widget_type=\"vt-ceremony_history.default\">\n\t\t\t\t<div class=\"elementor-widget-container\">\n\t\t\t<div class=\"crmny-history\">\r\n\t\t  <div class=\"container\">\r\n\t\t    <div class=\"row align-items-center\">\r\n\t\t      <div class=\"col-lg-4 textright history-left\">\r\n\t\t        <div class=\"history-item\">\r\n\t\t          <h4 class=\"history-title\">Per il defunto<\/h4><p>Se il defunto aveva espresso chiaramente il desiderio di un funerale laico, \u00e8 giusto rispettare la sua volont\u00e0. <\/p>\r\n\t\t          \r\n\t\t        <\/div>\r\n\t\t      <\/div>\r\n\t\t      <div class=\"col-lg-4\">\r\n\t\t        <div class=\"history-item\">\r\n\t\t          <div class=\"crmny-image\"><img decoding=\"async\" src=\"https:\/\/lianamoca.it\/wp-content\/uploads\/2021\/12\/1021239-scaled-348x348.jpg\" alt=\"Per il defunto\"><\/div>\r\n\t\t        <\/div>\r\n\t\t      <\/div>\r\n\t\t      <div class=\"col-lg-4 history-right\">\r\n\t\t        <div class=\"history-item\">\r\n\t\t          <h4 class=\"history-title\">Per la famiglia e gli amici<\/h4><p>Si pu\u00f2 creare una cerimonia che pu\u00f2 coinvolgere tutti i presenti, qualunque sia la loro visione filosofica di vita. <\/p>\r\n\t\t          \r\n\t\t        <\/div>\r\n\t\t      <\/div>\r\n\t\t    <\/div>\r\n\t\t  <\/div>\r\n\t\t<\/div>\t\t<\/div>\n\t\t\t\t<\/div>\n\t\t\t\t<div class=\"elementor-element elementor-element-63985ee elementor-widget elementor-widget-vt-ceremony_section_title\" data-id=\"63985ee\" data-element_type=\"widget\" data-widget_type=\"vt-ceremony_section_title.default\">\n\t\t\t\t<div class=\"elementor-widget-container\">\n\t\t\t<div class=\"section-title-wrap  crmny-sectTitleElementor \"><h2 class=\"section-title\">Chi mi contatta?<\/h2><p>Di solito \u00e8 la famiglia del defunto a contattarmi e a chiedermi di celebrare il funerale.  Qualche volta \u00e8 l\u2019impresa funebre a cercarmi per aiutare in questo ruolo delicato. <\/p><\/div>\t\t<\/div>\n\t\t\t\t<\/div>\n\t\t\t\t<div class=\"elementor-element elementor-element-8ef2404 elementor-widget elementor-widget-vt-ceremony_section_title\" data-id=\"8ef2404\" data-element_type=\"widget\" data-widget_type=\"vt-ceremony_section_title.default\">\n\t\t\t\t<div class=\"elementor-widget-container\">\n\t\t\t<div class=\"section-title-wrap  crmny-sectTitleElementor \"><div class=\"crmny-btn-wrap\"><a href=\"https:\/\/wa.me\/+393281227901\" target=\"_blank\" rel=\"nofollow\" class=\"crmny-btn\">Contattami<\/a><\/div><\/div>\t\t<\/div>\n\t\t\t\t<\/div>\n\t\t\t\t<div class=\"elementor-element elementor-element-a1586aa elementor-widget elementor-widget-vt-ceremony_marriage_day\" data-id=\"a1586aa\" data-element_type=\"widget\" data-widget_type=\"vt-ceremony_marriage_day.default\">\n\t\t\t\t<div class=\"elementor-widget-container\">\n\t\t\t<div class=\"crmny-big-day\"><div class=\"container\">\r\n    <div class=\"marriage-day\">\r\n      <div class=\"marriage-day-title\">\r\n        <div class=\"row\"><\/div>\r\n      <\/div><div class=\"day-item\">\r\n        <div class=\"row\">\r\n          <div class=\"col-lg-6 col-md-6  textright\">\r\n            <div class=\"day-function\">\r\n              <h4 class=\"function-title\">Il primo incontro<\/h4>\r\n              \r\n            <\/div>\r\n          <\/div>\r\n          <div class=\"col-lg-6 col-md-6 \">\r\n            <div class=\"day-info\">\r\n              <div class=\"crmny-icon\"><img decoding=\"async\" src=\"https:\/\/lianamoca.it\/wp-content\/uploads\/2021\/11\/stretta-di-mano.png\" width=\"70\" alt=\"Il primo incontro\"><\/div><p>In Italia il tempo tra il decesso e il funerale \u00e8 di solito brevissimo. Questo rende il mio lavoro molto difficile, perch\u00e9 ho bisogno di incontrare la famiglia e gli amici per poter conoscere il defunto.<\/p>\r\n            <\/div>\r\n          <\/div>\r\n        <\/div>\r\n      <\/div><div class=\"day-item\">\r\n        <div class=\"row\">\r\n          <div class=\"col-lg-6 col-md-6  order-md-2\">\r\n            <div class=\"day-function\">\r\n              <h4 class=\"function-title\">La scelta del luogo<\/h4>\r\n              \r\n            <\/div>\r\n          <\/div>\r\n          <div class=\"col-lg-6 col-md-6  textright order-md-1\">\r\n            <div class=\"day-info\">\r\n              <div class=\"crmny-icon\"><img decoding=\"async\" src=\"https:\/\/lianamoca.it\/wp-content\/uploads\/2021\/12\/giardino.png\" width=\"70\" alt=\"La scelta del luogo\"><\/div><p>Un funerale laico pu\u00f2 svolgersi in qualsiasi luogo  all\u2019interno o all\u2019esterno. Per\u00f2 \u00e8 importante che il luogo sia dignitoso e sia confortevole con i partecipanti.<\/p>\r\n            <\/div>\r\n          <\/div>\r\n        <\/div>\r\n      <\/div><div class=\"day-item\">\r\n        <div class=\"row\">\r\n          <div class=\"col-lg-6 col-md-6  textright\">\r\n            <div class=\"day-function\">\r\n              <h4 class=\"function-title\">Chi avr\u00e0 un ruolo?<\/h4>\r\n              \r\n            <\/div>\r\n          <\/div>\r\n          <div class=\"col-lg-6 col-md-6 \">\r\n            <div class=\"day-info\">\r\n              <div class=\"crmny-icon\"><img decoding=\"async\" src=\"https:\/\/lianamoca.it\/wp-content\/uploads\/2021\/11\/persone.png\" width=\"70\" alt=\"Chi avr\u00e0 un ruolo?\"><\/div><p>Oltre al celebrante possono parlare anche altre persone: la lettura di una poesia o il racconto di qualche aneddoto in ricordo del defunto possono rendere la cerimonia pi\u00f9 intima.<\/p>\r\n            <\/div>\r\n          <\/div>\r\n        <\/div>\r\n      <\/div><div class=\"day-item\">\r\n        <div class=\"row\">\r\n          <div class=\"col-lg-6 col-md-6  order-md-2\">\r\n            <div class=\"day-function\">\r\n              <h4 class=\"function-title\">La stesura<\/h4>\r\n              \r\n            <\/div>\r\n          <\/div>\r\n          <div class=\"col-lg-6 col-md-6  textright order-md-1\">\r\n            <div class=\"day-info\">\r\n              <div class=\"crmny-icon\"><img decoding=\"async\" src=\"https:\/\/lianamoca.it\/wp-content\/uploads\/2021\/11\/documents.png\" width=\"70\" alt=\"La stesura\"><\/div><p>Quando avr\u00f2 tutte le indicazioni, potr\u00f2 scrivere un testo originale ed unico. Ogni parola sar\u00e0 concordata con voi, niente sar\u00e0 lasciato al caso. Il testo dovr\u00e0 essere rispettoso del defunto e dei presenti.<\/p>\r\n            <\/div>\r\n          <\/div>\r\n        <\/div>\r\n      <\/div><div class=\"day-item\">\r\n        <div class=\"row\">\r\n          <div class=\"col-lg-6 col-md-6  textright\">\r\n            <div class=\"day-function\">\r\n              <h4 class=\"function-title\">Il momento della cerimonia<\/h4>\r\n              \r\n            <\/div>\r\n          <\/div>\r\n          <div class=\"col-lg-6 col-md-6 \">\r\n            <div class=\"day-info\">\r\n              <div class=\"crmny-icon\"><img decoding=\"async\" src=\"https:\/\/lianamoca.it\/wp-content\/uploads\/2021\/11\/cuori.png\" width=\"70\" alt=\"Il momento della cerimonia\"><\/div><p>Come celebrante far\u00f2 in modo che la cerimonia sia di tutti i presenti e sia un momento corale per salutare dignitosamente il defunto.<\/p>\r\n            <\/div>\r\n          <\/div>\r\n        <\/div>\r\n      <\/div><\/div><\/div><\/div>\t\t<\/div>\n\t\t\t\t<\/div>\n\t\t\t\t<div class=\"elementor-element elementor-element-d0a4929 elementor-widget elementor-widget-vt-ceremony_section_title\" data-id=\"d0a4929\" data-element_type=\"widget\" data-widget_type=\"vt-ceremony_section_title.default\">\n\t\t\t\t<div class=\"elementor-widget-container\">\n\t\t\t<div class=\"section-title-wrap  crmny-sectTitleElementor \"><div class=\"crmny-btn-wrap\"><a href=\"https:\/\/lianamoca.it\/index.php\/2021\/12\/30\/rito-funebre\/\" target=\"_blank\" rel=\"nofollow\" class=\"crmny-btn\">Maggiori informazioni<\/a><\/div><\/div>\t\t<\/div>\n\t\t\t\t<\/div>\n\t\t\t\t\t<\/div>\n\t\t<\/div>\n\t\t\t\t\t<\/div>\n\t\t<\/section>\n\t\t\t\t<\/div>\n\t\t","protected":false},"excerpt":{"rendered":"Riti funebri Salutare una persona che se ne va \u00e8 sempre difficile. E se questa persona aveva espresso il desiderio di avere un funerale laico \u00e8 tutto pi\u00f9 complicato. Ma \u00e8 giusto rispettare la volont\u00e0 di qualcuno che voleva essere salutato in questa maniera e come celebrante vi aiuter\u00f2 a rispettare questa volont\u00e0. Per il&#8230;","protected":false},"author":1,"featured_media":0,"parent":0,"menu_order":0,"comment_status":"closed","ping_status":"closed","template":"","meta":{"om_disable_all_campaigns":false,"_monsterinsights_skip_tracking":false,"_monsterinsights_sitenote_active":false,"_monsterinsights_sitenote_note":"","_monsterinsights_sitenote_category":0,"h5ap_radio_sources":[],"footnotes":""},"class_list":["post-2089","page","type-page","status-publish","hentry"],"aioseo_notices":[],"_links":{"self":[{"href":"https:\/\/lianamoca.it\/index.php\/wp-json\/wp\/v2\/pages\/2089","targetHints":{"allow":["GET"]}}],"collection":[{"href":"https:\/\/lianamoca.it\/index.php\/wp-json\/wp\/v2\/pages"}],"about":[{"href":"https:\/\/lianamoca.it\/index.php\/wp-json\/wp\/v2\/types\/page"}],"author":[{"embeddable":true,"href":"https:\/\/lianamoca.it\/index.php\/wp-json\/wp\/v2\/users\/1"}],"replies":[{"embeddable":true,"href":"https:\/\/lianamoca.it\/index.php\/wp-json\/wp\/v2\/comments?post=2089"}],"version-history":[{"count":67,"href":"https:\/\/lianamoca.it\/index.php\/wp-json\/wp\/v2\/pages\/2089\/revisions"}],"predecessor-version":[{"id":5402,"href":"https:\/\/lianamoca.it\/index.php\/wp-json\/wp\/v2\/pages\/2089\/revisions\/5402"}],"wp:attachment":[{"href":"https:\/\/lianamoca.it\/index.php\/wp-json\/wp\/v2\/media?parent=2089"}],"curies":[{"name":"wp","href":"https:\/\/api.w.org\/{rel}","templated":true}]}}